{"id":956,"date":"2025-11-18T20:53:20","date_gmt":"2025-11-19T01:53:20","guid":{"rendered":"https:\/\/www.jacmarine.com\/?post_type=product&#038;p=956"},"modified":"2026-03-25T16:53:58","modified_gmt":"2026-03-25T20:53:58","slug":"poignee-en-aluminium-1-4-20-o3-4-x-3-4-pour-pivot-de-trepied-sur-glace","status":"publish","type":"product","link":"https:\/\/www.jacmarine.com\/fr\/produit\/poignee-en-aluminium-1-4-20-o3-4-x-3-4-pour-pivot-de-trepied-sur-glace\/","title":{"rendered":"Poign\u00e9e en aluminium 1\/4-20 (\u00d83\/4&Prime; x 3\/4&Prime;) pour pivot de tr\u00e9pied sur glace"},"content":{"rendered":"","protected":false},"excerpt":{"rendered":"<p>Poign\u00e9e en aluminium, filetage m\u00e2le 1\/4-20 \u00d7 3\/4&Prime; (t\u00eate \u00d83\/4&Prime;)<\/p>\n<ul>\n<li><strong>R\u00e9f\u00e9rence<\/strong> <strong>:<\/strong> SA107-110-003<\/li>\n<li><strong>Mat\u00e9riaux<\/strong> <strong>:<\/strong> Aluminium 6061 anodis\u00e9 noir, quincaillerie en acier inoxydable<\/li>\n<li><strong>Utilisation :<\/strong> Cette poign\u00e9e en aluminium permet d&rsquo;appliquer une pression sur le pivot du tr\u00e9pied pour glace, assurant ainsi son maintien en position et augmentant l\u00e9g\u00e8rement sa r\u00e9sistance.<\/li>\n<li><strong>Compatibilit\u00e9: <\/strong>PG100-001-000 (TREPIED POUR P\u00caCHE SUR GLACE)<\/li>\n<li><strong>Quantit\u00e9 par emballage :<\/strong> 1<\/li>\n<\/ul>\n","protected":false},"featured_media":954,"comment_status":"open","ping_status":"closed","template":"","meta":{"_seopress_robots_primary_cat":"none","_seopress_titles_title":"Poign\u00e9e en aluminium 1\/4-20 (\u00d83\/4\" x 3\/4\") pour pivot de tr\u00e9pied sur glace","_seopress_titles_desc":"Con\u00e7ue pour maintenir solidement les composantes du montage et permettre un ajustement rapide et pr\u00e9cis lorsque n\u00e9cessaire.","_seopress_robots_index":""},"product_brand":[38],"product_cat":[35],"product_tag":[],"class_list":{"0":"post-956","1":"product","2":"type-product","3":"status-publish","4":"has-post-thumbnail","6":"product_brand-jac-marine","7":"product_cat-pieces","9":"first","10":"instock","11":"taxable","12":"shipping-taxable","13":"purchasable","14":"product-type-simple"},"_links":{"self":[{"href":"https:\/\/www.jacmarine.com\/fr\/wp-json\/wp\/v2\/product\/956","targetHints":{"allow":["GET"]}}],"collection":[{"href":"https:\/\/www.jacmarine.com\/fr\/wp-json\/wp\/v2\/product"}],"about":[{"href":"https:\/\/www.jacmarine.com\/fr\/wp-json\/wp\/v2\/types\/product"}],"replies":[{"embeddable":true,"href":"https:\/\/www.jacmarine.com\/fr\/wp-json\/wp\/v2\/comments?post=956"}],"wp:featuredmedia":[{"embeddable":true,"href":"https:\/\/www.jacmarine.com\/fr\/wp-json\/wp\/v2\/media\/954"}],"wp:attachment":[{"href":"https:\/\/www.jacmarine.com\/fr\/wp-json\/wp\/v2\/media?parent=956"}],"wp:term":[{"taxonomy":"product_brand","embeddable":true,"href":"https:\/\/www.jacmarine.com\/fr\/wp-json\/wp\/v2\/product_brand?post=956"},{"taxonomy":"product_cat","embeddable":true,"href":"https:\/\/www.jacmarine.com\/fr\/wp-json\/wp\/v2\/product_cat?post=956"},{"taxonomy":"product_tag","embeddable":true,"href":"https:\/\/www.jacmarine.com\/fr\/wp-json\/wp\/v2\/product_tag?post=956"}],"curies":[{"name":"wp","href":"https:\/\/api.w.org\/{rel}","templated":true}]}}