{"id":950,"date":"2025-11-18T14:50:41","date_gmt":"2025-11-18T19:50:41","guid":{"rendered":"https:\/\/www.jacmarine.com\/?post_type=product&#038;p=950"},"modified":"2026-03-25T16:53:58","modified_gmt":"2026-03-25T20:53:58","slug":"goupille-a-declenchement-0-250%e2%80%b3-x-1-375%e2%80%b3","status":"publish","type":"product","link":"https:\/\/www.jacmarine.com\/fr\/produit\/goupille-a-declenchement-0-250%e2%80%b3-x-1-375%e2%80%b3\/","title":{"rendered":"Goupille \u00e0 d\u00e9clenchement 0.250\u2033 \u00d7 1.375\u2033"},"content":{"rendered":"","protected":false},"excerpt":{"rendered":"<p>Goupille \u00e0 d\u00e9clenchement rapide robuste en acier zingu\u00e9, utilis\u00e9e pour fixer efficacement les rallonges et la poign\u00e9e dans les montages JAC Marine. Elle permet un verrouillage solide et un d\u00e9verrouillage instantan\u00e9 afin de faciliter les ajustements sur l\u2019eau.<\/p>\n<ul>\n<li><strong>R\u00e9f\u00e9rence<\/strong> <strong>:<\/strong> GOU0250-137 NICL<\/li>\n<li><strong>Mat\u00e9riaux<\/strong> <strong>:<\/strong> acier zingu\u00e9<\/li>\n<li><strong>Utilisation :<\/strong> Con\u00e7ue pour assurer un verrouillage et un d\u00e9verrouillage rapide des rallonges et de la poign\u00e9e, facilitant les ajustements fr\u00e9quents et les changements de configuration.<\/li>\n<li><strong>Compatibilit\u00e9: <\/strong>Convient \u00e0 toutes les rallonges, poign\u00e9es et composantes utilisant une goupille de 0,250\u2033 pour le verrouillage rapide.<\/li>\n<li><strong>Quantit\u00e9 par emballage :<\/strong> 1<\/li>\n<\/ul>\n","protected":false},"featured_media":1016,"comment_status":"open","ping_status":"closed","template":"","meta":{"_seopress_robots_primary_cat":"none","_seopress_titles_title":"Poign\u00e9e aluminium M 1\/4-20 (\u00d81 5\/16\" x 1 5\/16\")","_seopress_titles_desc":"Con\u00e7ue pour assurer un verrouillage et un d\u00e9verrouillage rapide des rallonges et de la poign\u00e9e, facilitant les ajustements fr\u00e9quents et les changements de configuration.","_seopress_robots_index":""},"product_brand":[38],"product_cat":[35],"product_tag":[],"class_list":{"0":"post-950","1":"product","2":"type-product","3":"status-publish","4":"has-post-thumbnail","6":"product_brand-jac-marine","7":"product_cat-pieces","9":"first","10":"instock","11":"taxable","12":"shipping-taxable","13":"purchasable","14":"product-type-simple"},"_links":{"self":[{"href":"https:\/\/www.jacmarine.com\/fr\/wp-json\/wp\/v2\/product\/950","targetHints":{"allow":["GET"]}}],"collection":[{"href":"https:\/\/www.jacmarine.com\/fr\/wp-json\/wp\/v2\/product"}],"about":[{"href":"https:\/\/www.jacmarine.com\/fr\/wp-json\/wp\/v2\/types\/product"}],"replies":[{"embeddable":true,"href":"https:\/\/www.jacmarine.com\/fr\/wp-json\/wp\/v2\/comments?post=950"}],"wp:featuredmedia":[{"embeddable":true,"href":"https:\/\/www.jacmarine.com\/fr\/wp-json\/wp\/v2\/media\/1016"}],"wp:attachment":[{"href":"https:\/\/www.jacmarine.com\/fr\/wp-json\/wp\/v2\/media?parent=950"}],"wp:term":[{"taxonomy":"product_brand","embeddable":true,"href":"https:\/\/www.jacmarine.com\/fr\/wp-json\/wp\/v2\/product_brand?post=950"},{"taxonomy":"product_cat","embeddable":true,"href":"https:\/\/www.jacmarine.com\/fr\/wp-json\/wp\/v2\/product_cat?post=950"},{"taxonomy":"product_tag","embeddable":true,"href":"https:\/\/www.jacmarine.com\/fr\/wp-json\/wp\/v2\/product_tag?post=950"}],"curies":[{"name":"wp","href":"https:\/\/api.w.org\/{rel}","templated":true}]}}