{"id":938,"date":"2025-11-16T17:23:24","date_gmt":"2025-11-16T22:23:24","guid":{"rendered":"https:\/\/www.jacmarine.com\/?post_type=product&#038;p=938"},"modified":"2026-03-25T16:53:58","modified_gmt":"2026-03-25T20:53:58","slug":"poignee-aluminium-m-1-4-20-o1-5-16-x-1-5-16","status":"publish","type":"product","link":"https:\/\/www.jacmarine.com\/fr\/produit\/poignee-aluminium-m-1-4-20-o1-5-16-x-1-5-16\/","title":{"rendered":"Poign\u00e9e aluminium M 1\/4-20 (\u00d81 5\/16&Prime; x 1 5\/16&Prime;)"},"content":{"rendered":"","protected":false},"excerpt":{"rendered":"<p>Poign\u00e9e en aluminium, filetage m\u00e2le 1\/4-20 \u00d7 1 5\/16&Prime; (t\u00eate \u00d81 5\/16&Prime;)<\/p>\n<ul>\n<li><strong>R\u00e9f\u00e9rence<\/strong> <strong>:<\/strong> SA107-100-000<\/li>\n<li><strong>Mat\u00e9riaux<\/strong> <strong>:<\/strong> Aluminium 6061 anodis\u00e9 noir, quincaillerie en acier inoxydable<\/li>\n<li><strong>Utilisation :<\/strong> Con\u00e7ue pour maintenir solidement les composantes du montage et permettre un ajustement rapide et pr\u00e9cis lorsque n\u00e9cessaire.<\/li>\n<li><strong>Compatibilit\u00e9:<\/strong><\/li>\n<li><strong>Quantit\u00e9 par emballage :<\/strong> 1<\/li>\n<\/ul>\n","protected":false},"featured_media":939,"comment_status":"open","ping_status":"closed","template":"","meta":{"_seopress_robots_primary_cat":"none","_seopress_titles_title":"Poign\u00e9e aluminium M 1\/4-20 (\u00d81 5\/16\" x 1 5\/16\")","_seopress_titles_desc":"Con\u00e7ue pour maintenir solidement les composantes du montage et permettre un ajustement rapide et pr\u00e9cis lorsque n\u00e9cessaire.","_seopress_robots_index":""},"product_brand":[38],"product_cat":[35],"product_tag":[],"class_list":{"0":"post-938","1":"product","2":"type-product","3":"status-publish","4":"has-post-thumbnail","6":"product_brand-jac-marine","7":"product_cat-pieces","9":"first","10":"instock","11":"taxable","12":"shipping-taxable","13":"purchasable","14":"product-type-simple"},"_links":{"self":[{"href":"https:\/\/www.jacmarine.com\/fr\/wp-json\/wp\/v2\/product\/938","targetHints":{"allow":["GET"]}}],"collection":[{"href":"https:\/\/www.jacmarine.com\/fr\/wp-json\/wp\/v2\/product"}],"about":[{"href":"https:\/\/www.jacmarine.com\/fr\/wp-json\/wp\/v2\/types\/product"}],"replies":[{"embeddable":true,"href":"https:\/\/www.jacmarine.com\/fr\/wp-json\/wp\/v2\/comments?post=938"}],"wp:featuredmedia":[{"embeddable":true,"href":"https:\/\/www.jacmarine.com\/fr\/wp-json\/wp\/v2\/media\/939"}],"wp:attachment":[{"href":"https:\/\/www.jacmarine.com\/fr\/wp-json\/wp\/v2\/media?parent=938"}],"wp:term":[{"taxonomy":"product_brand","embeddable":true,"href":"https:\/\/www.jacmarine.com\/fr\/wp-json\/wp\/v2\/product_brand?post=938"},{"taxonomy":"product_cat","embeddable":true,"href":"https:\/\/www.jacmarine.com\/fr\/wp-json\/wp\/v2\/product_cat?post=938"},{"taxonomy":"product_tag","embeddable":true,"href":"https:\/\/www.jacmarine.com\/fr\/wp-json\/wp\/v2\/product_tag?post=938"}],"curies":[{"name":"wp","href":"https:\/\/api.w.org\/{rel}","templated":true}]}}