{"id":926,"date":"2025-11-16T11:11:42","date_gmt":"2025-11-16T16:11:42","guid":{"rendered":"https:\/\/www.jacmarine.com\/?post_type=product&#038;p=926"},"modified":"2026-03-25T16:53:58","modified_gmt":"2026-03-25T20:53:58","slug":"poignee-aluminium-f-1-4-20-o1-x-9-16","status":"publish","type":"product","link":"https:\/\/www.jacmarine.com\/fr\/produit\/poignee-aluminium-f-1-4-20-o1-x-9-16\/","title":{"rendered":"Poign\u00e9e aluminium F 1\/4-20 (\u00d81&Prime; x 9\/16&Prime;)"},"content":{"rendered":"","protected":false},"excerpt":{"rendered":"<p>Poign\u00e9e aluminium, Filetage int\u00e9rieur (Female) 1\/4-20 (\u00d81&Prime; x 9\/16&Prime;)<\/p>\n<ul>\n<li><strong>R\u00e9f\u00e9rence<\/strong> : P107-111-000<\/li>\n<li><strong>Mat\u00e9riaux<\/strong> : Aluminium 6061 anodis\u00e9 noir<\/li>\n<li><strong>Utilisation<\/strong> : Con\u00e7ue pour maintenir solidement les composantes du montage et permettre un ajustement rapide et pr\u00e9cis lorsque n\u00e9cessaire.<\/li>\n<li><strong>Compatibilit\u00e9:<\/strong> AP100-108-000 (Poign\u00e9e Deluxe)<\/li>\n<li><strong>Quantit\u00e9 par emballage :<\/strong> 1 pi\u00e8ce<\/li>\n<\/ul>\n","protected":false},"featured_media":942,"comment_status":"open","ping_status":"closed","template":"","meta":{"_seopress_robots_primary_cat":"none","_seopress_titles_title":"Poign\u00e9e aluminium F 1\/4-20 (\u00d81\" x 9\/16\")","_seopress_titles_desc":"Con\u00e7ue pour maintenir solidement les composantes du montage et permettre un ajustement rapide et pr\u00e9cis lorsque n\u00e9cessaire.","_seopress_robots_index":""},"product_brand":[38],"product_cat":[35],"product_tag":[],"class_list":{"0":"post-926","1":"product","2":"type-product","3":"status-publish","4":"has-post-thumbnail","6":"product_brand-jac-marine","7":"product_cat-pieces","9":"first","10":"instock","11":"taxable","12":"shipping-taxable","13":"purchasable","14":"product-type-simple"},"_links":{"self":[{"href":"https:\/\/www.jacmarine.com\/fr\/wp-json\/wp\/v2\/product\/926","targetHints":{"allow":["GET"]}}],"collection":[{"href":"https:\/\/www.jacmarine.com\/fr\/wp-json\/wp\/v2\/product"}],"about":[{"href":"https:\/\/www.jacmarine.com\/fr\/wp-json\/wp\/v2\/types\/product"}],"replies":[{"embeddable":true,"href":"https:\/\/www.jacmarine.com\/fr\/wp-json\/wp\/v2\/comments?post=926"}],"wp:featuredmedia":[{"embeddable":true,"href":"https:\/\/www.jacmarine.com\/fr\/wp-json\/wp\/v2\/media\/942"}],"wp:attachment":[{"href":"https:\/\/www.jacmarine.com\/fr\/wp-json\/wp\/v2\/media?parent=926"}],"wp:term":[{"taxonomy":"product_brand","embeddable":true,"href":"https:\/\/www.jacmarine.com\/fr\/wp-json\/wp\/v2\/product_brand?post=926"},{"taxonomy":"product_cat","embeddable":true,"href":"https:\/\/www.jacmarine.com\/fr\/wp-json\/wp\/v2\/product_cat?post=926"},{"taxonomy":"product_tag","embeddable":true,"href":"https:\/\/www.jacmarine.com\/fr\/wp-json\/wp\/v2\/product_tag?post=926"}],"curies":[{"name":"wp","href":"https:\/\/api.w.org\/{rel}","templated":true}]}}