{"id":908,"date":"2025-11-15T14:13:34","date_gmt":"2025-11-15T19:13:34","guid":{"rendered":"https:\/\/www.jacmarine.com\/?post_type=product&#038;p=908"},"modified":"2026-03-25T16:53:58","modified_gmt":"2026-03-25T20:53:58","slug":"montage-ajustable-42-sporttrak-lundbateau-g3-11-a-101","status":"publish","type":"product","link":"https:\/\/www.jacmarine.com\/fr\/produit\/montage-ajustable-42-sporttrak-lundbateau-g3-11-a-101\/","title":{"rendered":"Montage ajustable 42\u00b0 SportTrak Lund+Bateau G3 (-11\u00b0 \u00e0 101\u00b0)"},"content":{"rendered":"<p><img loading=\"lazy\" decoding=\"async\" class=\" wp-image-1199\" src=\"https:\/\/www.jacmarine.com\/wp-content\/uploads\/2026\/02\/capture-decran-2026-03-07-103913-1030x795.png\" alt=\"montage ajustable 45\u00b0 rapide crestliner ranger triton ( 8\u00b0 \u00e0 104\u00b0)\" width=\"748\" height=\"577\" srcset=\"https:\/\/www.jacmarine.com\/wp-content\/uploads\/2026\/02\/capture-decran-2026-03-07-103913-1030x795.png 1030w, https:\/\/www.jacmarine.com\/wp-content\/uploads\/2026\/02\/capture-decran-2026-03-07-103913-300x232.png 300w, https:\/\/www.jacmarine.com\/wp-content\/uploads\/2026\/02\/capture-decran-2026-03-07-103913-768x593.png 768w, https:\/\/www.jacmarine.com\/wp-content\/uploads\/2026\/02\/capture-decran-2026-03-07-103913-16x12.png 16w, https:\/\/www.jacmarine.com\/wp-content\/uploads\/2026\/02\/capture-decran-2026-03-07-103913-705x544.png 705w, https:\/\/www.jacmarine.com\/wp-content\/uploads\/2026\/02\/capture-decran-2026-03-07-103913-450x348.png 450w, https:\/\/www.jacmarine.com\/wp-content\/uploads\/2026\/02\/capture-decran-2026-03-07-103913-600x463.png 600w, https:\/\/www.jacmarine.com\/wp-content\/uploads\/2026\/02\/capture-decran-2026-03-07-103913.png 1054w\" sizes=\"auto, (max-width: 748px) 100vw, 748px\" \/><\/p>\n<p><img loading=\"lazy\" decoding=\"async\" class=\" wp-image-1200\" src=\"https:\/\/www.jacmarine.com\/wp-content\/uploads\/2026\/02\/capture-decran-2026-03-07-104055-1030x794.png\" alt=\"montage ajustable 45\u00b0 rapide crestliner ranger triton ( 8\u00b0 \u00e0 104\u00b0)\" width=\"750\" height=\"578\" srcset=\"https:\/\/www.jacmarine.com\/wp-content\/uploads\/2026\/02\/capture-decran-2026-03-07-104055-1030x794.png 1030w, https:\/\/www.jacmarine.com\/wp-content\/uploads\/2026\/02\/capture-decran-2026-03-07-104055-300x231.png 300w, https:\/\/www.jacmarine.com\/wp-content\/uploads\/2026\/02\/capture-decran-2026-03-07-104055-768x592.png 768w, https:\/\/www.jacmarine.com\/wp-content\/uploads\/2026\/02\/capture-decran-2026-03-07-104055-16x12.png 16w, https:\/\/www.jacmarine.com\/wp-content\/uploads\/2026\/02\/capture-decran-2026-03-07-104055-705x543.png 705w, https:\/\/www.jacmarine.com\/wp-content\/uploads\/2026\/02\/capture-decran-2026-03-07-104055-450x347.png 450w, https:\/\/www.jacmarine.com\/wp-content\/uploads\/2026\/02\/capture-decran-2026-03-07-104055-600x462.png 600w, https:\/\/www.jacmarine.com\/wp-content\/uploads\/2026\/02\/capture-decran-2026-03-07-104055.png 1050w\" sizes=\"auto, (max-width: 750px) 100vw, 750px\" \/><\/p>\n<p><img loading=\"lazy\" decoding=\"async\" class=\" wp-image-1201\" src=\"https:\/\/www.jacmarine.com\/wp-content\/uploads\/2026\/02\/capture-decran-2026-03-07-104204.png\" alt=\"montage ajustable 45\u00b0 rapide crestliner ranger triton ( 8\u00b0 \u00e0 104\u00b0)\" width=\"750\" height=\"579\" srcset=\"https:\/\/www.jacmarine.com\/wp-content\/uploads\/2026\/02\/capture-decran-2026-03-07-104204.png 789w, https:\/\/www.jacmarine.com\/wp-content\/uploads\/2026\/02\/capture-decran-2026-03-07-104204-300x232.png 300w, https:\/\/www.jacmarine.com\/wp-content\/uploads\/2026\/02\/capture-decran-2026-03-07-104204-768x593.png 768w, https:\/\/www.jacmarine.com\/wp-content\/uploads\/2026\/02\/capture-decran-2026-03-07-104204-16x12.png 16w, https:\/\/www.jacmarine.com\/wp-content\/uploads\/2026\/02\/capture-decran-2026-03-07-104204-705x544.png 705w, https:\/\/www.jacmarine.com\/wp-content\/uploads\/2026\/02\/capture-decran-2026-03-07-104204-450x347.png 450w, https:\/\/www.jacmarine.com\/wp-content\/uploads\/2026\/02\/capture-decran-2026-03-07-104204-600x463.png 600w\" sizes=\"auto, (max-width: 750px) 100vw, 750px\" \/><\/p>\n<p><img loading=\"lazy\" decoding=\"async\" class=\" wp-image-1204\" src=\"https:\/\/www.jacmarine.com\/wp-content\/uploads\/2026\/02\/capture-decran-2026-03-07-105102-1030x800.png\" alt=\"montage ajustable 45\u00b0 rapide crestliner ranger triton ( 8\u00b0 \u00e0 104\u00b0)\" width=\"751\" height=\"583\" srcset=\"https:\/\/www.jacmarine.com\/wp-content\/uploads\/2026\/02\/capture-decran-2026-03-07-105102-1030x800.png 1030w, https:\/\/www.jacmarine.com\/wp-content\/uploads\/2026\/02\/capture-decran-2026-03-07-105102-300x233.png 300w, https:\/\/www.jacmarine.com\/wp-content\/uploads\/2026\/02\/capture-decran-2026-03-07-105102-768x596.png 768w, https:\/\/www.jacmarine.com\/wp-content\/uploads\/2026\/02\/capture-decran-2026-03-07-105102-15x12.png 15w, https:\/\/www.jacmarine.com\/wp-content\/uploads\/2026\/02\/capture-decran-2026-03-07-105102-705x548.png 705w, https:\/\/www.jacmarine.com\/wp-content\/uploads\/2026\/02\/capture-decran-2026-03-07-105102-450x349.png 450w, https:\/\/www.jacmarine.com\/wp-content\/uploads\/2026\/02\/capture-decran-2026-03-07-105102-600x466.png 600w, https:\/\/www.jacmarine.com\/wp-content\/uploads\/2026\/02\/capture-decran-2026-03-07-105102.png 1052w\" sizes=\"auto, (max-width: 751px) 100vw, 751px\" \/><\/p>\n<div class='avia-iframe-wrap'><iframe loading=\"lazy\" title=\"Montage ajustable 90 degr\u00e9s pour princetrack de Princecraft  #livescope #garmin www.jacmarine.com\" width=\"563\" height=\"1000\" src=\"https:\/\/www.youtube.com\/embed\/1Xjlx96IGbc?feature=oembed\" frameborder=\"0\" allow=\"accelerometer; autoplay; clipboard-write; encrypted-media; gyroscope; picture-in-picture; web-share\" referrerpolicy=\"strict-origin-when-cross-origin\" allowfullscreen><\/iframe><\/div>\n","protected":false},"excerpt":{"rendered":"<p>Cette fixation permet l\u2019installation s\u00e9curis\u00e9e du support universel JAC Marine sur les chaloupes Lund \u00e9quip\u00e9es d\u2019un rail SportTrak 42\u00b0 et sur les bateaux G3 utilisant un syst\u00e8me de rail de conception similaire.<\/p>\n<ul>\n<li><strong>R\u00e9f\u00e9rence<\/strong> : AS101-142-011<\/li>\n<li><strong>Mat\u00e9riaux<\/strong> : Aluminium 6061 anodis\u00e9 clair, acier inoxydable<\/li>\n<li><strong>Utilisation<\/strong> : Permet de mettre le support Jac Marine de niveau et de le sur\u00e9lever pour \u00e9viter qu\u2019il d\u00e9passe du bateau.<\/li>\n<li><strong>Compatibilit\u00e9:<\/strong> SA101-110-000, AS101-000-000, AS101-000-001 , AS101-000-002<\/li>\n<li><strong><strong>Particularit\u00e9 du syst\u00e8me ajustable: <\/strong><\/strong>Ce composant fait partie de la famille des montages ajustables JAC Marine. Gr\u00e2ce \u00e0 sa base commune, le m\u00eame montage peut s&rsquo;adapter \u00e0 plusieurs types d&#8217;embarcations : il suffit de changer les pi\u00e8ces lat\u00e9rales selon l&rsquo;angle requis (0\u00b0, 42\u00b0, 60\u00b0 ou 90\u00b0) ainsi que les composants qui s&rsquo;ins\u00e8rent dans le rail du bateau.<\/li>\n<li><strong>Le grand avantage ?<\/strong> Pas besoin de tout racheter. Que vous changiez d&#8217;embarcation ou que vous utilisiez diff\u00e9rents bateaux (amis, location, etc.), vous n&rsquo;avez qu&rsquo;\u00e0 remplacer quelques pi\u00e8ces pour que votre montage s&rsquo;adapte parfaitement. Un syst\u00e8me polyvalent, \u00e9volutif et con\u00e7u pour vous suivre partout.<\/li>\n<\/ul>\n","protected":false},"featured_media":972,"comment_status":"open","ping_status":"closed","template":"","meta":{"_seopress_robots_primary_cat":"none","_seopress_titles_title":"Montage ajustable 42\u00b0 SportTrak Lund+Bateau G3 (-11\u00b0 \u00e0 101\u00b0)","_seopress_titles_desc":"Cette fixation permet l\u2019installation du support universel JAC Marine sur les chaloupes Lund avec rail SportTrak 42\u00b0 et les bateaux G3 \u00e0 rail similaire.","_seopress_robots_index":""},"product_brand":[38],"product_cat":[21,36],"product_tag":[],"class_list":{"0":"post-908","1":"product","2":"type-product","3":"status-publish","4":"has-post-thumbnail","6":"product_brand-jac-marine","7":"product_cat-accessoires","8":"product_cat-montage-bateau","10":"first","11":"instock","12":"taxable","13":"shipping-taxable","14":"purchasable","15":"product-type-simple"},"_links":{"self":[{"href":"https:\/\/www.jacmarine.com\/fr\/wp-json\/wp\/v2\/product\/908","targetHints":{"allow":["GET"]}}],"collection":[{"href":"https:\/\/www.jacmarine.com\/fr\/wp-json\/wp\/v2\/product"}],"about":[{"href":"https:\/\/www.jacmarine.com\/fr\/wp-json\/wp\/v2\/types\/product"}],"replies":[{"embeddable":true,"href":"https:\/\/www.jacmarine.com\/fr\/wp-json\/wp\/v2\/comments?post=908"}],"wp:featuredmedia":[{"embeddable":true,"href":"https:\/\/www.jacmarine.com\/fr\/wp-json\/wp\/v2\/media\/972"}],"wp:attachment":[{"href":"https:\/\/www.jacmarine.com\/fr\/wp-json\/wp\/v2\/media?parent=908"}],"wp:term":[{"taxonomy":"product_brand","embeddable":true,"href":"https:\/\/www.jacmarine.com\/fr\/wp-json\/wp\/v2\/product_brand?post=908"},{"taxonomy":"product_cat","embeddable":true,"href":"https:\/\/www.jacmarine.com\/fr\/wp-json\/wp\/v2\/product_cat?post=908"},{"taxonomy":"product_tag","embeddable":true,"href":"https:\/\/www.jacmarine.com\/fr\/wp-json\/wp\/v2\/product_tag?post=908"}],"curies":[{"name":"wp","href":"https:\/\/api.w.org\/{rel}","templated":true}]}}