{"id":874,"date":"2025-10-31T15:41:36","date_gmt":"2025-10-31T19:41:36","guid":{"rendered":"https:\/\/www.jacmarine.com\/?post_type=product&#038;p=874"},"modified":"2026-03-25T16:53:58","modified_gmt":"2026-03-25T20:53:58","slug":"support-a-sonde-32-pouces-pour-peche-sur-glace-garmin-lowrance-humminbird","status":"publish","type":"product","link":"https:\/\/www.jacmarine.com\/fr\/produit\/support-a-sonde-32-pouces-pour-peche-sur-glace-garmin-lowrance-humminbird\/","title":{"rendered":"Support \u00e0 sonde 32 pouces pour p\u00eache sur glace \u2013 GARMIN-LOWRANCE-HUMMINBIRD"},"content":{"rendered":"","protected":false},"excerpt":{"rendered":"<p>Support \u00e0 sonde \u00ab live \u00bb de 30 pouces en aluminium anodis\u00e9 clair, avec tr\u00e9pied en aluminium anodis\u00e9 noir de 16 pouces pour la p\u00eache sur glace. Livr\u00e9 avec une poign\u00e9e standard, pliable et d\u00e9montable, une fixation universelle pour sonde (3,25 pouces de long), ainsi que deux attaches fil pour sonde.<\/p>\n<ul>\n<li><strong>R\u00e9f\u00e9rence<\/strong> : PG100-011-032<\/li>\n<li><strong>Mat\u00e9riaux<\/strong> : Aluminium 6061 et 7075 anodis\u00e9 clair et noir<\/li>\n<li><strong>Dimensions<\/strong> : 3 \u00bd\u00a0\u00bb X 34&Prime;<\/li>\n<li><strong>Utilisation<\/strong> : Pour utiliser la sonde live pour la p\u00eache sur glace<\/li>\n<\/ul>\n","protected":false},"featured_media":383,"comment_status":"open","ping_status":"closed","template":"","meta":{"_seopress_robots_primary_cat":"none","_seopress_titles_title":"Support \u00e0 sonde \u00ab Live \u00bb 44 pouces pour la p\u00eache sur glace","_seopress_titles_desc":"","_seopress_robots_index":""},"product_brand":[38],"product_cat":[20],"product_tag":[],"class_list":{"0":"post-874","1":"product","2":"type-product","3":"status-publish","4":"has-post-thumbnail","6":"product_brand-jac-marine","7":"product_cat-supports","9":"first","10":"instock","11":"taxable","12":"shipping-taxable","13":"purchasable","14":"product-type-simple"},"_links":{"self":[{"href":"https:\/\/www.jacmarine.com\/fr\/wp-json\/wp\/v2\/product\/874","targetHints":{"allow":["GET"]}}],"collection":[{"href":"https:\/\/www.jacmarine.com\/fr\/wp-json\/wp\/v2\/product"}],"about":[{"href":"https:\/\/www.jacmarine.com\/fr\/wp-json\/wp\/v2\/types\/product"}],"replies":[{"embeddable":true,"href":"https:\/\/www.jacmarine.com\/fr\/wp-json\/wp\/v2\/comments?post=874"}],"wp:featuredmedia":[{"embeddable":true,"href":"https:\/\/www.jacmarine.com\/fr\/wp-json\/wp\/v2\/media\/383"}],"wp:attachment":[{"href":"https:\/\/www.jacmarine.com\/fr\/wp-json\/wp\/v2\/media?parent=874"}],"wp:term":[{"taxonomy":"product_brand","embeddable":true,"href":"https:\/\/www.jacmarine.com\/fr\/wp-json\/wp\/v2\/product_brand?post=874"},{"taxonomy":"product_cat","embeddable":true,"href":"https:\/\/www.jacmarine.com\/fr\/wp-json\/wp\/v2\/product_cat?post=874"},{"taxonomy":"product_tag","embeddable":true,"href":"https:\/\/www.jacmarine.com\/fr\/wp-json\/wp\/v2\/product_tag?post=874"}],"curies":[{"name":"wp","href":"https:\/\/api.w.org\/{rel}","templated":true}]}}