{"id":786,"date":"2025-07-19T09:13:43","date_gmt":"2025-07-19T13:13:43","guid":{"rendered":"https:\/\/www.jacmarine.com\/?post_type=product&#038;p=786"},"modified":"2026-03-25T16:53:58","modified_gmt":"2026-03-25T20:53:58","slug":"plaque-principal","status":"publish","type":"product","link":"https:\/\/www.jacmarine.com\/fr\/produit\/plaque-principal\/","title":{"rendered":"PLAQUE PRINCIPAL"},"content":{"rendered":"","protected":false},"excerpt":{"rendered":"<p>Plaque de fixation pour support JacMarine, id\u00e9ale pour un second montage ou pour \u00e9quiper une deuxi\u00e8me embarcation.<\/p>\n<ul>\n<li><strong>R\u00e9f\u00e9rence<\/strong> : SA101-110-000<\/li>\n<li><strong>Mat\u00e9riaux<\/strong> : Aluminium 6061 anodis\u00e9 clair, acier inoxydable<\/li>\n<li><strong>Utilisation<\/strong> : Permet de maintenir le support Jac Marine en place sur l\u2019embarcation.<\/li>\n<li><strong>Compatibilit\u00e9:<\/strong> Support universel (JP100)<\/li>\n<\/ul>\n","protected":false},"featured_media":795,"comment_status":"open","ping_status":"closed","template":"","meta":{"_seopress_robots_primary_cat":"none","_seopress_titles_title":"PLAQUE PRINCIPAL","_seopress_titles_desc":"Plaque de fixation pour support JacMarine, id\u00e9ale pour un second montage ou pour \u00e9quiper une deuxi\u00e8me embarcation.","_seopress_robots_index":""},"product_brand":[38],"product_cat":[35],"product_tag":[],"class_list":{"0":"post-786","1":"product","2":"type-product","3":"status-publish","4":"has-post-thumbnail","6":"product_brand-jac-marine","7":"product_cat-pieces","9":"first","10":"instock","11":"taxable","12":"shipping-taxable","13":"purchasable","14":"product-type-simple"},"_links":{"self":[{"href":"https:\/\/www.jacmarine.com\/fr\/wp-json\/wp\/v2\/product\/786","targetHints":{"allow":["GET"]}}],"collection":[{"href":"https:\/\/www.jacmarine.com\/fr\/wp-json\/wp\/v2\/product"}],"about":[{"href":"https:\/\/www.jacmarine.com\/fr\/wp-json\/wp\/v2\/types\/product"}],"replies":[{"embeddable":true,"href":"https:\/\/www.jacmarine.com\/fr\/wp-json\/wp\/v2\/comments?post=786"}],"wp:featuredmedia":[{"embeddable":true,"href":"https:\/\/www.jacmarine.com\/fr\/wp-json\/wp\/v2\/media\/795"}],"wp:attachment":[{"href":"https:\/\/www.jacmarine.com\/fr\/wp-json\/wp\/v2\/media?parent=786"}],"wp:term":[{"taxonomy":"product_brand","embeddable":true,"href":"https:\/\/www.jacmarine.com\/fr\/wp-json\/wp\/v2\/product_brand?post=786"},{"taxonomy":"product_cat","embeddable":true,"href":"https:\/\/www.jacmarine.com\/fr\/wp-json\/wp\/v2\/product_cat?post=786"},{"taxonomy":"product_tag","embeddable":true,"href":"https:\/\/www.jacmarine.com\/fr\/wp-json\/wp\/v2\/product_tag?post=786"}],"curies":[{"name":"wp","href":"https:\/\/api.w.org\/{rel}","templated":true}]}}