{"id":763,"date":"2025-07-15T20:33:31","date_gmt":"2025-07-16T00:33:31","guid":{"rendered":"https:\/\/www.jacmarine.com\/?post_type=product&#038;p=763"},"modified":"2026-03-25T16:53:58","modified_gmt":"2026-03-25T20:53:58","slug":"montage-ajustable-90-princetrak-princecraft-7-a-105","status":"publish","type":"product","link":"https:\/\/www.jacmarine.com\/fr\/produit\/montage-ajustable-90-princetrak-princecraft-7-a-105\/","title":{"rendered":"Montage ajustable 90\u00b0 PrinceTrak Princecraft (-7\u00b0 \u00e0 105\u00b0)"},"content":{"rendered":"<div class='avia-iframe-wrap'><iframe loading=\"lazy\" title=\"Montage ajustable 90 degr\u00e9s pour princetrack de Princecraft  #livescope #garmin www.jacmarine.com\" width=\"563\" height=\"1000\" src=\"https:\/\/www.youtube.com\/embed\/1Xjlx96IGbc?feature=oembed\" frameborder=\"0\" allow=\"accelerometer; autoplay; clipboard-write; encrypted-media; gyroscope; picture-in-picture; web-share\" referrerpolicy=\"strict-origin-when-cross-origin\" allowfullscreen><\/iframe><\/div>\n","protected":false},"excerpt":{"rendered":"<p>Cette fixation a \u00e9t\u00e9 con\u00e7ue pour permettre l\u2019installation s\u00e9curis\u00e9e du support universel JAC Marine sur les chaloupes Princecraft \u00e9quip\u00e9es du syst\u00e8me de rail PrinceTrak. Elle assure un ajustement parfaitement de niveau, m\u00eame sur les embarcations dont le rail est inclin\u00e9, comme les nouveaux mod\u00e8les Holiday.Pour l\u2019installation, le rail doit comporter une ouverture permettant d\u2019ins\u00e9rer l\u2019\u00e9crou en T avant de le faire glisser \u00e0 l\u2019endroit souhait\u00e9.<\/p>\n<ul>\n<li><strong>R\u00e9f\u00e9rence<\/strong> : AS101-190-010<\/li>\n<li><strong>Mat\u00e9riaux<\/strong> : Aluminium 6061 anodis\u00e9 clair, acier inoxydable<\/li>\n<li><strong>Utilisation<\/strong> : Permet de mettre le support Jac Marine de niveau et de le sur\u00e9lever pour \u00e9viter qu\u2019il d\u00e9passe du bateau.<\/li>\n<li><strong>Compatibilit\u00e9:<\/strong> SA101-110-000, AS101-000-000, AS101-000-001 , AS101-000-002<\/li>\n<li><strong><strong>Particularit\u00e9 du syst\u00e8me ajustable:\u00a0<\/strong><\/strong>Ce composant fait partie de la famille des montages ajustables JAC Marine. Gr\u00e2ce \u00e0 sa base commune, le m\u00eame montage peut s\u2019adapter \u00e0 plusieurs types d\u2019embarcations : il suffit de changer les pi\u00e8ces lat\u00e9rales selon l\u2019angle requis (0\u00b0, 42\u00b0, 60\u00b0 ou 90\u00b0) ainsi que les composants qui s\u2019ins\u00e8rent dans le rail du bateau.<\/li>\n<li><strong>Le grand avantage ?<\/strong>\u00a0Pas besoin de tout racheter. Que vous changiez d\u2019embarcation ou que vous utilisiez diff\u00e9rents bateaux (amis, location, etc.), vous n\u2019avez qu\u2019\u00e0 remplacer quelques pi\u00e8ces pour que votre montage s\u2019adapte parfaitement. Un syst\u00e8me polyvalent, \u00e9volutif et con\u00e7u pour vous suivre partout.<\/li>\n<\/ul>\n","protected":false},"featured_media":772,"comment_status":"open","ping_status":"closed","template":"","meta":{"_seopress_robots_primary_cat":"none","_seopress_titles_title":"Montage ajustable 90\u00b0 PrinceTrak Princecraft (-7\u00b0 \u00e0 105\u00b0)","_seopress_titles_desc":"Fixation PrinceTrak gardant le support JAC Marine parfaitement nivel\u00e9, m\u00eame sur rails inclin\u00e9s. S\u2019installe facilement via l\u2019ouverture du rail.","_seopress_robots_index":""},"product_brand":[38],"product_cat":[21,36],"product_tag":[],"class_list":{"0":"post-763","1":"product","2":"type-product","3":"status-publish","4":"has-post-thumbnail","6":"product_brand-jac-marine","7":"product_cat-accessoires","8":"product_cat-montage-bateau","10":"first","11":"instock","12":"taxable","13":"shipping-taxable","14":"purchasable","15":"product-type-simple"},"_links":{"self":[{"href":"https:\/\/www.jacmarine.com\/fr\/wp-json\/wp\/v2\/product\/763","targetHints":{"allow":["GET"]}}],"collection":[{"href":"https:\/\/www.jacmarine.com\/fr\/wp-json\/wp\/v2\/product"}],"about":[{"href":"https:\/\/www.jacmarine.com\/fr\/wp-json\/wp\/v2\/types\/product"}],"replies":[{"embeddable":true,"href":"https:\/\/www.jacmarine.com\/fr\/wp-json\/wp\/v2\/comments?post=763"}],"wp:featuredmedia":[{"embeddable":true,"href":"https:\/\/www.jacmarine.com\/fr\/wp-json\/wp\/v2\/media\/772"}],"wp:attachment":[{"href":"https:\/\/www.jacmarine.com\/fr\/wp-json\/wp\/v2\/media?parent=763"}],"wp:term":[{"taxonomy":"product_brand","embeddable":true,"href":"https:\/\/www.jacmarine.com\/fr\/wp-json\/wp\/v2\/product_brand?post=763"},{"taxonomy":"product_cat","embeddable":true,"href":"https:\/\/www.jacmarine.com\/fr\/wp-json\/wp\/v2\/product_cat?post=763"},{"taxonomy":"product_tag","embeddable":true,"href":"https:\/\/www.jacmarine.com\/fr\/wp-json\/wp\/v2\/product_tag?post=763"}],"curies":[{"name":"wp","href":"https:\/\/api.w.org\/{rel}","templated":true}]}}