{"id":738,"date":"2025-07-08T21:43:05","date_gmt":"2025-07-09T01:43:05","guid":{"rendered":"https:\/\/www.jacmarine.com\/?post_type=product&#038;p=738"},"modified":"2026-03-25T16:53:58","modified_gmt":"2026-03-25T20:53:58","slug":"montage-pour-petite-chaloupe","status":"publish","type":"product","link":"https:\/\/www.jacmarine.com\/fr\/produit\/montage-pour-petite-chaloupe\/","title":{"rendered":"Montage pour petite chaloupe"},"content":{"rendered":"","protected":false},"excerpt":{"rendered":"<p><strong data-start=\"79\" data-end=\"125\">Fixation pour support universel Jac Marine<\/strong><br data-start=\"125\" data-end=\"128\" \/>Cette fixation permet d\u2019installer solidement le support universel Jac Marine sur les chaloupes d\u00e9pourvues de rail. Elle est con\u00e7ue pour s\u2019adapter aux rebords de chaloupe d\u2019environ 2 pouces de large et 1 pouce de haut. Une fois en place, la fixation peut \u00eatre ajust\u00e9e afin de mettre le support parfaitement de niveau. Elle peut \u00e9galement servir de base pour l\u2019installation de rails de type Cannon ou Traxtech.<\/p>\n<ul>\n<li><strong>R\u00e9f\u00e9rence<\/strong> : AS101-141-000<\/li>\n<li><strong>Mat\u00e9riaux<\/strong> : Aluminium 6061 anodis\u00e9 clair, acier inoxydable<\/li>\n<li><strong>Utilisation<\/strong> : Pour fixer la plaque principal sur une petite chaloupe avec rebord<\/li>\n<li><strong>Compatibilit\u00e9:<\/strong> Chaloupes des marques Princecraft (mod\u00e8les Holiday, Hudson \u2013 anciens mod\u00e8les sans PrinceTrack \u2013, Yukon&#8230;), Lund, ainsi que d&rsquo;autres marques avec rebords similaires.<\/li>\n<li>\n<p data-start=\"1233\" data-end=\"1258\"><strong data-start=\"1239\" data-end=\"1258\">Note importante:<\/strong> Selon la conception de votre embarcation (rebord plat ou particularit\u00e9s structurelles), l\u2019utilisation de la pi\u00e8ce\u00a0 <a href=\"https:\/\/www.jacmarine.com\/produit\/ensemble-pour-rebord-plat-montage-pour-petite-chaloupe\/\" target=\"_blank\" rel=\"noopener\">AS101-141-001<\/a>\u2013 Ensemble pour rebord plat \u2013 Montage pour petite chaloupe peut \u00eatre requise pour assurer une installation parfaitement stable et s\u00e9curis\u00e9e.<\/p>\n<\/li>\n<\/ul>\n","protected":false},"featured_media":764,"comment_status":"open","ping_status":"closed","template":"","meta":{"_seopress_robots_primary_cat":"none","_seopress_titles_title":"Montage pour petite chaloupe","_seopress_titles_desc":"Fixation pour support Jac Marine, con\u00e7ue pour chaloupes sans rail avec rebords d\u2019environ 2\" de large par 1\" de haut. Installation solide et s\u00e9curis\u00e9e.","_seopress_robots_index":""},"product_brand":[38],"product_cat":[21,36],"product_tag":[],"class_list":{"0":"post-738","1":"product","2":"type-product","3":"status-publish","4":"has-post-thumbnail","6":"product_brand-jac-marine","7":"product_cat-accessoires","8":"product_cat-montage-bateau","10":"first","11":"instock","12":"taxable","13":"shipping-taxable","14":"purchasable","15":"product-type-simple"},"_links":{"self":[{"href":"https:\/\/www.jacmarine.com\/fr\/wp-json\/wp\/v2\/product\/738","targetHints":{"allow":["GET"]}}],"collection":[{"href":"https:\/\/www.jacmarine.com\/fr\/wp-json\/wp\/v2\/product"}],"about":[{"href":"https:\/\/www.jacmarine.com\/fr\/wp-json\/wp\/v2\/types\/product"}],"replies":[{"embeddable":true,"href":"https:\/\/www.jacmarine.com\/fr\/wp-json\/wp\/v2\/comments?post=738"}],"wp:featuredmedia":[{"embeddable":true,"href":"https:\/\/www.jacmarine.com\/fr\/wp-json\/wp\/v2\/media\/764"}],"wp:attachment":[{"href":"https:\/\/www.jacmarine.com\/fr\/wp-json\/wp\/v2\/media?parent=738"}],"wp:term":[{"taxonomy":"product_brand","embeddable":true,"href":"https:\/\/www.jacmarine.com\/fr\/wp-json\/wp\/v2\/product_brand?post=738"},{"taxonomy":"product_cat","embeddable":true,"href":"https:\/\/www.jacmarine.com\/fr\/wp-json\/wp\/v2\/product_cat?post=738"},{"taxonomy":"product_tag","embeddable":true,"href":"https:\/\/www.jacmarine.com\/fr\/wp-json\/wp\/v2\/product_tag?post=738"}],"curies":[{"name":"wp","href":"https:\/\/api.w.org\/{rel}","templated":true}]}}