{"id":721,"date":"2025-07-06T19:59:41","date_gmt":"2025-07-06T23:59:41","guid":{"rendered":"https:\/\/www.jacmarine.com\/?post_type=product&#038;p=721"},"modified":"2026-03-25T16:53:59","modified_gmt":"2026-03-25T20:53:59","slug":"fixation-pour-sonde-garmin-lvs34-pour-mode-avant-forward-et-bas-down","status":"publish","type":"product","link":"https:\/\/www.jacmarine.com\/fr\/produit\/fixation-pour-sonde-garmin-lvs34-pour-mode-avant-forward-et-bas-down\/","title":{"rendered":"Fixation pour sonde Garmin LVS34 pour mode avant (forward) et bas (down)"},"content":{"rendered":"<div class='avia-iframe-wrap'><iframe loading=\"lazy\" title=\"Fixation pour sonde Garmin LVS34 pour mode forward et down #garmin #livescope #jacmarine\" width=\"563\" height=\"1000\" src=\"https:\/\/www.youtube.com\/embed\/FktJqaT-OpI?feature=oembed\" frameborder=\"0\" allow=\"accelerometer; autoplay; clipboard-write; encrypted-media; gyroscope; picture-in-picture; web-share\" referrerpolicy=\"strict-origin-when-cross-origin\" allowfullscreen><\/iframe><\/div>\n","protected":false},"excerpt":{"rendered":"<p>Cette fixation est sp\u00e9cialement con\u00e7ue pour la sonde Garmin LVS34, permettant une utilisation fluide en mode <strong data-start=\"263\" data-end=\"282\">avant (Forward)<\/strong> et <strong data-start=\"286\" data-end=\"300\">bas (Down)<\/strong>. Gr\u00e2ce \u00e0 son design ing\u00e9nieux, le changement de mode s\u2019effectue simplement en pivotant la sonde \u2014 <strong data-start=\"399\" data-end=\"445\">aucune autre manipulation n\u2019est n\u00e9cessaire<\/strong>.<\/p>\n<p>Id\u00e9ale pour les utilisateurs du <strong data-start=\"480\" data-end=\"502\">support Jac Marine<\/strong>, cette fixation assure une transition rapide et sans effort entre les deux modes, tout en garantissant un maintien solide et stable de la sonde.<\/p>\n<ul>\n<li><strong>R\u00e9f\u00e9rence<\/strong> : AP100-210-034<\/li>\n<li><strong>Mat\u00e9riaux<\/strong> : Aluminium 6061 anodis\u00e9 clair, acier inoxydable et plastique<\/li>\n<li><strong>Utilisation<\/strong> : Pour fixer la sonde LVS34 su support Jac marine<\/li>\n<li><strong>Compatibilit\u00e9: <\/strong>Tous les supports Jac Marine<\/li>\n<\/ul>\n","protected":false},"featured_media":829,"comment_status":"open","ping_status":"closed","template":"","meta":{"_seopress_robots_primary_cat":"none","_seopress_titles_title":"Fixation LVS34 pour mode avant (forward) et bas (down)","_seopress_titles_desc":"Fixation pour la sonde Garmin LVS34, permettant une utilisation fluide en mode avant et bas. Le changement de mode s\u2019effectue simplement en pivotant la sonde.","_seopress_robots_index":""},"product_brand":[38],"product_cat":[21],"product_tag":[],"class_list":{"0":"post-721","1":"product","2":"type-product","3":"status-publish","4":"has-post-thumbnail","6":"product_brand-jac-marine","7":"product_cat-accessoires","9":"first","10":"instock","11":"taxable","12":"shipping-taxable","13":"purchasable","14":"product-type-simple"},"_links":{"self":[{"href":"https:\/\/www.jacmarine.com\/fr\/wp-json\/wp\/v2\/product\/721","targetHints":{"allow":["GET"]}}],"collection":[{"href":"https:\/\/www.jacmarine.com\/fr\/wp-json\/wp\/v2\/product"}],"about":[{"href":"https:\/\/www.jacmarine.com\/fr\/wp-json\/wp\/v2\/types\/product"}],"replies":[{"embeddable":true,"href":"https:\/\/www.jacmarine.com\/fr\/wp-json\/wp\/v2\/comments?post=721"}],"wp:featuredmedia":[{"embeddable":true,"href":"https:\/\/www.jacmarine.com\/fr\/wp-json\/wp\/v2\/media\/829"}],"wp:attachment":[{"href":"https:\/\/www.jacmarine.com\/fr\/wp-json\/wp\/v2\/media?parent=721"}],"wp:term":[{"taxonomy":"product_brand","embeddable":true,"href":"https:\/\/www.jacmarine.com\/fr\/wp-json\/wp\/v2\/product_brand?post=721"},{"taxonomy":"product_cat","embeddable":true,"href":"https:\/\/www.jacmarine.com\/fr\/wp-json\/wp\/v2\/product_cat?post=721"},{"taxonomy":"product_tag","embeddable":true,"href":"https:\/\/www.jacmarine.com\/fr\/wp-json\/wp\/v2\/product_tag?post=721"}],"curies":[{"name":"wp","href":"https:\/\/api.w.org\/{rel}","templated":true}]}}