{"id":717,"date":"2025-07-06T19:07:43","date_gmt":"2025-07-06T23:07:43","guid":{"rendered":"https:\/\/www.jacmarine.com\/?post_type=product&#038;p=717"},"modified":"2026-03-25T16:53:59","modified_gmt":"2026-03-25T20:53:59","slug":"clips-de-rangement-deluxe-90-degres-pour-rail-9mm-11-32-princecraft","status":"publish","type":"product","link":"https:\/\/www.jacmarine.com\/fr\/produit\/clips-de-rangement-deluxe-90-degres-pour-rail-9mm-11-32-princecraft\/","title":{"rendered":"Clips de rangement deluxe 90 degr\u00e9s pour rail 9mm-11\/32&Prime; Princecraft"},"content":{"rendered":"","protected":false},"excerpt":{"rendered":"<p>Clips de rangement deluxe 90 degr\u00e9s pour la \u00ab p\u00f4le \u00bb Jac Marine \u00e0 l\u2019int\u00e9rieur du bateau \u00e0 d\u00e9tachement rapide pour rail de bateau Princecraft. Peut \u00e9galement \u00eatre compatible avec une autre marque si le rail a la m\u00eame largeur (9mm-11\/32).<\/p>\n<ul>\n<li><strong>R\u00e9f\u00e9rence<\/strong> : AP100-090-004<\/li>\n<li><strong>Mat\u00e9riaux<\/strong> : Aluminium 6061 anodis\u00e9 clair et plastique<\/li>\n<li><strong>Utilisation<\/strong> : Rail 90 degr\u00e9s pour bateau Princecraft<\/li>\n<\/ul>\n","protected":false},"featured_media":373,"comment_status":"open","ping_status":"closed","template":"","meta":{"_seopress_robots_primary_cat":"none","_seopress_titles_title":"Clips de rangement deluxe 90\u00b0 pour rail 9mm-11\/32 Princecraft","_seopress_titles_desc":"Clips deluxe 90\u00b0 pour la \u00ab p\u00f4le \u00bb JAC Marine, rangement int\u00e9rieur pratique avec syst\u00e8me \u00e0 d\u00e9tachement rapide pour rail de bateau Princecraft.","_seopress_robots_index":""},"product_brand":[38],"product_cat":[21,33],"product_tag":[],"class_list":{"0":"post-717","1":"product","2":"type-product","3":"status-publish","4":"has-post-thumbnail","6":"product_brand-jac-marine","7":"product_cat-accessoires","8":"product_cat-rangement","10":"first","11":"instock","12":"taxable","13":"shipping-taxable","14":"purchasable","15":"product-type-simple"},"_links":{"self":[{"href":"https:\/\/www.jacmarine.com\/fr\/wp-json\/wp\/v2\/product\/717","targetHints":{"allow":["GET"]}}],"collection":[{"href":"https:\/\/www.jacmarine.com\/fr\/wp-json\/wp\/v2\/product"}],"about":[{"href":"https:\/\/www.jacmarine.com\/fr\/wp-json\/wp\/v2\/types\/product"}],"replies":[{"embeddable":true,"href":"https:\/\/www.jacmarine.com\/fr\/wp-json\/wp\/v2\/comments?post=717"}],"wp:featuredmedia":[{"embeddable":true,"href":"https:\/\/www.jacmarine.com\/fr\/wp-json\/wp\/v2\/media\/373"}],"wp:attachment":[{"href":"https:\/\/www.jacmarine.com\/fr\/wp-json\/wp\/v2\/media?parent=717"}],"wp:term":[{"taxonomy":"product_brand","embeddable":true,"href":"https:\/\/www.jacmarine.com\/fr\/wp-json\/wp\/v2\/product_brand?post=717"},{"taxonomy":"product_cat","embeddable":true,"href":"https:\/\/www.jacmarine.com\/fr\/wp-json\/wp\/v2\/product_cat?post=717"},{"taxonomy":"product_tag","embeddable":true,"href":"https:\/\/www.jacmarine.com\/fr\/wp-json\/wp\/v2\/product_tag?post=717"}],"curies":[{"name":"wp","href":"https:\/\/api.w.org\/{rel}","templated":true}]}}