{"id":647,"date":"2025-05-10T15:09:53","date_gmt":"2025-05-10T19:09:53","guid":{"rendered":"https:\/\/www.jacmarine.com\/?post_type=product&#038;p=647"},"modified":"2026-04-03T07:22:17","modified_gmt":"2026-04-03T11:22:17","slug":"support-universel-pole-pour-sonde-live-de-60-pouces-garmin-lowrance-humminbird","status":"publish","type":"product","link":"https:\/\/www.jacmarine.com\/fr\/produit\/support-universel-pole-pour-sonde-live-de-60-pouces-garmin-lowrance-humminbird\/","title":{"rendered":"Support universel (pole) pour sonde \u00ab Live \u00bb de 60 pouces \u2013 GARMIN-LOWRANCE-HUMMINBIRD"},"content":{"rendered":"","protected":false},"excerpt":{"rendered":"<p style=\"font-weight: 400;\">Support de 60 pouces en aluminium anodis\u00e9 clair avec deux sections de 30 pouces, poign\u00e9e en aluminium anodis\u00e9 noir pliable et facilement d\u00e9montable. La hauteur est ajustable. La plaque principale, les 3 attaches pour le fil et l\u2019embout pour fixer la sonde sont inclus.<\/p>\n<ul>\n<li style=\"font-weight: 400;\"><strong>R\u00e9f\u00e9rence<\/strong> : JP100-001-060<\/li>\n<li style=\"font-weight: 400;\"><strong>Mat\u00e9riau<\/strong> : Aluminium 6061 et 7075 anodis\u00e9 clair et noir<\/li>\n<li style=\"font-weight: 400;\"><strong>Dimensions<\/strong> : 4&Prime; x 6&Prime; x 63&Prime;<\/li>\n<li style=\"font-weight: 400;\"><strong>Utilisation<\/strong> : Pour fixer une sonde \u00ablive\u00bb sur un bateau<\/li>\n<li style=\"font-weight: 400;\"><strong>Compatibilit\u00e9<\/strong> : Tous les types de bateaux et sondes live. Ce produit est compatible avec le tr\u00e9pied pour la p\u00eache sur glace (PG100-001-000).<\/li>\n<li style=\"font-weight: 400;\"><strong>*Important*<\/strong> : Choisissez un montage adapt\u00e9 au type de rail de votre embarcation, ou, pour certains mod\u00e8les, un support de type \u00abdownrigger\u00bb. Si votre embarcation n\u2019est pas \u00e9quip\u00e9e d\u2019un rail d\u2019origine, un syst\u00e8me compatible (ex. Montage pour petite chaloupe,rail type Cannon,) peut \u00eatre n\u00e9cessaire. Pour toute question, contactez-nous.<\/li>\n<\/ul>\n<p><strong><em>Vous n&rsquo;\u00eates pas certain de commander la bonne longueur?<\/em><\/strong><br \/>\n<em><a href=\"https:\/\/www.jacmarine.com\/demande-assistance\/\">Cliquez ici<\/a> pour une demande d&rsquo;assistance en ligne<\/em><\/p>\n<p>&nbsp;<\/p>\n","protected":false},"featured_media":283,"comment_status":"open","ping_status":"closed","template":"","meta":{"_seopress_robots_primary_cat":"none","_seopress_titles_title":"Support universel sonde Live 60\" GARMIN-LOWRANCE-HUMMINBIRD","_seopress_titles_desc":"Support de 60 pouces en aluminium anodis\u00e9 clair avec deux sections de 30 pouces, poign\u00e9e en aluminium anodis\u00e9e noire pliable.","_seopress_robots_index":""},"product_brand":[38],"product_cat":[20],"product_tag":[],"class_list":{"0":"post-647","1":"product","2":"type-product","3":"status-publish","4":"has-post-thumbnail","6":"product_brand-jac-marine","7":"product_cat-supports","9":"first","10":"instock","11":"featured","12":"taxable","13":"shipping-taxable","14":"purchasable","15":"product-type-simple"},"_links":{"self":[{"href":"https:\/\/www.jacmarine.com\/fr\/wp-json\/wp\/v2\/product\/647","targetHints":{"allow":["GET"]}}],"collection":[{"href":"https:\/\/www.jacmarine.com\/fr\/wp-json\/wp\/v2\/product"}],"about":[{"href":"https:\/\/www.jacmarine.com\/fr\/wp-json\/wp\/v2\/types\/product"}],"replies":[{"embeddable":true,"href":"https:\/\/www.jacmarine.com\/fr\/wp-json\/wp\/v2\/comments?post=647"}],"wp:featuredmedia":[{"embeddable":true,"href":"https:\/\/www.jacmarine.com\/fr\/wp-json\/wp\/v2\/media\/283"}],"wp:attachment":[{"href":"https:\/\/www.jacmarine.com\/fr\/wp-json\/wp\/v2\/media?parent=647"}],"wp:term":[{"taxonomy":"product_brand","embeddable":true,"href":"https:\/\/www.jacmarine.com\/fr\/wp-json\/wp\/v2\/product_brand?post=647"},{"taxonomy":"product_cat","embeddable":true,"href":"https:\/\/www.jacmarine.com\/fr\/wp-json\/wp\/v2\/product_cat?post=647"},{"taxonomy":"product_tag","embeddable":true,"href":"https:\/\/www.jacmarine.com\/fr\/wp-json\/wp\/v2\/product_tag?post=647"}],"curies":[{"name":"wp","href":"https:\/\/api.w.org\/{rel}","templated":true}]}}