{"id":642,"date":"2025-05-10T10:26:38","date_gmt":"2025-05-10T14:26:38","guid":{"rendered":"https:\/\/www.jacmarine.com\/?post_type=product&#038;p=642"},"modified":"2026-04-16T05:19:19","modified_gmt":"2026-04-16T09:19:19","slug":"support-universel-pole-pour-sonde-live-de-50-pouces-garmin-lowrance-humminbird","status":"publish","type":"product","link":"https:\/\/www.jacmarine.com\/fr\/produit\/support-universel-pole-pour-sonde-live-de-50-pouces-garmin-lowrance-humminbird\/","title":{"rendered":"Support universel (pole) pour sonde \u00ab Live \u00bb de 50 pouces \u2013 GARMIN-LOWRANCE-HUMMINBIRD"},"content":{"rendered":"","protected":false},"excerpt":{"rendered":"<p>Support de 50 pouces en aluminium anodis\u00e9 clair avec 2 sections, une de 30 pouces et l\u2019autre de 20 pouces, poign\u00e9e en aluminium anodis\u00e9 noir pliable et d\u00e9montable rapidement. La hauteur est ajustable. La plaque principale, les 3 attaches pour le fil et l\u2019embout pour fixer la sonde sont inclus.<\/p>\n<ul>\n<li><strong>R\u00e9f\u00e9rence<\/strong> : JP100-001-050<\/li>\n<li><strong>Mat\u00e9riau<\/strong> : Aluminium 6061 et 7075 anodis\u00e9 clair et noir<\/li>\n<li><strong>Dimensions<\/strong> : 4&Prime; x 6&Prime; x 53&Prime;<\/li>\n<li><strong>Utilisation<\/strong> : Pour fixer une sonde \u00ablive\u00bb sur un bateau<\/li>\n<li><strong>Compatibilit\u00e9<\/strong> : Tous les types de bateaux et sondes live. Ce produit est compatible avec le tr\u00e9pied pour la p\u00eache sur glace (PG100-001-000).<\/li>\n<li><strong>*Important*<\/strong> : Choisissez un montage adapt\u00e9 au type de rail de votre embarcation, ou, pour certains mod\u00e8les, un support de type \u00abdownrigger\u00bb. Si votre embarcation n\u2019est pas \u00e9quip\u00e9e d\u2019un rail d\u2019origine, un syst\u00e8me compatible (ex. Montage pour petite chaloupe,rail type Cannon,) peut \u00eatre n\u00e9cessaire. Pour toute question, contactez-nous.<\/li>\n<\/ul>\n<p><strong><em>Vous n&rsquo;\u00eates pas certain de commander la bonne longueur?<\/em><\/strong><br \/>\n<em><a href=\"https:\/\/www.jacmarine.com\/demande-assistance\/\">Cliquez ici<\/a> pour une demande d&rsquo;assistance en ligne<\/em><\/p>\n<p>&nbsp;<\/p>\n","protected":false},"featured_media":117,"comment_status":"open","ping_status":"closed","template":"","meta":{"_seopress_robots_primary_cat":"none","_seopress_titles_title":"Support universel sonde Live 50\" GARMIN-LOWRANCE-HUMMINBIRD","_seopress_titles_desc":"Support pour sonar 50 pouces en aluminium anodis\u00e9 clair avec deux sections, une de 30 pouces et l\u2019autre de 20 pouces, poign\u00e9e en aluminium","_seopress_robots_index":""},"product_brand":[38],"product_cat":[20],"product_tag":[],"class_list":{"0":"post-642","1":"product","2":"type-product","3":"status-publish","4":"has-post-thumbnail","6":"product_brand-jac-marine","7":"product_cat-supports","9":"first","10":"instock","11":"featured","12":"taxable","13":"shipping-taxable","14":"purchasable","15":"product-type-simple"},"_links":{"self":[{"href":"https:\/\/www.jacmarine.com\/fr\/wp-json\/wp\/v2\/product\/642","targetHints":{"allow":["GET"]}}],"collection":[{"href":"https:\/\/www.jacmarine.com\/fr\/wp-json\/wp\/v2\/product"}],"about":[{"href":"https:\/\/www.jacmarine.com\/fr\/wp-json\/wp\/v2\/types\/product"}],"replies":[{"embeddable":true,"href":"https:\/\/www.jacmarine.com\/fr\/wp-json\/wp\/v2\/comments?post=642"}],"wp:featuredmedia":[{"embeddable":true,"href":"https:\/\/www.jacmarine.com\/fr\/wp-json\/wp\/v2\/media\/117"}],"wp:attachment":[{"href":"https:\/\/www.jacmarine.com\/fr\/wp-json\/wp\/v2\/media?parent=642"}],"wp:term":[{"taxonomy":"product_brand","embeddable":true,"href":"https:\/\/www.jacmarine.com\/fr\/wp-json\/wp\/v2\/product_brand?post=642"},{"taxonomy":"product_cat","embeddable":true,"href":"https:\/\/www.jacmarine.com\/fr\/wp-json\/wp\/v2\/product_cat?post=642"},{"taxonomy":"product_tag","embeddable":true,"href":"https:\/\/www.jacmarine.com\/fr\/wp-json\/wp\/v2\/product_tag?post=642"}],"curies":[{"name":"wp","href":"https:\/\/api.w.org\/{rel}","templated":true}]}}