{"id":367,"date":"2025-02-22T10:01:43","date_gmt":"2025-02-22T15:01:43","guid":{"rendered":"https:\/\/www.jacmarine.com\/?post_type=product&#038;p=367"},"modified":"2026-03-25T16:53:59","modified_gmt":"2026-03-25T20:53:59","slug":"montage-60-pour-rails-smoker-craft-starcraft-et-legend-2025","status":"publish","type":"product","link":"https:\/\/www.jacmarine.com\/fr\/produit\/montage-60-pour-rails-smoker-craft-starcraft-et-legend-2025\/","title":{"rendered":"Montage 60\u00b0 pour rails Smoker Craft, Starcraft et Legend 2025+"},"content":{"rendered":"","protected":false},"excerpt":{"rendered":"<p>Cette fixation s\u2019installe sur la plaque principale ou sur la plaque d\u2019extension, selon la configuration n\u00e9cessaire, et permet l\u2019adaptation aux bateaux Smoker Craft, Starcraft et Legend 2025 et plus r\u00e9cents \u00e9quip\u00e9s d\u2019un rail de type 7 mm \u00e0 60\u00b0 avec ouverture.<br data-start=\"406\" data-end=\"409\" \/>Elle peut \u00e9galement \u00eatre compatible avec d\u2019autres bateaux utilisant un rail similaire, lorsque les dimensions et l\u2019angle du rail correspondent.<\/p>\n<ul>\n<li style=\"list-style-type: none;\">\n<ul>\n<li><strong data-start=\"4019\" data-end=\"4032\">R\u00e9f\u00e9rence<\/strong> : AS101-060-000<\/li>\n<li><strong data-start=\"4051\" data-end=\"4064\">Mat\u00e9riaux<\/strong> :\u00a0\u00a0Plaque : Aluminium 6061 anodis\u00e9 clair, avec plaque protectrice en plastique<\/li>\n<\/ul>\n<\/li>\n<li style=\"list-style-type: none;\">\u00a0 \u00a0 \u00a0 \u00a0 \u00a0 \u00a0 \u00a0 \u00a0 \u00a0 \u00a0 \u00a0 \u00a0 \u00a0 \u00a0 \u00a0 Boulons<strong data-start=\"185\" data-end=\"198\"> :<\/strong> Acier inoxydable\n<ul>\n<li><strong data-start=\"4127\" data-end=\"4144\">Compatibilit\u00e9<\/strong> : SA101-110-000, AS101-000-000, AS101-000-001 , AS101-000-002<\/li>\n<\/ul>\n<\/li>\n<\/ul>\n","protected":false},"featured_media":381,"comment_status":"open","ping_status":"closed","template":"","meta":{"_seopress_robots_primary_cat":"none","_seopress_titles_title":"Montage 60\u00b0 pour rails Smoker Craft, Starcraft et Legend 2025+","_seopress_titles_desc":"Cette fixation s\u2019installe sur la plaque principale ou d\u2019extension et s\u2019adapte aux bateaux Smoker Craft, Starcraft et Legend 2025+ avec rail 7 mm \u00e0 60\u00b0.","_seopress_robots_index":""},"product_brand":[38],"product_cat":[21,36],"product_tag":[],"class_list":{"0":"post-367","1":"product","2":"type-product","3":"status-publish","4":"has-post-thumbnail","6":"product_brand-jac-marine","7":"product_cat-accessoires","8":"product_cat-montage-bateau","10":"first","11":"instock","12":"taxable","13":"shipping-taxable","14":"purchasable","15":"product-type-simple"},"_links":{"self":[{"href":"https:\/\/www.jacmarine.com\/fr\/wp-json\/wp\/v2\/product\/367","targetHints":{"allow":["GET"]}}],"collection":[{"href":"https:\/\/www.jacmarine.com\/fr\/wp-json\/wp\/v2\/product"}],"about":[{"href":"https:\/\/www.jacmarine.com\/fr\/wp-json\/wp\/v2\/types\/product"}],"replies":[{"embeddable":true,"href":"https:\/\/www.jacmarine.com\/fr\/wp-json\/wp\/v2\/comments?post=367"}],"wp:featuredmedia":[{"embeddable":true,"href":"https:\/\/www.jacmarine.com\/fr\/wp-json\/wp\/v2\/media\/381"}],"wp:attachment":[{"href":"https:\/\/www.jacmarine.com\/fr\/wp-json\/wp\/v2\/media?parent=367"}],"wp:term":[{"taxonomy":"product_brand","embeddable":true,"href":"https:\/\/www.jacmarine.com\/fr\/wp-json\/wp\/v2\/product_brand?post=367"},{"taxonomy":"product_cat","embeddable":true,"href":"https:\/\/www.jacmarine.com\/fr\/wp-json\/wp\/v2\/product_cat?post=367"},{"taxonomy":"product_tag","embeddable":true,"href":"https:\/\/www.jacmarine.com\/fr\/wp-json\/wp\/v2\/product_tag?post=367"}],"curies":[{"name":"wp","href":"https:\/\/api.w.org\/{rel}","templated":true}]}}