{"id":363,"date":"2025-02-22T09:54:01","date_gmt":"2025-02-22T14:54:01","guid":{"rendered":"https:\/\/www.jacmarine.com\/?post_type=product&#038;p=363"},"modified":"2026-03-25T16:53:59","modified_gmt":"2026-03-25T20:53:59","slug":"clips-de-rangement-deluxe-45-degres-pour-rail-lundg3","status":"publish","type":"product","link":"https:\/\/www.jacmarine.com\/fr\/produit\/clips-de-rangement-deluxe-45-degres-pour-rail-lundg3\/","title":{"rendered":"Clips de rangement deluxe 45 degr\u00e9s pour rail Lund+G3"},"content":{"rendered":"","protected":false},"excerpt":{"rendered":"<p>Clips de rangement deluxe 45 degr\u00e9s pour la \u00ab p\u00f4le \u00bb Jac Marine \u00e0 l\u2019int\u00e9rieur du bateau \u00e0 d\u00e9tachement rapide pour rail<\/p>\n<ul>\n<li><strong data-start=\"2107\" data-end=\"2120\">R\u00e9f\u00e9rence<\/strong> : AP100-045-001<\/li>\n<li><strong data-start=\"2139\" data-end=\"2152\">Mat\u00e9riaux<\/strong> : Aluminium 6061 anodis\u00e9 clair et plastique<\/li>\n<li><strong data-start=\"2199\" data-end=\"2214\">Utilisation<\/strong> : Maintien le support \u00ab p\u00f4le\u00bb Jac Marine \u00e0 l\u2019int\u00e9rieur du bateau<\/li>\n<li><strong data-start=\"2282\" data-end=\"2299\">Compatibilit\u00e9<\/strong> : Rail 45 degr\u00e9s (EX: Lund-G3)<\/li>\n<\/ul>\n","protected":false},"featured_media":369,"comment_status":"open","ping_status":"closed","template":"","meta":{"_seopress_robots_primary_cat":"none","_seopress_titles_title":"Clips de rangement deluxe 45 degr\u00e9s pour rail Lund+G3","_seopress_titles_desc":"Clips deluxe 45\u00b0 pour la \u00ab p\u00f4le \u00bb JAC Marine, rangement int\u00e9rieur pratique avec syst\u00e8me \u00e0 d\u00e9tachement rapide pour rail de bateau Lund.","_seopress_robots_index":""},"product_brand":[38],"product_cat":[21,33],"product_tag":[],"class_list":{"0":"post-363","1":"product","2":"type-product","3":"status-publish","4":"has-post-thumbnail","6":"product_brand-jac-marine","7":"product_cat-accessoires","8":"product_cat-rangement","10":"first","11":"instock","12":"taxable","13":"shipping-taxable","14":"purchasable","15":"product-type-simple"},"_links":{"self":[{"href":"https:\/\/www.jacmarine.com\/fr\/wp-json\/wp\/v2\/product\/363","targetHints":{"allow":["GET"]}}],"collection":[{"href":"https:\/\/www.jacmarine.com\/fr\/wp-json\/wp\/v2\/product"}],"about":[{"href":"https:\/\/www.jacmarine.com\/fr\/wp-json\/wp\/v2\/types\/product"}],"replies":[{"embeddable":true,"href":"https:\/\/www.jacmarine.com\/fr\/wp-json\/wp\/v2\/comments?post=363"}],"wp:featuredmedia":[{"embeddable":true,"href":"https:\/\/www.jacmarine.com\/fr\/wp-json\/wp\/v2\/media\/369"}],"wp:attachment":[{"href":"https:\/\/www.jacmarine.com\/fr\/wp-json\/wp\/v2\/media?parent=363"}],"wp:term":[{"taxonomy":"product_brand","embeddable":true,"href":"https:\/\/www.jacmarine.com\/fr\/wp-json\/wp\/v2\/product_brand?post=363"},{"taxonomy":"product_cat","embeddable":true,"href":"https:\/\/www.jacmarine.com\/fr\/wp-json\/wp\/v2\/product_cat?post=363"},{"taxonomy":"product_tag","embeddable":true,"href":"https:\/\/www.jacmarine.com\/fr\/wp-json\/wp\/v2\/product_tag?post=363"}],"curies":[{"name":"wp","href":"https:\/\/api.w.org\/{rel}","templated":true}]}}