{"id":361,"date":"2025-02-22T09:50:14","date_gmt":"2025-02-22T14:50:14","guid":{"rendered":"https:\/\/www.jacmarine.com\/?post_type=product&#038;p=361"},"modified":"2026-03-25T16:53:59","modified_gmt":"2026-03-25T20:53:59","slug":"clips-de-rangement-deluxe-60-degres-pour-rail","status":"publish","type":"product","link":"https:\/\/www.jacmarine.com\/fr\/produit\/clips-de-rangement-deluxe-60-degres-pour-rail\/","title":{"rendered":"Clips de rangement deluxe 60 degr\u00e9s pour rail"},"content":{"rendered":"","protected":false},"excerpt":{"rendered":"<p>Clip de rangement deluxe 60\u00b0 pour la \u00ab p\u00f4le \u00bb JAC Marine \u2014 rangement int\u00e9rieur pratique pour rail de bateau Smoker Craft, Legend 2025 et autres mod\u00e8les \u00e9quip\u00e9s de rails \u00e0 60\u00b0.<\/p>\n<ul>\n<li><strong data-start=\"1356\" data-end=\"1369\">R\u00e9f\u00e9rence<\/strong> : AP100-060-001<\/li>\n<li><strong data-start=\"1388\" data-end=\"1401\">Mat\u00e9riaux<\/strong> : Aluminium 6061 anodis\u00e9 clair et plastique<\/li>\n<li><strong data-start=\"1448\" data-end=\"1463\">Utilisation<\/strong> : Maintien le support \u00ab p\u00f4le\u00bb Jac Marine \u00e0 l\u2019int\u00e9rieur du bateau<\/li>\n<li><strong data-start=\"1531\" data-end=\"1548\">Compatibilit\u00e9<\/strong> : Rail 60 degr\u00e9s (EX: Smoker Craft-Legend 2025)<\/li>\n<\/ul>\n","protected":false},"featured_media":371,"comment_status":"open","ping_status":"closed","template":"","meta":{"_seopress_robots_primary_cat":"none","_seopress_titles_title":"Clips de rangement deluxe 60 degr\u00e9s pour rail","_seopress_titles_desc":"Clips deluxe 60\u00b0 pour la \u00ab p\u00f4le \u00bb JAC Marine, rangement int\u00e9rieur pratique pour rail de bateau Smoker Craft, Legend 2025 et autres mod\u00e8les \u00e9quip\u00e9s de rails \u00e0 60\u00b0.","_seopress_robots_index":""},"product_brand":[38],"product_cat":[21,33],"product_tag":[],"class_list":{"0":"post-361","1":"product","2":"type-product","3":"status-publish","4":"has-post-thumbnail","6":"product_brand-jac-marine","7":"product_cat-accessoires","8":"product_cat-rangement","10":"first","11":"instock","12":"taxable","13":"shipping-taxable","14":"purchasable","15":"product-type-simple"},"_links":{"self":[{"href":"https:\/\/www.jacmarine.com\/fr\/wp-json\/wp\/v2\/product\/361","targetHints":{"allow":["GET"]}}],"collection":[{"href":"https:\/\/www.jacmarine.com\/fr\/wp-json\/wp\/v2\/product"}],"about":[{"href":"https:\/\/www.jacmarine.com\/fr\/wp-json\/wp\/v2\/types\/product"}],"replies":[{"embeddable":true,"href":"https:\/\/www.jacmarine.com\/fr\/wp-json\/wp\/v2\/comments?post=361"}],"wp:featuredmedia":[{"embeddable":true,"href":"https:\/\/www.jacmarine.com\/fr\/wp-json\/wp\/v2\/media\/371"}],"wp:attachment":[{"href":"https:\/\/www.jacmarine.com\/fr\/wp-json\/wp\/v2\/media?parent=361"}],"wp:term":[{"taxonomy":"product_brand","embeddable":true,"href":"https:\/\/www.jacmarine.com\/fr\/wp-json\/wp\/v2\/product_brand?post=361"},{"taxonomy":"product_cat","embeddable":true,"href":"https:\/\/www.jacmarine.com\/fr\/wp-json\/wp\/v2\/product_cat?post=361"},{"taxonomy":"product_tag","embeddable":true,"href":"https:\/\/www.jacmarine.com\/fr\/wp-json\/wp\/v2\/product_tag?post=361"}],"curies":[{"name":"wp","href":"https:\/\/api.w.org\/{rel}","templated":true}]}}