{"id":359,"date":"2025-02-22T09:45:42","date_gmt":"2025-02-22T14:45:42","guid":{"rendered":"https:\/\/www.jacmarine.com\/?post_type=product&#038;p=359"},"modified":"2026-03-25T16:53:59","modified_gmt":"2026-03-25T20:53:59","slug":"clips-de-rangement-deluxe-90-pour-rail-8-25mm-21-64-lund","status":"publish","type":"product","link":"https:\/\/www.jacmarine.com\/fr\/produit\/clips-de-rangement-deluxe-90-pour-rail-8-25mm-21-64-lund\/","title":{"rendered":"Clips de rangement deluxe 90\u00b0 pour rail 8.25mm-21\/64&Prime; Lund"},"content":{"rendered":"","protected":false},"excerpt":{"rendered":"<p>Clips de rangement deluxe 90 degr\u00e9s pour la \u00ab p\u00f4le \u00bb Jac Marine \u00e0 l\u2019int\u00e9rieur du bateau \u00e0 d\u00e9tachement rapide pour rail de bateau Lund. Peut \u00e9galement \u00eatre compatible avec une autre marque si le rail a la m\u00eame largeur (8,25 mm \u2013 21\/64&Prime;).<\/p>\n<ul>\n<li><strong>R\u00e9f\u00e9rence<\/strong> : AP100-090-001<\/li>\n<li><strong>Mat\u00e9riaux<\/strong> : Aluminium 6061 anodis\u00e9 clair et plastique<\/li>\n<li><strong>Utilisation<\/strong> : Rail 90 degr\u00e9s pour bateau Lund<\/li>\n<\/ul>\n","protected":false},"featured_media":373,"comment_status":"open","ping_status":"closed","template":"","meta":{"_seopress_robots_primary_cat":"none","_seopress_titles_title":"Clips de rangement deluxe 90\u00b0 pour rail 8.25mm-21\/64\" Lund","_seopress_titles_desc":"Clips de rangement deluxe 90 degr\u00e9s pour la \u00ab p\u00f4le \u00bb Jac Marine \u00e0 l\u2019int\u00e9rieur du bateau \u00e0 d\u00e9tachement rapide pour rail de bateau Lund.","_seopress_robots_index":""},"product_brand":[38],"product_cat":[21,33],"product_tag":[],"class_list":{"0":"post-359","1":"product","2":"type-product","3":"status-publish","4":"has-post-thumbnail","6":"product_brand-jac-marine","7":"product_cat-accessoires","8":"product_cat-rangement","10":"first","11":"instock","12":"taxable","13":"shipping-taxable","14":"purchasable","15":"product-type-simple"},"_links":{"self":[{"href":"https:\/\/www.jacmarine.com\/fr\/wp-json\/wp\/v2\/product\/359","targetHints":{"allow":["GET"]}}],"collection":[{"href":"https:\/\/www.jacmarine.com\/fr\/wp-json\/wp\/v2\/product"}],"about":[{"href":"https:\/\/www.jacmarine.com\/fr\/wp-json\/wp\/v2\/types\/product"}],"replies":[{"embeddable":true,"href":"https:\/\/www.jacmarine.com\/fr\/wp-json\/wp\/v2\/comments?post=359"}],"wp:featuredmedia":[{"embeddable":true,"href":"https:\/\/www.jacmarine.com\/fr\/wp-json\/wp\/v2\/media\/373"}],"wp:attachment":[{"href":"https:\/\/www.jacmarine.com\/fr\/wp-json\/wp\/v2\/media?parent=359"}],"wp:term":[{"taxonomy":"product_brand","embeddable":true,"href":"https:\/\/www.jacmarine.com\/fr\/wp-json\/wp\/v2\/product_brand?post=359"},{"taxonomy":"product_cat","embeddable":true,"href":"https:\/\/www.jacmarine.com\/fr\/wp-json\/wp\/v2\/product_cat?post=359"},{"taxonomy":"product_tag","embeddable":true,"href":"https:\/\/www.jacmarine.com\/fr\/wp-json\/wp\/v2\/product_tag?post=359"}],"curies":[{"name":"wp","href":"https:\/\/api.w.org\/{rel}","templated":true}]}}