{"id":1502,"date":"2026-04-23T11:43:11","date_gmt":"2026-04-23T15:43:11","guid":{"rendered":"https:\/\/www.jacmarine.com\/?post_type=product&#038;p=1502"},"modified":"2026-05-05T19:47:34","modified_gmt":"2026-05-05T23:47:34","slug":"chandail-a-capuchon-jac-marine","status":"publish","type":"product","link":"https:\/\/www.jacmarine.com\/fr\/produit\/chandail-a-capuchon-jac-marine\/","title":{"rendered":"Chandail \u00e0 capuchon JAC Marine"},"content":{"rendered":"<p data-start=\"356\" data-end=\"657\">Le <strong data-start=\"384\" data-end=\"418\">chandail \u00e0 capuchon JAC Marine<\/strong> combine confort et style dans un mod\u00e8le classique pens\u00e9 pour un usage quotidien. Sa coupe sobre et sa couleur noire en font un v\u00eatement facile \u00e0 agencer, que ce soit pour le travail, les sorties d\u00e9contract\u00e9es ou les activit\u00e9s ext\u00e9rieures.<\/p>\n<p data-start=\"659\" data-end=\"948\">Dot\u00e9 d\u2019un <strong data-start=\"669\" data-end=\"705\">capuchon avec cordons ajustables<\/strong> et d\u2019une <strong data-start=\"715\" data-end=\"744\">poche kangourou \u00e0 l\u2019avant<\/strong>, il offre le confort recherch\u00e9 pour les journ\u00e9es plus fra\u00eeches. Le grand logo <strong data-start=\"823\" data-end=\"837\">JAC Marine<\/strong> imprim\u00e9 \u00e0 l\u2019avant ajoute une touche distinctive et dynamique qui refl\u00e8te parfaitement l\u2019identit\u00e9 de la marque.<\/p>\n<p data-start=\"950\" data-end=\"1087\">Polyvalent et pratique, ce hoodie est id\u00e9al pour ceux qui recherchent un chandail confortable tout en repr\u00e9sentant JAC Marine avec style.<\/p>\n<p data-start=\"1089\" data-end=\"1105\"><strong data-start=\"1089\" data-end=\"1105\">Points forts<\/strong><\/p>\n<ul data-start=\"1106\" data-end=\"1348\">\n<li data-section-id=\"sqyzw1\" data-start=\"1106\" data-end=\"1154\">Chandail \u00e0 capuchon classique et confortable<\/li>\n<li data-section-id=\"16hyod9\" data-start=\"1155\" data-end=\"1189\">Couleur noire facile \u00e0 agencer<\/li>\n<li data-section-id=\"9q3bn4\" data-start=\"1190\" data-end=\"1225\">Grand logo JAC Marine \u00e0 l\u2019avant<\/li>\n<li data-section-id=\"9t309o\" data-start=\"1226\" data-end=\"1262\">Capuchon avec cordons ajustables<\/li>\n<li data-section-id=\"191v3fb\" data-start=\"1263\" data-end=\"1291\">Poche kangourou pratique<\/li>\n<li data-section-id=\"oprk15\" data-start=\"1292\" data-end=\"1348\">Id\u00e9al pour les journ\u00e9es fra\u00eeches et un usage quotidien<\/li>\n<\/ul>\n","protected":false},"excerpt":{"rendered":"<p>Confortable, polyvalent et facile \u00e0 porter, ce chandail \u00e0 capuchon noir JAC Marine est un incontournable pour les journ\u00e9es fra\u00eeches. Son grand logo \u00e0 l\u2019avant lui donne un style affirm\u00e9, parfait pour afficher fi\u00e8rement la marque.<\/p>\n","protected":false},"featured_media":1493,"comment_status":"open","ping_status":"closed","template":"","meta":{"_seopress_robots_primary_cat":"none","_seopress_titles_title":"Chandail \u00e0 capuchon JAC Marine","_seopress_titles_desc":"Chandail \u00e0 capuchon JAC Marine noir avec grand logo \u00e0 l\u2019avant, poche kangourou et cordons ajustables. Un hoodie confortable et polyvalent pour tous les jours.","_seopress_robots_index":""},"product_brand":[38],"product_cat":[39],"product_tag":[],"class_list":{"0":"post-1502","1":"product","2":"type-product","3":"status-publish","4":"has-post-thumbnail","6":"product_brand-jac-marine","7":"product_cat-vetements","9":"first","10":"instock","11":"taxable","12":"shipping-taxable","13":"purchasable","14":"product-type-variable"},"_links":{"self":[{"href":"https:\/\/www.jacmarine.com\/fr\/wp-json\/wp\/v2\/product\/1502","targetHints":{"allow":["GET"]}}],"collection":[{"href":"https:\/\/www.jacmarine.com\/fr\/wp-json\/wp\/v2\/product"}],"about":[{"href":"https:\/\/www.jacmarine.com\/fr\/wp-json\/wp\/v2\/types\/product"}],"replies":[{"embeddable":true,"href":"https:\/\/www.jacmarine.com\/fr\/wp-json\/wp\/v2\/comments?post=1502"}],"wp:featuredmedia":[{"embeddable":true,"href":"https:\/\/www.jacmarine.com\/fr\/wp-json\/wp\/v2\/media\/1493"}],"wp:attachment":[{"href":"https:\/\/www.jacmarine.com\/fr\/wp-json\/wp\/v2\/media?parent=1502"}],"wp:term":[{"taxonomy":"product_brand","embeddable":true,"href":"https:\/\/www.jacmarine.com\/fr\/wp-json\/wp\/v2\/product_brand?post=1502"},{"taxonomy":"product_cat","embeddable":true,"href":"https:\/\/www.jacmarine.com\/fr\/wp-json\/wp\/v2\/product_cat?post=1502"},{"taxonomy":"product_tag","embeddable":true,"href":"https:\/\/www.jacmarine.com\/fr\/wp-json\/wp\/v2\/product_tag?post=1502"}],"curies":[{"name":"wp","href":"https:\/\/api.w.org\/{rel}","templated":true}]}}