{"id":1427,"date":"2026-04-05T17:53:08","date_gmt":"2026-04-05T21:53:08","guid":{"rendered":"https:\/\/www.jacmarine.com\/?post_type=product&#038;p=1427"},"modified":"2026-04-05T18:24:23","modified_gmt":"2026-04-05T22:24:23","slug":"rail-compact-de-montage-en-aluminium-25%e2%80%b3-x-6%e2%80%b3-aluminium","status":"publish","type":"product","link":"https:\/\/www.jacmarine.com\/fr\/produit\/rail-compact-de-montage-en-aluminium-25%e2%80%b3-x-6%e2%80%b3-aluminium\/","title":{"rendered":"Rail compact de montage en aluminium 2,5\u2033 \u00d7 6\u2033 \u2014 aluminium"},"content":{"rendered":"<p>&nbsp;<\/p>\n<p>&nbsp;<\/p>\n<p>&nbsp;<\/p>\n<p>&nbsp;<\/p>\n<p>&nbsp;<\/p>\n","protected":false},"excerpt":{"rendered":"<p data-start=\"169\" data-end=\"445\">Rail compact de montage en aluminium anodis\u00e9 clair con\u00e7u pour les installations o\u00f9 l\u2019espace est restreint ou lorsque les rebords du bateau sont plus \u00e9troits. Son format r\u00e9duit de 2,5\u2033 \u00d7 6\u2033 permet une installation solide, stable et discr\u00e8te tout en prenant un minimum de place. Compatible avec la plaque pour rail compact 2,5\u2033, il s\u2019int\u00e8gre facilement aux diff\u00e9rents syst\u00e8mes JAC Marine. Il est notamment compatible avec le montage pour petite chaloupe ainsi qu\u2019avec tous les montages fixes (90\u00b0, 60\u00b0, 45\u00b0, 42\u00b0). Permet de fixer solidement le support JAC Marine ou tout autre accessoire, offrant une solution polyvalente adapt\u00e9e \u00e0 plusieurs types d\u2019installations.<\/p>\n<ul>\n<li style=\"list-style-type: none;\">\n<ul>\n<li><strong>R\u00e9f\u00e9rence<\/strong> : AS101-002-006<\/li>\n<li><strong>Mat\u00e9riaux<\/strong> : Aluminium 6061 anodis\u00e9 clair et quincaillerie en acier inoxydable<\/li>\n<li><strong>Dimensions<\/strong> : 6 X 2 1\/2 X 5\/8<\/li>\n<li><strong>Utilisation<\/strong> : Permet de fixer un support JAC Marine ou tout autre accessoire sur un bateau. Id\u00e9al pour les installations fixes lorsque l\u2019espace est limit\u00e9 ou que le rebord du bateau est plus \u00e9troit.<\/li>\n<li><strong>Compatibilit\u00e9<\/strong> :\u00a0 Plaque pour rail compact 2,5\u2033 \u2014 <strong data-start=\"204\" data-end=\"221\">AS101-001-004<\/strong> \u00b7 Plaque principale \u2014 <strong data-start=\"244\" data-end=\"261\">SA101-110-000<\/strong> \u00b7 Plaque d\u2019extension \u2014 <strong data-start=\"285\" data-end=\"302\">AS101-000-000<\/strong> \u00b7 Plaque d\u2019extension XL \u2014 <strong data-start=\"329\" data-end=\"346\">AS101-000-001<\/strong> \u00b7 Plaque d\u2019extension XXL \u2014 <strong data-start=\"374\" data-end=\"391\">AS101-000-002<\/strong> \u00b7 Montage 90\u00b0 Princecraft \u2014 <strong data-start=\"420\" data-end=\"437\">AS101-090-000<\/strong> \u00b7 Montage 90\u00b0 Lund \u2014 <strong data-start=\"459\" data-end=\"476\">AS101-090-001<\/strong> \u00b7 Montage 42\u00b0 Lund \u2014 <strong data-start=\"498\" data-end=\"515\">AS101-042-000<\/strong> \u00b7 Montage 60\u00b0 Smoker Craft \/ Starcraft \/ Legend 2025+ \u2014 <strong data-start=\"572\" data-end=\"589\">AS101-060-000<\/strong> \u00b7 Montage 45\u00b0 Crestliner \/ Ranger \/ Triton \/ Avenger \u2014 <strong data-start=\"645\" data-end=\"662\">AS101-045-000<\/strong> \u00b7 Montage pour petite chaloupe \u2014 <strong data-start=\"696\" data-end=\"713\">AS101-141-000<\/strong><\/li>\n<\/ul>\n<\/li>\n<\/ul>\n<p>&nbsp;<\/p>\n","protected":false},"featured_media":1421,"comment_status":"open","ping_status":"closed","template":"","meta":{"_seopress_robots_primary_cat":"none","_seopress_titles_title":"Rail compact de montage 2,5\u2033 \u00d7 6\u2033 - Silver","_seopress_titles_desc":"Rail compact en aluminium 2,5\u2033 \u00d7 6\u2033 pour fixer support JAC Marine ou accessoires. Id\u00e9al pour rebords \u00e9troits et installations solides sur bateau.","_seopress_robots_index":""},"product_brand":[38],"product_cat":[21,36],"product_tag":[],"class_list":{"0":"post-1427","1":"product","2":"type-product","3":"status-publish","4":"has-post-thumbnail","6":"product_brand-jac-marine","7":"product_cat-accessoires","8":"product_cat-montage-bateau","10":"first","11":"instock","12":"taxable","13":"shipping-taxable","14":"purchasable","15":"product-type-simple"},"_links":{"self":[{"href":"https:\/\/www.jacmarine.com\/fr\/wp-json\/wp\/v2\/product\/1427","targetHints":{"allow":["GET"]}}],"collection":[{"href":"https:\/\/www.jacmarine.com\/fr\/wp-json\/wp\/v2\/product"}],"about":[{"href":"https:\/\/www.jacmarine.com\/fr\/wp-json\/wp\/v2\/types\/product"}],"replies":[{"embeddable":true,"href":"https:\/\/www.jacmarine.com\/fr\/wp-json\/wp\/v2\/comments?post=1427"}],"wp:featuredmedia":[{"embeddable":true,"href":"https:\/\/www.jacmarine.com\/fr\/wp-json\/wp\/v2\/media\/1421"}],"wp:attachment":[{"href":"https:\/\/www.jacmarine.com\/fr\/wp-json\/wp\/v2\/media?parent=1427"}],"wp:term":[{"taxonomy":"product_brand","embeddable":true,"href":"https:\/\/www.jacmarine.com\/fr\/wp-json\/wp\/v2\/product_brand?post=1427"},{"taxonomy":"product_cat","embeddable":true,"href":"https:\/\/www.jacmarine.com\/fr\/wp-json\/wp\/v2\/product_cat?post=1427"},{"taxonomy":"product_tag","embeddable":true,"href":"https:\/\/www.jacmarine.com\/fr\/wp-json\/wp\/v2\/product_tag?post=1427"}],"curies":[{"name":"wp","href":"https:\/\/api.w.org\/{rel}","templated":true}]}}