{"id":130,"date":"2024-12-29T01:53:52","date_gmt":"2024-12-29T00:53:52","guid":{"rendered":"https:\/\/jacmarine.com\/?post_type=product&#038;p=130"},"modified":"2026-03-25T16:53:59","modified_gmt":"2026-03-25T20:53:59","slug":"plaque-dextension","status":"publish","type":"product","link":"https:\/\/www.jacmarine.com\/fr\/produit\/plaque-dextension\/","title":{"rendered":"Plaque d\u2019extension"},"content":{"rendered":"<p><a href=\"https:\/\/www.jacmarine.com\/wp-content\/uploads\/2024\/12\/PLAQUE-PRINCIPAL-et-AS101-000-000-et-AS101-001-000.jpg\"><img alt=\"PLAQUE-PRINCIPAL-et-AS101-000-000-et-AS101-001-000\" loading=\"lazy\" decoding=\"async\" class=\"alignnone size-full wp-image-261\" src=\"https:\/\/www.jacmarine.com\/wp-content\/uploads\/2024\/12\/PLAQUE-PRINCIPAL-et-AS101-000-000-et-AS101-001-000.jpg\" alt=\"\" width=\"800\" height=\"495\" srcset=\"https:\/\/www.jacmarine.com\/wp-content\/uploads\/2024\/12\/PLAQUE-PRINCIPAL-et-AS101-000-000-et-AS101-001-000.jpg 800w, https:\/\/www.jacmarine.com\/wp-content\/uploads\/2024\/12\/PLAQUE-PRINCIPAL-et-AS101-000-000-et-AS101-001-000-300x186.jpg 300w, https:\/\/www.jacmarine.com\/wp-content\/uploads\/2024\/12\/PLAQUE-PRINCIPAL-et-AS101-000-000-et-AS101-001-000-768x475.jpg 768w, https:\/\/www.jacmarine.com\/wp-content\/uploads\/2024\/12\/PLAQUE-PRINCIPAL-et-AS101-000-000-et-AS101-001-000-705x436.jpg 705w, https:\/\/www.jacmarine.com\/wp-content\/uploads\/2024\/12\/PLAQUE-PRINCIPAL-et-AS101-000-000-et-AS101-001-000-450x278.jpg 450w, https:\/\/www.jacmarine.com\/wp-content\/uploads\/2024\/12\/PLAQUE-PRINCIPAL-et-AS101-000-000-et-AS101-001-000-600x371.jpg 600w\" sizes=\"auto, (max-width: 800px) 100vw, 800px\" \/><\/a> <a href=\"https:\/\/www.jacmarine.com\/wp-content\/uploads\/2024\/12\/PLAQUE-PRINCIPAL-et-AS101-000-000-et-AS101-090-000.jpg\"><img alt=\"PLAQUE-PRINCIPAL-et-AS101-000-000-et-AS101-090-000\" loading=\"lazy\" decoding=\"async\" class=\"alignnone size-full wp-image-262\" src=\"https:\/\/www.jacmarine.com\/wp-content\/uploads\/2024\/12\/PLAQUE-PRINCIPAL-et-AS101-000-000-et-AS101-090-000.jpg\" alt=\"\" width=\"800\" height=\"495\" srcset=\"https:\/\/www.jacmarine.com\/wp-content\/uploads\/2024\/12\/PLAQUE-PRINCIPAL-et-AS101-000-000-et-AS101-090-000.jpg 800w, https:\/\/www.jacmarine.com\/wp-content\/uploads\/2024\/12\/PLAQUE-PRINCIPAL-et-AS101-000-000-et-AS101-090-000-300x186.jpg 300w, https:\/\/www.jacmarine.com\/wp-content\/uploads\/2024\/12\/PLAQUE-PRINCIPAL-et-AS101-000-000-et-AS101-090-000-768x475.jpg 768w, https:\/\/www.jacmarine.com\/wp-content\/uploads\/2024\/12\/PLAQUE-PRINCIPAL-et-AS101-000-000-et-AS101-090-000-705x436.jpg 705w, https:\/\/www.jacmarine.com\/wp-content\/uploads\/2024\/12\/PLAQUE-PRINCIPAL-et-AS101-000-000-et-AS101-090-000-450x278.jpg 450w, https:\/\/www.jacmarine.com\/wp-content\/uploads\/2024\/12\/PLAQUE-PRINCIPAL-et-AS101-000-000-et-AS101-090-000-600x371.jpg 600w\" sizes=\"auto, (max-width: 800px) 100vw, 800px\" \/><\/a><\/p>\n","protected":false},"excerpt":{"rendered":"<p>Plaque d\u2019extension permettant d\u2019ajuster la plaque principale au plus pr\u00e8s du rebord du bateau, afin que le support soit positionn\u00e9 le plus pr\u00e8s possible de la coque.<\/p>\n<ul>\n<li><strong>R\u00e9f\u00e9rence<\/strong> : AS101-000-000<\/li>\n<li><strong>Mat\u00e9riau<\/strong> : Aluminium 6061 anodis\u00e9 clair<\/li>\n<li><strong>Dimensions<\/strong> : \u00bd x 4 x 5 3\/4<\/li>\n<li><strong>Utilisation<\/strong> : Ajuster et rapprocher le support du rebord du bateau<\/li>\n<li><strong>Compatibilit\u00e9<\/strong> : Compatible avec la plaque principale SA101-110-000 et tous les montages disponibles.<\/li>\n<li><strong>Quantit\u00e9 par emballage : <\/strong>1 plaque d\u2019extension, 4 vis en acier inoxydable<\/li>\n<\/ul>\n<p>&nbsp;<\/p>\n","protected":false},"featured_media":131,"comment_status":"open","ping_status":"closed","template":"","meta":{"_seopress_robots_primary_cat":"none","_seopress_titles_title":"Plaque d\u2019extension","_seopress_titles_desc":"Plaque d\u2019extension permettant d\u2019ajuster la plaque principale au plus pr\u00e8s du rebord du bateau, afin que le support soit positionn\u00e9 le plus pr\u00e8s possible de la coque.","_seopress_robots_index":""},"product_brand":[38],"product_cat":[21],"product_tag":[],"class_list":{"0":"post-130","1":"product","2":"type-product","3":"status-publish","4":"has-post-thumbnail","6":"product_brand-jac-marine","7":"product_cat-accessoires","9":"first","10":"instock","11":"taxable","12":"shipping-taxable","13":"purchasable","14":"product-type-simple"},"_links":{"self":[{"href":"https:\/\/www.jacmarine.com\/fr\/wp-json\/wp\/v2\/product\/130","targetHints":{"allow":["GET"]}}],"collection":[{"href":"https:\/\/www.jacmarine.com\/fr\/wp-json\/wp\/v2\/product"}],"about":[{"href":"https:\/\/www.jacmarine.com\/fr\/wp-json\/wp\/v2\/types\/product"}],"replies":[{"embeddable":true,"href":"https:\/\/www.jacmarine.com\/fr\/wp-json\/wp\/v2\/comments?post=130"}],"wp:featuredmedia":[{"embeddable":true,"href":"https:\/\/www.jacmarine.com\/fr\/wp-json\/wp\/v2\/media\/131"}],"wp:attachment":[{"href":"https:\/\/www.jacmarine.com\/fr\/wp-json\/wp\/v2\/media?parent=130"}],"wp:term":[{"taxonomy":"product_brand","embeddable":true,"href":"https:\/\/www.jacmarine.com\/fr\/wp-json\/wp\/v2\/product_brand?post=130"},{"taxonomy":"product_cat","embeddable":true,"href":"https:\/\/www.jacmarine.com\/fr\/wp-json\/wp\/v2\/product_cat?post=130"},{"taxonomy":"product_tag","embeddable":true,"href":"https:\/\/www.jacmarine.com\/fr\/wp-json\/wp\/v2\/product_tag?post=130"}],"curies":[{"name":"wp","href":"https:\/\/api.w.org\/{rel}","templated":true}]}}