{"id":1291,"date":"2026-03-23T19:45:13","date_gmt":"2026-03-23T23:45:13","guid":{"rendered":"https:\/\/www.jacmarine.com\/?post_type=product&#038;p=1291"},"modified":"2026-03-26T06:34:19","modified_gmt":"2026-03-26T10:34:19","slug":"custom-fishing-solutions-multi-track","status":"publish","type":"product","link":"https:\/\/www.jacmarine.com\/fr\/produit\/custom-fishing-solutions-multi-track\/","title":{"rendered":"Custom Fishing Solutions-Multi Track"},"content":{"rendered":"","protected":false},"excerpt":{"rendered":"<p>Le multi-track poss\u00e8de 3 canaux. Les canaux lat\u00e9raux sont con\u00e7us pour accueillir des accessoires tels que des crochets, des boutons-pression, des porte-ustensiles, etc. Disponible en plusieurs longueurs (en noir ou argent). Largeur de 4,75 po.<\/p>\n","protected":false},"featured_media":1368,"comment_status":"open","ping_status":"closed","template":"","meta":{"_seopress_robots_primary_cat":"none","_seopress_titles_title":"","_seopress_titles_desc":"","_seopress_robots_index":""},"product_brand":[37],"product_cat":[21],"product_tag":[],"class_list":{"0":"post-1291","1":"product","2":"type-product","3":"status-publish","4":"has-post-thumbnail","6":"product_brand-custom-fishing-solutions","7":"product_cat-accessoires","9":"first","10":"instock","11":"taxable","12":"shipping-taxable","13":"purchasable","14":"product-type-variable"},"_links":{"self":[{"href":"https:\/\/www.jacmarine.com\/fr\/wp-json\/wp\/v2\/product\/1291","targetHints":{"allow":["GET"]}}],"collection":[{"href":"https:\/\/www.jacmarine.com\/fr\/wp-json\/wp\/v2\/product"}],"about":[{"href":"https:\/\/www.jacmarine.com\/fr\/wp-json\/wp\/v2\/types\/product"}],"replies":[{"embeddable":true,"href":"https:\/\/www.jacmarine.com\/fr\/wp-json\/wp\/v2\/comments?post=1291"}],"wp:featuredmedia":[{"embeddable":true,"href":"https:\/\/www.jacmarine.com\/fr\/wp-json\/wp\/v2\/media\/1368"}],"wp:attachment":[{"href":"https:\/\/www.jacmarine.com\/fr\/wp-json\/wp\/v2\/media?parent=1291"}],"wp:term":[{"taxonomy":"product_brand","embeddable":true,"href":"https:\/\/www.jacmarine.com\/fr\/wp-json\/wp\/v2\/product_brand?post=1291"},{"taxonomy":"product_cat","embeddable":true,"href":"https:\/\/www.jacmarine.com\/fr\/wp-json\/wp\/v2\/product_cat?post=1291"},{"taxonomy":"product_tag","embeddable":true,"href":"https:\/\/www.jacmarine.com\/fr\/wp-json\/wp\/v2\/product_tag?post=1291"}],"curies":[{"name":"wp","href":"https:\/\/api.w.org\/{rel}","templated":true}]}}