{"id":127,"date":"2024-12-29T00:06:23","date_gmt":"2024-12-28T23:06:23","guid":{"rendered":"https:\/\/jacmarine.com\/?post_type=product&#038;p=127"},"modified":"2026-03-25T16:53:59","modified_gmt":"2026-03-25T20:53:59","slug":"trepied-pour-la-peche-sur-glace","status":"publish","type":"product","link":"https:\/\/www.jacmarine.com\/fr\/produit\/trepied-pour-la-peche-sur-glace\/","title":{"rendered":"Tr\u00e9pied pour la p\u00eache sur glace"},"content":{"rendered":"","protected":false},"excerpt":{"rendered":"<p>Tr\u00e9pied pour p\u00eache sur glace de 16 pouces de diam\u00e8tre permettant de transformer un support universel JAC Marine d\u2019\u00e9t\u00e9 en un syst\u00e8me hivernal. Pour compl\u00e9ter l\u2019ensemble, l\u2019ajout d\u2019une rallonge de 12 pouces <a href=\"https:\/\/www.jacmarine.com\/produit\/rallonge-12-pouces\/\">AP100-100-012<\/a> et de deux clips de fixation pour tuyaux <a href=\"https:\/\/www.jacmarine.com\/produit\/clip-de-fixation-pour-tuyaux\/\">AP100-500-002<\/a> est recommand\u00e9 afin de maintenir les tuyaux unis lors du transport.<\/p>\n<ul>\n<li style=\"list-style-type: none;\">\n<ul>\n<li><strong>R\u00e9f\u00e9rence<\/strong> : PG100-001-000<\/li>\n<li><strong>Mat\u00e9riau<\/strong> : Aluminium 6061 et 7075 anodis\u00e9 clair et noire<\/li>\n<li><strong>Dimensions<\/strong> :<\/li>\n<li><strong>Utilisation<\/strong> : Pour sonde live<\/li>\n<li><strong>Compatibilit\u00e9<\/strong> : JP100 (\u00e9t\u00e9)<\/li>\n<\/ul>\n<p>&nbsp;<\/li>\n<\/ul>\n","protected":false},"featured_media":128,"comment_status":"open","ping_status":"closed","template":"","meta":{"_seopress_robots_primary_cat":"none","_seopress_titles_title":"Tr\u00e9pied pour la p\u00eache sur glace","_seopress_titles_desc":"Tr\u00e9pied pour p\u00eache sur glace de 16 pouces permettant de convertir un support JAC Marine d\u2019\u00e9t\u00e9 en syst\u00e8me hivernal. Rallonge de 12 pouces recommand\u00e9e.","_seopress_robots_index":""},"product_brand":[38],"product_cat":[21,35],"product_tag":[],"class_list":{"0":"post-127","1":"product","2":"type-product","3":"status-publish","4":"has-post-thumbnail","6":"product_brand-jac-marine","7":"product_cat-accessoires","8":"product_cat-pieces","10":"first","11":"instock","12":"featured","13":"taxable","14":"shipping-taxable","15":"purchasable","16":"product-type-simple"},"_links":{"self":[{"href":"https:\/\/www.jacmarine.com\/fr\/wp-json\/wp\/v2\/product\/127","targetHints":{"allow":["GET"]}}],"collection":[{"href":"https:\/\/www.jacmarine.com\/fr\/wp-json\/wp\/v2\/product"}],"about":[{"href":"https:\/\/www.jacmarine.com\/fr\/wp-json\/wp\/v2\/types\/product"}],"replies":[{"embeddable":true,"href":"https:\/\/www.jacmarine.com\/fr\/wp-json\/wp\/v2\/comments?post=127"}],"wp:featuredmedia":[{"embeddable":true,"href":"https:\/\/www.jacmarine.com\/fr\/wp-json\/wp\/v2\/media\/128"}],"wp:attachment":[{"href":"https:\/\/www.jacmarine.com\/fr\/wp-json\/wp\/v2\/media?parent=127"}],"wp:term":[{"taxonomy":"product_brand","embeddable":true,"href":"https:\/\/www.jacmarine.com\/fr\/wp-json\/wp\/v2\/product_brand?post=127"},{"taxonomy":"product_cat","embeddable":true,"href":"https:\/\/www.jacmarine.com\/fr\/wp-json\/wp\/v2\/product_cat?post=127"},{"taxonomy":"product_tag","embeddable":true,"href":"https:\/\/www.jacmarine.com\/fr\/wp-json\/wp\/v2\/product_tag?post=127"}],"curies":[{"name":"wp","href":"https:\/\/api.w.org\/{rel}","templated":true}]}}