{"id":1228,"date":"2026-03-08T22:16:41","date_gmt":"2026-03-09T02:16:41","guid":{"rendered":"https:\/\/www.jacmarine.com\/?post_type=product&#038;p=1228"},"modified":"2026-04-24T12:43:53","modified_gmt":"2026-04-24T16:43:53","slug":"montage-90-rapide-pour-princecraft","status":"publish","type":"product","link":"https:\/\/www.jacmarine.com\/fr\/produit\/montage-90-rapide-pour-princecraft\/","title":{"rendered":"Montage 90\u00b0 rapide pour Princecraft"},"content":{"rendered":"","protected":false},"excerpt":{"rendered":"<p data-start=\"134\" data-end=\"501\">Plaque de fixation con\u00e7ue pour les bateaux Princecraft \u00e9quip\u00e9s du syst\u00e8me de rail <strong data-start=\"234\" data-end=\"248\">PrinceTrak<\/strong> lorsqu\u2019il n\u2019y a pas d\u2019ouverture permettant d\u2019ins\u00e9rer un \u00e9crou en T dans le rail.<br data-start=\"329\" data-end=\"332\" \/>Cette plaque se fixe directement sur la <strong data-start=\"372\" data-end=\"415\">plaque principale du support JAC Marine<\/strong>, permettant une installation solide et s\u00e9curis\u00e9e du syst\u00e8me sur les rails PrinceTrak.Ce syst\u00e8me permet d\u2019ins\u00e9rer l\u2019\u00e9crou en T dans le rail lorsqu\u2019il n\u2019y a pas d\u2019ouverture pr\u00e9vue \u00e0 cet effet. Il est principalement utilis\u00e9 pour les <strong data-start=\"648\" data-end=\"699\">installations \u00e0 l\u2019avant des bateaux Princecraft<\/strong>, o\u00f9 il n\u2019y a g\u00e9n\u00e9ralement pas d\u2019ouverture dans le rail.Il peut \u00e9galement \u00eatre utilis\u00e9 \u00e0 l\u2019arri\u00e8re du bateau. <strong>Toutefois, lorsque l\u2019ouverture du rail est accessible, l\u2019installation avec un \u00e9crou en T standard demeure l\u2019option recommand\u00e9e, puisqu\u2019elle offre une fixation plus solide.Il est \u00e9galement possible de faire une ouverture \u00e0 l\u2019avant du rail afin d\u2019y ins\u00e9rer les \u00e9crous en T, ce qui permet d\u2019obtenir une installation plus solide.<\/strong><\/p>\n<ul>\n<li><strong>R\u00e9f\u00e9rence<\/strong> : AS101-090-004\n<ul>\n<li style=\"font-weight: 400;\">Plaque : Aluminium 6061 anodis\u00e9 clair<\/li>\n<li style=\"font-weight: 400;\">Boulon : Acier inoxydable et plaque protectrice en plastique\n<p style=\"font-weight: 400;\"><strong>Mat\u00e9riau<\/strong> :<\/p>\n<\/li>\n<\/ul>\n<\/li>\n<li>\n<p style=\"font-weight: 400;\"><strong>Dimensions<\/strong>\u00a0: 2 X 2 X 4 \u00bd<\/p>\n<\/li>\n<li>\n<p style=\"font-weight: 400;\"><strong>Utilisation<\/strong> : Syst\u00e8me d\u2019attache pour bateaux Princecraft (Princetrack)<\/p>\n<\/li>\n<li>\n<p style=\"font-weight: 400;\"><strong>Compatibilit\u00e9<\/strong>\u00a0: JP100 (\u00e9t\u00e9)<\/p>\n<\/li>\n<\/ul>\n","protected":false},"featured_media":452,"comment_status":"open","ping_status":"closed","template":"","meta":{"_seopress_robots_primary_cat":"none","_seopress_titles_title":"Montage 90\u00b0 rapide pour Princecraft","_seopress_titles_desc":"Se fixe \u00e0 la plaque principale pour s\u2019adapter aux bateaux Princecraft","_seopress_robots_index":""},"product_brand":[38],"product_cat":[21,36],"product_tag":[],"class_list":{"0":"post-1228","1":"product","2":"type-product","3":"status-publish","4":"has-post-thumbnail","6":"product_brand-jac-marine","7":"product_cat-accessoires","8":"product_cat-montage-bateau","10":"first","11":"instock","12":"taxable","13":"shipping-taxable","14":"purchasable","15":"product-type-simple"},"_links":{"self":[{"href":"https:\/\/www.jacmarine.com\/fr\/wp-json\/wp\/v2\/product\/1228","targetHints":{"allow":["GET"]}}],"collection":[{"href":"https:\/\/www.jacmarine.com\/fr\/wp-json\/wp\/v2\/product"}],"about":[{"href":"https:\/\/www.jacmarine.com\/fr\/wp-json\/wp\/v2\/types\/product"}],"replies":[{"embeddable":true,"href":"https:\/\/www.jacmarine.com\/fr\/wp-json\/wp\/v2\/comments?post=1228"}],"wp:featuredmedia":[{"embeddable":true,"href":"https:\/\/www.jacmarine.com\/fr\/wp-json\/wp\/v2\/media\/452"}],"wp:attachment":[{"href":"https:\/\/www.jacmarine.com\/fr\/wp-json\/wp\/v2\/media?parent=1228"}],"wp:term":[{"taxonomy":"product_brand","embeddable":true,"href":"https:\/\/www.jacmarine.com\/fr\/wp-json\/wp\/v2\/product_brand?post=1228"},{"taxonomy":"product_cat","embeddable":true,"href":"https:\/\/www.jacmarine.com\/fr\/wp-json\/wp\/v2\/product_cat?post=1228"},{"taxonomy":"product_tag","embeddable":true,"href":"https:\/\/www.jacmarine.com\/fr\/wp-json\/wp\/v2\/product_tag?post=1228"}],"curies":[{"name":"wp","href":"https:\/\/api.w.org\/{rel}","templated":true}]}}