{"id":1219,"date":"2026-03-08T21:24:04","date_gmt":"2026-03-09T01:24:04","guid":{"rendered":"https:\/\/www.jacmarine.com\/?post_type=product&#038;p=1219"},"modified":"2026-03-25T16:53:58","modified_gmt":"2026-03-25T20:53:58","slug":"plaque-pour-rail-de-montage-en-aluminium-accessoires","status":"publish","type":"product","link":"https:\/\/www.jacmarine.com\/fr\/produit\/plaque-pour-rail-de-montage-en-aluminium-accessoires\/","title":{"rendered":"Plaque pour rail de montage en aluminium \u2013 accessoires"},"content":{"rendered":"<p>&nbsp;<\/p>\n<p><img loading=\"lazy\" decoding=\"async\" class=\"size-full wp-image-1226\" src=\"https:\/\/www.jacmarine.com\/wp-content\/uploads\/2026\/03\/down-east-s-17.webp\" alt=\"plaque pour rail de montage en aluminium \u2013 accessoires\" width=\"442\" height=\"703\" srcset=\"https:\/\/www.jacmarine.com\/wp-content\/uploads\/2026\/03\/down-east-s-17.webp 442w, https:\/\/www.jacmarine.com\/wp-content\/uploads\/2026\/03\/down-east-s-17-189x300.webp 189w, https:\/\/www.jacmarine.com\/wp-content\/uploads\/2026\/03\/down-east-s-17-8x12.webp 8w\" sizes=\"auto, (max-width: 442px) 100vw, 442px\" \/><\/p>\n<p><img loading=\"lazy\" decoding=\"async\" class=\"size-large wp-image-1224\" src=\"https:\/\/www.jacmarine.com\/wp-content\/uploads\/2026\/03\/ram-site-web-666x1030.jpg\" alt=\"plaque pour rail de montage en aluminium \u2013 accessoires\" width=\"666\" height=\"1030\" srcset=\"https:\/\/www.jacmarine.com\/wp-content\/uploads\/2026\/03\/ram-site-web-666x1030.jpg 666w, https:\/\/www.jacmarine.com\/wp-content\/uploads\/2026\/03\/ram-site-web-194x300.jpg 194w, https:\/\/www.jacmarine.com\/wp-content\/uploads\/2026\/03\/ram-site-web-768x1187.jpg 768w, https:\/\/www.jacmarine.com\/wp-content\/uploads\/2026\/03\/ram-site-web-994x1536.jpg 994w, https:\/\/www.jacmarine.com\/wp-content\/uploads\/2026\/03\/ram-site-web-1325x2048.jpg 1325w, https:\/\/www.jacmarine.com\/wp-content\/uploads\/2026\/03\/ram-site-web-8x12.jpg 8w, https:\/\/www.jacmarine.com\/wp-content\/uploads\/2026\/03\/ram-site-web-971x1500.jpg 971w, https:\/\/www.jacmarine.com\/wp-content\/uploads\/2026\/03\/ram-site-web-456x705.jpg 456w, https:\/\/www.jacmarine.com\/wp-content\/uploads\/2026\/03\/ram-site-web-450x695.jpg 450w, https:\/\/www.jacmarine.com\/wp-content\/uploads\/2026\/03\/ram-site-web-1320x2040.jpg 1320w, https:\/\/www.jacmarine.com\/wp-content\/uploads\/2026\/03\/ram-site-web-600x927.jpg 600w, https:\/\/www.jacmarine.com\/wp-content\/uploads\/2026\/03\/ram-site-web-scaled.jpg 1656w\" sizes=\"auto, (max-width: 666px) 100vw, 666px\" \/><\/p>\n<p><a href=\"https:\/\/www.jacmarine.com\/wp-content\/uploads\/2024\/12\/PLAQUE-PRINCIPAL-et-AS101-001-000.jpg\"><img alt=\"PLAQUE-PRINCIPAL-et-AS101-001-000\" loading=\"lazy\" decoding=\"async\" class=\"alignnone wp-image-265\" src=\"https:\/\/www.jacmarine.com\/wp-content\/uploads\/2024\/12\/PLAQUE-PRINCIPAL-et-AS101-001-000.jpg\" alt=\"\" width=\"799\" height=\"600\" srcset=\"https:\/\/www.jacmarine.com\/wp-content\/uploads\/2024\/12\/PLAQUE-PRINCIPAL-et-AS101-001-000.jpg 800w, https:\/\/www.jacmarine.com\/wp-content\/uploads\/2024\/12\/PLAQUE-PRINCIPAL-et-AS101-001-000-300x225.jpg 300w, https:\/\/www.jacmarine.com\/wp-content\/uploads\/2024\/12\/PLAQUE-PRINCIPAL-et-AS101-001-000-768x577.jpg 768w, https:\/\/www.jacmarine.com\/wp-content\/uploads\/2024\/12\/PLAQUE-PRINCIPAL-et-AS101-001-000-705x530.jpg 705w, https:\/\/www.jacmarine.com\/wp-content\/uploads\/2024\/12\/PLAQUE-PRINCIPAL-et-AS101-001-000-450x338.jpg 450w, https:\/\/www.jacmarine.com\/wp-content\/uploads\/2024\/12\/PLAQUE-PRINCIPAL-et-AS101-001-000-600x451.jpg 600w\" sizes=\"auto, (max-width: 799px) 100vw, 799px\" \/><\/a> <a href=\"https:\/\/www.jacmarine.com\/wp-content\/uploads\/2024\/12\/PLAQUE-PRINCIPAL-et-AS101-000-000-et-AS101-001-000.jpg\"><img alt=\"PLAQUE-PRINCIPAL-et-AS101-000-000-et-AS101-001-000\" loading=\"lazy\" decoding=\"async\" class=\"alignnone size-full wp-image-261\" src=\"https:\/\/www.jacmarine.com\/wp-content\/uploads\/2024\/12\/PLAQUE-PRINCIPAL-et-AS101-000-000-et-AS101-001-000.jpg\" alt=\"\" width=\"800\" height=\"495\" srcset=\"https:\/\/www.jacmarine.com\/wp-content\/uploads\/2024\/12\/PLAQUE-PRINCIPAL-et-AS101-000-000-et-AS101-001-000.jpg 800w, https:\/\/www.jacmarine.com\/wp-content\/uploads\/2024\/12\/PLAQUE-PRINCIPAL-et-AS101-000-000-et-AS101-001-000-300x186.jpg 300w, https:\/\/www.jacmarine.com\/wp-content\/uploads\/2024\/12\/PLAQUE-PRINCIPAL-et-AS101-000-000-et-AS101-001-000-768x475.jpg 768w, https:\/\/www.jacmarine.com\/wp-content\/uploads\/2024\/12\/PLAQUE-PRINCIPAL-et-AS101-000-000-et-AS101-001-000-705x436.jpg 705w, https:\/\/www.jacmarine.com\/wp-content\/uploads\/2024\/12\/PLAQUE-PRINCIPAL-et-AS101-000-000-et-AS101-001-000-450x278.jpg 450w, https:\/\/www.jacmarine.com\/wp-content\/uploads\/2024\/12\/PLAQUE-PRINCIPAL-et-AS101-000-000-et-AS101-001-000-600x371.jpg 600w\" sizes=\"auto, (max-width: 800px) 100vw, 800px\" \/><\/a><a href=\"https:\/\/www.jacmarine.com\/wp-content\/uploads\/2024\/12\/PLAQUE-PRINCIPAL-et-AS101-000-001-et-AS101-001-000.jpg\"><img alt=\"PLAQUE-PRINCIPAL-et-AS101-000-001-et-AS101-001-000\" loading=\"lazy\" decoding=\"async\" class=\"alignnone size-full wp-image-263\" src=\"https:\/\/www.jacmarine.com\/wp-content\/uploads\/2024\/12\/PLAQUE-PRINCIPAL-et-AS101-000-001-et-AS101-001-000.jpg\" alt=\"\" width=\"800\" height=\"424\" srcset=\"https:\/\/www.jacmarine.com\/wp-content\/uploads\/2024\/12\/PLAQUE-PRINCIPAL-et-AS101-000-001-et-AS101-001-000.jpg 800w, https:\/\/www.jacmarine.com\/wp-content\/uploads\/2024\/12\/PLAQUE-PRINCIPAL-et-AS101-000-001-et-AS101-001-000-300x159.jpg 300w, https:\/\/www.jacmarine.com\/wp-content\/uploads\/2024\/12\/PLAQUE-PRINCIPAL-et-AS101-000-001-et-AS101-001-000-768x407.jpg 768w, https:\/\/www.jacmarine.com\/wp-content\/uploads\/2024\/12\/PLAQUE-PRINCIPAL-et-AS101-000-001-et-AS101-001-000-710x375.jpg 710w, https:\/\/www.jacmarine.com\/wp-content\/uploads\/2024\/12\/PLAQUE-PRINCIPAL-et-AS101-000-001-et-AS101-001-000-705x374.jpg 705w, https:\/\/www.jacmarine.com\/wp-content\/uploads\/2024\/12\/PLAQUE-PRINCIPAL-et-AS101-000-001-et-AS101-001-000-450x239.jpg 450w, https:\/\/www.jacmarine.com\/wp-content\/uploads\/2024\/12\/PLAQUE-PRINCIPAL-et-AS101-000-001-et-AS101-001-000-600x318.jpg 600w\" sizes=\"auto, (max-width: 800px) 100vw, 800px\" \/><\/a><\/p>\n<p>&nbsp;<\/p>\n","protected":false},"excerpt":{"rendered":"<p data-start=\"412\" data-end=\"628\">Plaque con\u00e7ue pour l\u2019installation d\u2019accessoires sur les rails de montage en aluminium de type Custom Fishing Solutions, Cannon, Traxstech, Bert\u2019s ou tout autre rail pr\u00e9sentant un profil similaire.Elle permet de fixer diff\u00e9rents \u00e9quipements tels que des <strong data-start=\"687\" data-end=\"728\">boules RAM Mount de 1\u2033, 1,5\u2033 et 2,25\u2033<\/strong>, des <strong data-start=\"734\" data-end=\"765\">porte-cannes Down-East S-17<\/strong>, ainsi que d\u2019autres accessoires utilisant un <strong data-start=\"811\" data-end=\"842\">patron de per\u00e7age similaire<\/strong>.Selon le mod\u00e8le utilis\u00e9, il peut \u00eatre n\u00e9cessaire <strong data-start=\"894\" data-end=\"941\">d\u2019agrandir l\u00e9g\u00e8rement certains trous \u00e0 1\/4\u2033<\/strong> afin d\u2019assurer la compatibilit\u00e9 avec certaines fixations dont les boulons sont plus larges.<\/p>\n<ul>\n<li style=\"list-style-type: none;\">\n<ul>\n<li><strong>R\u00e9f\u00e9rence<\/strong> : AS101-001-003<\/li>\n<li><strong>Mat\u00e9riaux<\/strong> : Aluminium 6061 anodis\u00e9 clair et t\u00eate de boulon noir. Boulon en acier inoxydable<\/li>\n<li><strong>Dimensions<\/strong> : 6 X 3 X 1\/2<\/li>\n<li><strong>Utilisation<\/strong> : Permet l\u2019installation d\u2019accessoires sur un syst\u00e8me de rail de montage en aluminium ou sur la <strong data-start=\"1310\" data-end=\"1345\">plaque principale SA101-110-000<\/strong>.<\/li>\n<li><strong>Compatibilit\u00e9<\/strong> : RAM Mount (boules 1\u2033, 1,5\u2033 et 2,25\u2033), porte-cannes Down-East S-17 et accessoires utilisant un patron de per\u00e7age similaire. Compatible \u00e9galement avec <strong data-start=\"1521\" data-end=\"1585\">SA101-110-000, AS101-000-000, AS101-000-001 et AS101-000-002<\/strong>.<\/li>\n<\/ul>\n<\/li>\n<\/ul>\n<p>&nbsp;<\/p>\n","protected":false},"featured_media":1220,"comment_status":"open","ping_status":"closed","template":"","meta":{"_seopress_robots_primary_cat":"none","_seopress_titles_title":"Plaque pour rail de montage en aluminium \u2013 accessoires","_seopress_titles_desc":"Plaque pour rail de montage en aluminium permettant d\u2019installer RAM Mount, porte-cannes Down-East S-17 et accessoires compatibles sur rails Cannon, Traxstech ou Bert\u2019s.","_seopress_robots_index":""},"product_brand":[38],"product_cat":[21,36],"product_tag":[],"class_list":{"0":"post-1219","1":"product","2":"type-product","3":"status-publish","4":"has-post-thumbnail","6":"product_brand-jac-marine","7":"product_cat-accessoires","8":"product_cat-montage-bateau","10":"first","11":"instock","12":"taxable","13":"shipping-taxable","14":"purchasable","15":"product-type-simple"},"_links":{"self":[{"href":"https:\/\/www.jacmarine.com\/fr\/wp-json\/wp\/v2\/product\/1219","targetHints":{"allow":["GET"]}}],"collection":[{"href":"https:\/\/www.jacmarine.com\/fr\/wp-json\/wp\/v2\/product"}],"about":[{"href":"https:\/\/www.jacmarine.com\/fr\/wp-json\/wp\/v2\/types\/product"}],"replies":[{"embeddable":true,"href":"https:\/\/www.jacmarine.com\/fr\/wp-json\/wp\/v2\/comments?post=1219"}],"wp:featuredmedia":[{"embeddable":true,"href":"https:\/\/www.jacmarine.com\/fr\/wp-json\/wp\/v2\/media\/1220"}],"wp:attachment":[{"href":"https:\/\/www.jacmarine.com\/fr\/wp-json\/wp\/v2\/media?parent=1219"}],"wp:term":[{"taxonomy":"product_brand","embeddable":true,"href":"https:\/\/www.jacmarine.com\/fr\/wp-json\/wp\/v2\/product_brand?post=1219"},{"taxonomy":"product_cat","embeddable":true,"href":"https:\/\/www.jacmarine.com\/fr\/wp-json\/wp\/v2\/product_cat?post=1219"},{"taxonomy":"product_tag","embeddable":true,"href":"https:\/\/www.jacmarine.com\/fr\/wp-json\/wp\/v2\/product_tag?post=1219"}],"curies":[{"name":"wp","href":"https:\/\/api.w.org\/{rel}","templated":true}]}}