{"id":1211,"date":"2026-03-08T20:01:46","date_gmt":"2026-03-09T00:01:46","guid":{"rendered":"https:\/\/www.jacmarine.com\/?post_type=product&#038;p=1211"},"modified":"2026-04-13T19:39:21","modified_gmt":"2026-04-13T23:39:21","slug":"montage-ajustable-0-degres-10-a-100-degres-rail-de-montage-en-aluminium","status":"publish","type":"product","link":"https:\/\/www.jacmarine.com\/fr\/produit\/montage-ajustable-0-degres-10-a-100-degres-rail-de-montage-en-aluminium\/","title":{"rendered":"Montage ajustable 0\u00b0 rail de Montage en Aluminium (-10\u00b0 a 100\u00b0)"},"content":{"rendered":"<div class='avia-iframe-wrap'><iframe loading=\"lazy\" title=\"Montage ajustable 90 degr\u00e9s pour princetrack de Princecraft  #livescope #garmin www.jacmarine.com\" width=\"563\" height=\"1000\" src=\"https:\/\/www.youtube.com\/embed\/1Xjlx96IGbc?feature=oembed\" frameborder=\"0\" allow=\"accelerometer; autoplay; clipboard-write; encrypted-media; gyroscope; picture-in-picture; web-share\" referrerpolicy=\"strict-origin-when-cross-origin\" allowfullscreen><\/iframe><\/div>\n","protected":false},"excerpt":{"rendered":"<p>Cette fixation permet l\u2019installation s\u00e9curis\u00e9e du support universel <strong data-start=\"251\" data-end=\"265\">JAC Marine<\/strong> sur les bateaux \u00e9quip\u00e9s d\u2019un <strong data-start=\"295\" data-end=\"327\">rail de montage en aluminium<\/strong>, notamment les rails <strong data-start=\"349\" data-end=\"406\">Custom Fishing Solutions, Cannon, Traxstech et Bert\u2019s<\/strong>, ou tout autre syst\u00e8me de rail pr\u00e9sentant un profil de conception similaire.<\/p>\n<ul>\n<li><strong>R\u00e9f\u00e9rence<\/strong> : AS101-100-020<\/li>\n<li><strong>Mat\u00e9riaux<\/strong> : Aluminium 6061 anodis\u00e9 clair, acier inoxydable<\/li>\n<li><strong>Utilisation<\/strong> : Permet de mettre le support <strong data-start=\"631\" data-end=\"645\">JAC Marine<\/strong> de niveau et de le sur\u00e9lever afin d\u2019\u00e9viter qu\u2019il d\u00e9passe du bateau.<\/li>\n<li><strong>Compatibilit\u00e9:<\/strong> SA101-110-000, AS101-000-000, AS101-000-001 , AS101-000-002, AS101-001-001,<a href=\"https:\/\/www.jacmarine.com\/fr\/produit\/plaque-pour-rail-de-montage-en-aluminium-accessoires\/\">AS101-001-003<\/a>,<a href=\"https:\/\/www.jacmarine.com\/fr\/produit\/plaque-pour-rail-compact-25%e2%80%b3-aluminium\/\">AS101-001-004<\/a><\/li>\n<li><strong><strong>Particularit\u00e9 du syst\u00e8me ajustable: <\/strong><\/strong>Ce composant fait partie de la famille des montages ajustables JAC Marine. Gr\u00e2ce \u00e0 sa base commune, le m\u00eame montage peut s&rsquo;adapter \u00e0 plusieurs types d&#8217;embarcations : il suffit de changer les pi\u00e8ces lat\u00e9rales selon l&rsquo;angle requis (0\u00b0, 42\u00b0, 60\u00b0 ou 90\u00b0) ainsi que les composants qui s&rsquo;ins\u00e8rent dans le rail du bateau.<\/li>\n<li><strong>Le grand avantage ?<\/strong> Pas besoin de tout racheter. Que vous changiez d&#8217;embarcation ou que vous utilisiez diff\u00e9rents bateaux (amis, location, etc.), vous n&rsquo;avez qu&rsquo;\u00e0 remplacer quelques pi\u00e8ces pour que votre montage s&rsquo;adapte parfaitement. Un syst\u00e8me polyvalent, \u00e9volutif et con\u00e7u pour vous suivre partout.<\/li>\n<\/ul>\n<h4 data-section-id=\"f2bjpx\" data-start=\"712\" data-end=\"737\"><span role=\"text\"><strong data-start=\"716\" data-end=\"735\">Note importante<\/strong><\/span><\/h4>\n<p data-start=\"738\" data-end=\"897\">La plaque pour rail de montage en aluminium <a href=\"https:\/\/www.jacmarine.com\/fr\/produit\/plaque-pour-rail-de-montage-en-aluminium\/\"><strong data-start=\"782\" data-end=\"799\">AS101-001-000<\/strong><\/a> n\u2019est pas incluse avec ce produit et doit \u00eatre achet\u00e9e s\u00e9par\u00e9ment pour une installation sur rail.<\/p>\n","protected":false},"featured_media":1215,"comment_status":"open","ping_status":"closed","template":"","meta":{"_seopress_robots_primary_cat":"none","_seopress_titles_title":"Montage ajustable 0\u00b0 rail de Montage en Aluminium(-10\u00b0a100\u00b0)","_seopress_titles_desc":"Montage ajustable JAC Marine pour rails aluminium Custom Fishing Solutions, Cannon, Traxstech et Bert\u2019s. Ajustement de -10\u00b0\u00e0100\u00b0 pour installer la p\u00f4le de niveau.","_seopress_robots_index":""},"product_brand":[38],"product_cat":[21,36],"product_tag":[],"class_list":{"0":"post-1211","1":"product","2":"type-product","3":"status-publish","4":"has-post-thumbnail","6":"product_brand-jac-marine","7":"product_cat-accessoires","8":"product_cat-montage-bateau","10":"first","11":"instock","12":"taxable","13":"shipping-taxable","14":"purchasable","15":"product-type-simple"},"_links":{"self":[{"href":"https:\/\/www.jacmarine.com\/fr\/wp-json\/wp\/v2\/product\/1211","targetHints":{"allow":["GET"]}}],"collection":[{"href":"https:\/\/www.jacmarine.com\/fr\/wp-json\/wp\/v2\/product"}],"about":[{"href":"https:\/\/www.jacmarine.com\/fr\/wp-json\/wp\/v2\/types\/product"}],"replies":[{"embeddable":true,"href":"https:\/\/www.jacmarine.com\/fr\/wp-json\/wp\/v2\/comments?post=1211"}],"wp:featuredmedia":[{"embeddable":true,"href":"https:\/\/www.jacmarine.com\/fr\/wp-json\/wp\/v2\/media\/1215"}],"wp:attachment":[{"href":"https:\/\/www.jacmarine.com\/fr\/wp-json\/wp\/v2\/media?parent=1211"}],"wp:term":[{"taxonomy":"product_brand","embeddable":true,"href":"https:\/\/www.jacmarine.com\/fr\/wp-json\/wp\/v2\/product_brand?post=1211"},{"taxonomy":"product_cat","embeddable":true,"href":"https:\/\/www.jacmarine.com\/fr\/wp-json\/wp\/v2\/product_cat?post=1211"},{"taxonomy":"product_tag","embeddable":true,"href":"https:\/\/www.jacmarine.com\/fr\/wp-json\/wp\/v2\/product_tag?post=1211"}],"curies":[{"name":"wp","href":"https:\/\/api.w.org\/{rel}","templated":true}]}}