{"id":1086,"date":"2025-12-30T16:23:16","date_gmt":"2025-12-30T21:23:16","guid":{"rendered":"https:\/\/www.jacmarine.com\/?post_type=product&#038;p=1086"},"modified":"2026-03-25T16:53:58","modified_gmt":"2026-03-25T20:53:58","slug":"ensemble-de-conversion-peche-sur-glace-vers-bateau-60-pouces","status":"publish","type":"product","link":"https:\/\/www.jacmarine.com\/fr\/produit\/ensemble-de-conversion-peche-sur-glace-vers-bateau-60-pouces\/","title":{"rendered":"Ensemble de conversion p\u00eache sur glace vers bateau \u2013 60 pouces"},"content":{"rendered":"","protected":false},"excerpt":{"rendered":"<p>Cet ensemble de conversion transforme votre support JAC Marine de p\u00eache sur glace en support pour bateau. Il permet de passer d\u2019un support de <strong data-start=\"320\" data-end=\"333\">32 pouces<\/strong> \u00e0 un <strong data-start=\"339\" data-end=\"369\">support d\u2019\u00e9t\u00e9 de 50 pouces<\/strong>, ou d\u2019un support de <strong data-start=\"390\" data-end=\"403\">44 pouces<\/strong> \u00e0 un support de <strong data-start=\"420\" data-end=\"439\">50 ou 62 pouces<\/strong>. Cette solution polyvalente permet de r\u00e9utiliser les composants existants et d\u2019adapter facilement la longueur du support selon vos besoins et les configurations de votre bateau.<\/p>\n<ul>\n<li><strong>R\u00e9f\u00e9rence<\/strong> : JP100-000-160<\/li>\n<li><strong>Utilisation<\/strong> : Conversion d\u2019un support JAC Marine de p\u00eache sur glace vers une utilisation sur bateau.<\/li>\n<li><strong>Compatibilit\u00e9<\/strong> : Tous les types de supports JAC Marine pour la p\u00eache sur glace <a href=\"https:\/\/www.jacmarine.com\/produit\/support-a-sonde-deluxe-44-pouces-pour-peche-sur-glace-mega-live-lvs62\/\">PG1<strong>00-001-044<\/strong><\/a><strong>, <a href=\"https:\/\/www.jacmarine.com\/produit\/support-a-sonde-deluxe-32-pouces-pour-peche-sur-glace-mega-live-lvs62\/\">PG100-001-032<\/a> <a href=\"https:\/\/www.jacmarine.com\/produit\/support-a-sonde-deluxe-32-pouces-pour-peche-sur-glace-garmin-lowrance\/\">.<\/a><\/strong><\/li>\n<li><strong>Contenu de l\u2019emballage<\/strong>: Plaque principale <strong data-start=\"1046\" data-end=\"1063\">SA101-110-000<\/strong> (1x), pivot JP100 <strong data-start=\"1082\" data-end=\"1099\">SA300-000-000<\/strong> (1x), rallonge 30 pouces <strong data-start=\"1125\" data-end=\"1142\">AP100-100-030<\/strong> (1x), bague de friction <strong data-start=\"1167\" data-end=\"1184\">SA300-000-001<\/strong> (1x), clip de fixation pour c\u00e2ble de sonde <strong data-start=\"1228\" data-end=\"1245\">AP100-500-001<\/strong> (1x).<\/li>\n<li><strong>*Important*<\/strong> : Choisissez un montage adapt\u00e9 au type de rail de votre embarcation, ou, pour certains mod\u00e8les, un support de type \u00abdownrigger\u00bb. Si votre embarcation n\u2019est pas \u00e9quip\u00e9e d\u2019un rail d\u2019origine, un syst\u00e8me compatible (ex. Montage pour petite chaloupe,rail type Cannon,) peut \u00eatre n\u00e9cessaire. Pour toute question, contactez-nous.<\/li>\n<\/ul>\n<p><strong><em>Vous n&rsquo;\u00eates pas certain ?<\/em><\/strong><br \/>\n<em><a href=\"https:\/\/www.jacmarine.com\/demande-assistance\/\">Cliquez ici<\/a> pour une demande d&rsquo;assistance en ligne<\/em><\/p>\n<p>&nbsp;<\/p>\n","protected":false},"featured_media":1101,"comment_status":"open","ping_status":"closed","template":"","meta":{"_seopress_robots_primary_cat":"none","_seopress_titles_title":"Ensemble de conversion p\u00eache sur glace vers bateau 60 po","_seopress_titles_desc":"Transformez votre support JAC Marine de p\u00eache sur glace en support pour bateau. Conversion 32 \u00e0 60 po ou 44 \u00e0 60\/72 po. Simple et polyvalent.","_seopress_robots_index":""},"product_brand":[38],"product_cat":[21,20],"product_tag":[],"class_list":{"0":"post-1086","1":"product","2":"type-product","3":"status-publish","4":"has-post-thumbnail","6":"product_brand-jac-marine","7":"product_cat-accessoires","8":"product_cat-supports","10":"first","11":"instock","12":"featured","13":"taxable","14":"shipping-taxable","15":"purchasable","16":"product-type-simple"},"_links":{"self":[{"href":"https:\/\/www.jacmarine.com\/fr\/wp-json\/wp\/v2\/product\/1086","targetHints":{"allow":["GET"]}}],"collection":[{"href":"https:\/\/www.jacmarine.com\/fr\/wp-json\/wp\/v2\/product"}],"about":[{"href":"https:\/\/www.jacmarine.com\/fr\/wp-json\/wp\/v2\/types\/product"}],"replies":[{"embeddable":true,"href":"https:\/\/www.jacmarine.com\/fr\/wp-json\/wp\/v2\/comments?post=1086"}],"wp:featuredmedia":[{"embeddable":true,"href":"https:\/\/www.jacmarine.com\/fr\/wp-json\/wp\/v2\/media\/1101"}],"wp:attachment":[{"href":"https:\/\/www.jacmarine.com\/fr\/wp-json\/wp\/v2\/media?parent=1086"}],"wp:term":[{"taxonomy":"product_brand","embeddable":true,"href":"https:\/\/www.jacmarine.com\/fr\/wp-json\/wp\/v2\/product_brand?post=1086"},{"taxonomy":"product_cat","embeddable":true,"href":"https:\/\/www.jacmarine.com\/fr\/wp-json\/wp\/v2\/product_cat?post=1086"},{"taxonomy":"product_tag","embeddable":true,"href":"https:\/\/www.jacmarine.com\/fr\/wp-json\/wp\/v2\/product_tag?post=1086"}],"curies":[{"name":"wp","href":"https:\/\/api.w.org\/{rel}","templated":true}]}}