{"id":1007,"date":"2025-11-23T15:51:17","date_gmt":"2025-11-23T20:51:17","guid":{"rendered":"https:\/\/www.jacmarine.com\/?post_type=product&#038;p=1007"},"modified":"2026-03-25T16:53:58","modified_gmt":"2026-03-25T20:53:58","slug":"ensemble-pour-rebord-plat-montage-pour-petite-chaloupe","status":"publish","type":"product","link":"https:\/\/www.jacmarine.com\/fr\/produit\/ensemble-pour-rebord-plat-montage-pour-petite-chaloupe\/","title":{"rendered":"Ensemble pour rebord plat \u2013 Montage pour petite chaloupe"},"content":{"rendered":"<p><a href=\"https:\/\/www.jacmarine.com\/produit\/montage-pour-petite-chaloupe\/\" target=\"_blank\" rel=\"noopener\">AS101-141-000<\/a><\/p>\n","protected":false},"excerpt":{"rendered":"<p>Ensemble de renfort pour rebord plat con\u00e7u pour compl\u00e9ter le montage <a href=\"https:\/\/www.jacmarine.com\/produit\/montage-pour-petite-chaloupe\/\" target=\"_blank\" rel=\"noopener\">AS101-141-000<\/a>. Il assure un appui solide lorsque la chaloupe poss\u00e8de un rebord plat ou une structure n\u00e9cessitant un soutien suppl\u00e9mentaire. Selon l\u2019embarcation, une ou deux pi\u00e8ces par c\u00f4t\u00e9 peuvent \u00eatre requises afin d\u2019obtenir une stabilit\u00e9 optimale.<\/p>\n<ul>\n<li><strong>R\u00e9f\u00e9rence<\/strong> : AS101-141-001<\/li>\n<li><strong>Mat\u00e9riaux<\/strong> : Aluminium 6061 anodis\u00e9 clair, quincaillerie en acier inoxydable<\/li>\n<li><strong>Utilisation<\/strong> : Con\u00e7ue pour maintenir solidement les composantes du montage et permettre un ajustement rapide et pr\u00e9cis lorsque n\u00e9cessaire.<\/li>\n<li><strong>Compatibilit\u00e9: <\/strong>Exclusivement compatible avec le montage pour petite chaloupe <a href=\"https:\/\/www.jacmarine.com\/produit\/montage-pour-petite-chaloupe\/\" target=\"_blank\" rel=\"noopener\">AS101-141-000<\/a><\/li>\n<li><strong>Quantit\u00e9 par emballage :<\/strong> 2 pi\u00e8ces + 2 boulons<\/li>\n<\/ul>\n","protected":false},"featured_media":1008,"comment_status":"open","ping_status":"closed","template":"","meta":{"_seopress_robots_primary_cat":"none","_seopress_titles_title":"Ensemble pour rebord plat \u2013 Montage pour petite chaloupe","_seopress_titles_desc":"Ensemble de renfort pour rebord plat, con\u00e7u pour stabiliser le montage AS101-141-000 sur les chaloupes \u00e0 rebord plat ou irr\u00e9gulier. Installation solide.","_seopress_robots_index":""},"product_brand":[38],"product_cat":[35],"product_tag":[],"class_list":{"0":"post-1007","1":"product","2":"type-product","3":"status-publish","4":"has-post-thumbnail","6":"product_brand-jac-marine","7":"product_cat-pieces","9":"first","10":"instock","11":"taxable","12":"shipping-taxable","13":"purchasable","14":"product-type-simple"},"_links":{"self":[{"href":"https:\/\/www.jacmarine.com\/fr\/wp-json\/wp\/v2\/product\/1007","targetHints":{"allow":["GET"]}}],"collection":[{"href":"https:\/\/www.jacmarine.com\/fr\/wp-json\/wp\/v2\/product"}],"about":[{"href":"https:\/\/www.jacmarine.com\/fr\/wp-json\/wp\/v2\/types\/product"}],"replies":[{"embeddable":true,"href":"https:\/\/www.jacmarine.com\/fr\/wp-json\/wp\/v2\/comments?post=1007"}],"wp:featuredmedia":[{"embeddable":true,"href":"https:\/\/www.jacmarine.com\/fr\/wp-json\/wp\/v2\/media\/1008"}],"wp:attachment":[{"href":"https:\/\/www.jacmarine.com\/fr\/wp-json\/wp\/v2\/media?parent=1007"}],"wp:term":[{"taxonomy":"product_brand","embeddable":true,"href":"https:\/\/www.jacmarine.com\/fr\/wp-json\/wp\/v2\/product_brand?post=1007"},{"taxonomy":"product_cat","embeddable":true,"href":"https:\/\/www.jacmarine.com\/fr\/wp-json\/wp\/v2\/product_cat?post=1007"},{"taxonomy":"product_tag","embeddable":true,"href":"https:\/\/www.jacmarine.com\/fr\/wp-json\/wp\/v2\/product_tag?post=1007"}],"curies":[{"name":"wp","href":"https:\/\/api.w.org\/{rel}","templated":true}]}}