{"id":950,"date":"2025-11-18T14:50:41","date_gmt":"2025-11-18T19:50:41","guid":{"rendered":"https:\/\/www.jacmarine.com\/?post_type=product&#038;p=950"},"modified":"2026-03-25T16:53:58","modified_gmt":"2026-03-25T20:53:58","slug":"goupille-a-declenchement-0-250%e2%80%b3-x-1-375%e2%80%b3","status":"publish","type":"product","link":"https:\/\/www.jacmarine.com\/en\/product\/goupille-a-declenchement-0-250%e2%80%b3-x-1-375%e2%80%b3\/","title":{"rendered":"Trigger pin 0.250\u2033 \u00d7 1.375\u2033"},"content":{"rendered":"","protected":false},"excerpt":{"rendered":"<p>Heavy-duty quick-release pin in zinc-plated steel, used to effectively secure extensions and handle in JAC Marine mounts. It locks securely and releases instantly to facilitate adjustments on the water.<\/p>\n<ul>\n<li><strong>Reference:<\/strong> <strong>:<\/strong> GOU0250-137 NICL<\/li>\n<li><strong>Materials<\/strong> <strong>:<\/strong> galvanized steel<\/li>\n<li><strong>How to use :<\/strong> Designed to ensure quick locking and unlocking of extensions and handle, facilitating frequent adjustments and configuration changes.<\/li>\n<li><strong>Compatibility: <\/strong>Fits all extensions, handles and components using a 0.250\u2033 pin for quick locking.<\/li>\n<li><strong>Quantity per package :<\/strong> 1<\/li>\n<\/ul>","protected":false},"featured_media":1016,"comment_status":"open","ping_status":"closed","template":"","meta":{"_seopress_robots_primary_cat":"none","_seopress_titles_title":"Poign\u00e9e aluminium M 1\/4-20 (\u00d81 5\/16\" x 1 5\/16\")","_seopress_titles_desc":"Con\u00e7ue pour assurer un verrouillage et un d\u00e9verrouillage rapide des rallonges et de la poign\u00e9e, facilitant les ajustements fr\u00e9quents et les changements de configuration.","_seopress_robots_index":""},"product_brand":[38],"product_cat":[35],"product_tag":[],"class_list":{"0":"post-950","1":"product","2":"type-product","3":"status-publish","4":"has-post-thumbnail","6":"product_brand-jac-marine","7":"product_cat-pieces","9":"first","10":"instock","11":"taxable","12":"shipping-taxable","13":"purchasable","14":"product-type-simple"},"_links":{"self":[{"href":"https:\/\/www.jacmarine.com\/en\/wp-json\/wp\/v2\/product\/950","targetHints":{"allow":["GET"]}}],"collection":[{"href":"https:\/\/www.jacmarine.com\/en\/wp-json\/wp\/v2\/product"}],"about":[{"href":"https:\/\/www.jacmarine.com\/en\/wp-json\/wp\/v2\/types\/product"}],"replies":[{"embeddable":true,"href":"https:\/\/www.jacmarine.com\/en\/wp-json\/wp\/v2\/comments?post=950"}],"wp:featuredmedia":[{"embeddable":true,"href":"https:\/\/www.jacmarine.com\/en\/wp-json\/wp\/v2\/media\/1016"}],"wp:attachment":[{"href":"https:\/\/www.jacmarine.com\/en\/wp-json\/wp\/v2\/media?parent=950"}],"wp:term":[{"taxonomy":"product_brand","embeddable":true,"href":"https:\/\/www.jacmarine.com\/en\/wp-json\/wp\/v2\/product_brand?post=950"},{"taxonomy":"product_cat","embeddable":true,"href":"https:\/\/www.jacmarine.com\/en\/wp-json\/wp\/v2\/product_cat?post=950"},{"taxonomy":"product_tag","embeddable":true,"href":"https:\/\/www.jacmarine.com\/en\/wp-json\/wp\/v2\/product_tag?post=950"}],"curies":[{"name":"wp","href":"https:\/\/api.w.org\/{rel}","templated":true}]}}