{"id":926,"date":"2025-11-16T11:11:42","date_gmt":"2025-11-16T16:11:42","guid":{"rendered":"https:\/\/www.jacmarine.com\/?post_type=product&#038;p=926"},"modified":"2026-03-25T16:53:58","modified_gmt":"2026-03-25T20:53:58","slug":"poignee-aluminium-f-1-4-20-o1-x-9-16","status":"publish","type":"product","link":"https:\/\/www.jacmarine.com\/en\/product\/poignee-aluminium-f-1-4-20-o1-x-9-16\/","title":{"rendered":"Aluminum Knob F 1\/4-20 (\u00d81\u2033 x 9\/16\u2033)"},"content":{"rendered":"","protected":false},"excerpt":{"rendered":"<p>Aluminum Knob, Internal thread (Female) 1\/4-20 (\u00d81\u2033 x 9\/16\u2033)<\/p>\n<ul>\n<li><strong>Reference:<\/strong> : P107-111-000<\/li>\n<li><strong>Materials<\/strong> Black anodized 6061 aluminum<\/li>\n<li><strong>Use:<\/strong> Designed to securely hold assembly components in place while allowing quick and precise adjustments when needed.<\/li>\n<li><strong>Compatibility:<\/strong> AP100-108-000 (Deluxe handle)<\/li>\n<li><strong>Quantity per package :<\/strong> 1 piece<\/li>\n<\/ul>","protected":false},"featured_media":942,"comment_status":"open","ping_status":"closed","template":"","meta":{"_seopress_robots_primary_cat":"none","_seopress_titles_title":"Poign\u00e9e aluminium F 1\/4-20 (\u00d81\" x 9\/16\")","_seopress_titles_desc":"Con\u00e7ue pour maintenir solidement les composantes du montage et permettre un ajustement rapide et pr\u00e9cis lorsque n\u00e9cessaire.","_seopress_robots_index":""},"product_brand":[38],"product_cat":[35],"product_tag":[],"class_list":{"0":"post-926","1":"product","2":"type-product","3":"status-publish","4":"has-post-thumbnail","6":"product_brand-jac-marine","7":"product_cat-pieces","9":"first","10":"instock","11":"taxable","12":"shipping-taxable","13":"purchasable","14":"product-type-simple"},"_links":{"self":[{"href":"https:\/\/www.jacmarine.com\/en\/wp-json\/wp\/v2\/product\/926","targetHints":{"allow":["GET"]}}],"collection":[{"href":"https:\/\/www.jacmarine.com\/en\/wp-json\/wp\/v2\/product"}],"about":[{"href":"https:\/\/www.jacmarine.com\/en\/wp-json\/wp\/v2\/types\/product"}],"replies":[{"embeddable":true,"href":"https:\/\/www.jacmarine.com\/en\/wp-json\/wp\/v2\/comments?post=926"}],"wp:featuredmedia":[{"embeddable":true,"href":"https:\/\/www.jacmarine.com\/en\/wp-json\/wp\/v2\/media\/942"}],"wp:attachment":[{"href":"https:\/\/www.jacmarine.com\/en\/wp-json\/wp\/v2\/media?parent=926"}],"wp:term":[{"taxonomy":"product_brand","embeddable":true,"href":"https:\/\/www.jacmarine.com\/en\/wp-json\/wp\/v2\/product_brand?post=926"},{"taxonomy":"product_cat","embeddable":true,"href":"https:\/\/www.jacmarine.com\/en\/wp-json\/wp\/v2\/product_cat?post=926"},{"taxonomy":"product_tag","embeddable":true,"href":"https:\/\/www.jacmarine.com\/en\/wp-json\/wp\/v2\/product_tag?post=926"}],"curies":[{"name":"wp","href":"https:\/\/api.w.org\/{rel}","templated":true}]}}