{"id":895,"date":"2025-11-15T07:55:21","date_gmt":"2025-11-15T12:55:21","guid":{"rendered":"https:\/\/www.jacmarine.com\/?post_type=product&#038;p=895"},"modified":"2026-03-25T16:53:58","modified_gmt":"2026-03-25T20:53:58","slug":"plaque-dextension-xxl","status":"publish","type":"product","link":"https:\/\/www.jacmarine.com\/en\/product\/plaque-dextension-xxl\/","title":{"rendered":"XXL extension plate"},"content":{"rendered":"<p><a href=\"https:\/\/www.jacmarine.com\/wp-content\/uploads\/2025\/11\/plaque-principalas101-000-002as101-001-000-scaled-e1763219302822.jpg\"><img alt=\"\" loading=\"lazy\" decoding=\"async\" class=\"size-large wp-image-899\" src=\"https:\/\/www.jacmarine.com\/wp-content\/uploads\/2025\/11\/plaque-principalas101-000-002as101-001-000-1030x796.jpg\" width=\"1030\" height=\"796\" \/><\/a><\/p>\n<p><a href=\"https:\/\/www.jacmarine.com\/wp-content\/uploads\/2025\/11\/plaque-principalas101-000-002as101-090-000-scaled-e1763219765955.jpg\"><img loading=\"lazy\" decoding=\"async\" class=\"size-large wp-image-901\" src=\"https:\/\/www.jacmarine.com\/wp-content\/uploads\/2025\/11\/plaque-principalas101-000-002as101-090-000-1030x796.jpg\" alt=\"plaque d'extension xxl\" width=\"1030\" height=\"796\" \/><\/a><\/p>\n<p>&nbsp;<\/p>","protected":false},"excerpt":{"rendered":"<p>Extension plate for adjusting the main plate as close as possible to the boat's edge, so that the bracket is positioned as close as possible to the hull.<\/p>\n<ul>\n<li style=\"list-style-type: none;\">\n<ul>\n<li><strong>Reference:<\/strong> AS101-000-002<\/li>\n<li><strong>Materials<\/strong> Aluminium 6061 clear anodized<\/li>\n<li><strong>Dimensions<\/strong> Size : 1\/2 x 4 x 13 1\/2<\/li>\n<li><strong>Use:<\/strong> Adjust and bring the support closer to the boat's edge<\/li>\n<li><strong>Compatibility:<\/strong> Compatible with SA101-110-000 main plate and all available mounts.<\/li>\n<li><strong data-start=\"613\" data-end=\"642\"> Included in packaging :<\/strong> 1 XXL extension plate, 4 stainless steel screws<\/li>\n<\/ul>\n<\/li>\n<li style=\"list-style-type: none;\"><strong data-start=\"613\" data-end=\"642\">\u00a0<\/strong><\/li>\n<\/ul>","protected":false},"featured_media":943,"comment_status":"open","ping_status":"closed","template":"","meta":{"_seopress_robots_primary_cat":"none","_seopress_titles_title":"Plaque d'extension XXL","_seopress_titles_desc":"Plaque d\u2019extension permettant d\u2019ajuster la plaque principale au plus pr\u00e8s du rebord du bateau, afin que le support soit positionn\u00e9 le plus pr\u00e8s possible de la coque.","_seopress_robots_index":""},"product_brand":[38],"product_cat":[21],"product_tag":[],"class_list":{"0":"post-895","1":"product","2":"type-product","3":"status-publish","4":"has-post-thumbnail","6":"product_brand-jac-marine","7":"product_cat-accessoires","9":"first","10":"instock","11":"taxable","12":"shipping-taxable","13":"purchasable","14":"product-type-simple"},"_links":{"self":[{"href":"https:\/\/www.jacmarine.com\/en\/wp-json\/wp\/v2\/product\/895","targetHints":{"allow":["GET"]}}],"collection":[{"href":"https:\/\/www.jacmarine.com\/en\/wp-json\/wp\/v2\/product"}],"about":[{"href":"https:\/\/www.jacmarine.com\/en\/wp-json\/wp\/v2\/types\/product"}],"replies":[{"embeddable":true,"href":"https:\/\/www.jacmarine.com\/en\/wp-json\/wp\/v2\/comments?post=895"}],"wp:featuredmedia":[{"embeddable":true,"href":"https:\/\/www.jacmarine.com\/en\/wp-json\/wp\/v2\/media\/943"}],"wp:attachment":[{"href":"https:\/\/www.jacmarine.com\/en\/wp-json\/wp\/v2\/media?parent=895"}],"wp:term":[{"taxonomy":"product_brand","embeddable":true,"href":"https:\/\/www.jacmarine.com\/en\/wp-json\/wp\/v2\/product_brand?post=895"},{"taxonomy":"product_cat","embeddable":true,"href":"https:\/\/www.jacmarine.com\/en\/wp-json\/wp\/v2\/product_cat?post=895"},{"taxonomy":"product_tag","embeddable":true,"href":"https:\/\/www.jacmarine.com\/en\/wp-json\/wp\/v2\/product_tag?post=895"}],"curies":[{"name":"wp","href":"https:\/\/api.w.org\/{rel}","templated":true}]}}