{"id":763,"date":"2025-07-15T20:33:31","date_gmt":"2025-07-16T00:33:31","guid":{"rendered":"https:\/\/www.jacmarine.com\/?post_type=product&#038;p=763"},"modified":"2026-03-25T16:53:58","modified_gmt":"2026-03-25T20:53:58","slug":"montage-ajustable-90-princetrak-princecraft-7-a-105","status":"publish","type":"product","link":"https:\/\/www.jacmarine.com\/en\/product\/montage-ajustable-90-princetrak-princecraft-7-a-105\/","title":{"rendered":"Adjustable 90\u00b0 Mount PrinceTrak Princecraft (-7\u00b0 to 105\u00b0)"},"content":{"rendered":"<div class='avia-iframe-wrap'><iframe loading=\"lazy\" title=\"90 degree adjustable mount for Princecraft princetrack #livescope #garmin www.jacmarine.com\" width=\"563\" height=\"1000\" src=\"https:\/\/www.youtube.com\/embed\/1Xjlx96IGbc?feature=oembed\" frameborder=\"0\" allow=\"accelerometer; autoplay; clipboard-write; encrypted-media; gyroscope; picture-in-picture; web-share\" referrerpolicy=\"strict-origin-when-cross-origin\" allowfullscreen><\/iframe><\/div>","protected":false},"excerpt":{"rendered":"<p>This bracket has been designed to allow secure installation of the JAC Marine universal bracket on Princecraft boats fitted with the PrinceTrak rail system. It ensures a perfectly level fit, even on boats with a sloping rail, such as the new Holiday models. For installation, the rail must have an opening to allow the T-nut to be inserted before sliding it into place.<\/p>\n<ul>\n<li><strong>Reference:<\/strong> AS101-190-010<\/li>\n<li><strong>Materials<\/strong> Clear anodized 6061 aluminum, stainless steel<\/li>\n<li><strong>Use:<\/strong> Allows the Jac Marine mount to be leveled and raised to prevent it from extending beyond the boat.<\/li>\n<li><strong>Compatibility:<\/strong> SA101-110-000, AS101-000-000, AS101-000-001 , AS101-000-002<\/li>\n<li><strong><strong>Special feature of the adjustable system:\u00a0<\/strong><\/strong>This component is part of the JAC Marine family of adjustable mounts. Thanks to its common base, the same assembly can be adapted to several types of boat: simply change the side pieces according to the angle required (0\u00b0, 42\u00b0, 60\u00b0 or 90\u00b0), as well as the components that fit into the boat's rail.<\/li>\n<li><strong>The big advantage?<\/strong>\u00a0No need to buy everything new. Whether you're changing boats or using different ones (friends, rentals, etc.), all you have to do is replace a few parts to make your set-up fit perfectly. A versatile, upgradeable system designed to follow you wherever you go.<\/li>\n<\/ul>","protected":false},"featured_media":772,"comment_status":"open","ping_status":"closed","template":"","meta":{"_seopress_robots_primary_cat":"none","_seopress_titles_title":"Montage ajustable 90\u00b0 PrinceTrak Princecraft (-7\u00b0 \u00e0 105\u00b0)","_seopress_titles_desc":"Fixation PrinceTrak gardant le support JAC Marine parfaitement nivel\u00e9, m\u00eame sur rails inclin\u00e9s. S\u2019installe facilement via l\u2019ouverture du rail.","_seopress_robots_index":""},"product_brand":[38],"product_cat":[21,36],"product_tag":[],"class_list":{"0":"post-763","1":"product","2":"type-product","3":"status-publish","4":"has-post-thumbnail","6":"product_brand-jac-marine","7":"product_cat-accessoires","8":"product_cat-montage-bateau","10":"first","11":"instock","12":"taxable","13":"shipping-taxable","14":"purchasable","15":"product-type-simple"},"_links":{"self":[{"href":"https:\/\/www.jacmarine.com\/en\/wp-json\/wp\/v2\/product\/763","targetHints":{"allow":["GET"]}}],"collection":[{"href":"https:\/\/www.jacmarine.com\/en\/wp-json\/wp\/v2\/product"}],"about":[{"href":"https:\/\/www.jacmarine.com\/en\/wp-json\/wp\/v2\/types\/product"}],"replies":[{"embeddable":true,"href":"https:\/\/www.jacmarine.com\/en\/wp-json\/wp\/v2\/comments?post=763"}],"wp:featuredmedia":[{"embeddable":true,"href":"https:\/\/www.jacmarine.com\/en\/wp-json\/wp\/v2\/media\/772"}],"wp:attachment":[{"href":"https:\/\/www.jacmarine.com\/en\/wp-json\/wp\/v2\/media?parent=763"}],"wp:term":[{"taxonomy":"product_brand","embeddable":true,"href":"https:\/\/www.jacmarine.com\/en\/wp-json\/wp\/v2\/product_brand?post=763"},{"taxonomy":"product_cat","embeddable":true,"href":"https:\/\/www.jacmarine.com\/en\/wp-json\/wp\/v2\/product_cat?post=763"},{"taxonomy":"product_tag","embeddable":true,"href":"https:\/\/www.jacmarine.com\/en\/wp-json\/wp\/v2\/product_tag?post=763"}],"curies":[{"name":"wp","href":"https:\/\/api.w.org\/{rel}","templated":true}]}}