{"id":717,"date":"2025-07-06T19:07:43","date_gmt":"2025-07-06T23:07:43","guid":{"rendered":"https:\/\/www.jacmarine.com\/?post_type=product&#038;p=717"},"modified":"2026-03-25T16:53:59","modified_gmt":"2026-03-25T20:53:59","slug":"clips-de-rangement-deluxe-90-degres-pour-rail-9mm-11-32-princecraft","status":"publish","type":"product","link":"https:\/\/www.jacmarine.com\/en\/product\/clips-de-rangement-deluxe-90-degres-pour-rail-9mm-11-32-princecraft\/","title":{"rendered":"Deluxe 90 degree storage clips for 9mm-11\/32\u2033 rail Princecraft"},"content":{"rendered":"","protected":false},"excerpt":{"rendered":"<p>Deluxe 90-degree storage clips for the Jac Marine \"pole\" inside the quick-release Princecraft boat rail. May also be compatible with other brands if the rail is the same width (9mm-11\/32).<\/p>\n<ul>\n<li><strong>Reference:<\/strong> AP100-090-004<\/li>\n<li><strong>Materials<\/strong> 6061 clear anodized aluminum and plastic<\/li>\n<li><strong>Use:<\/strong> 90-degree rail for Princecraft boats<\/li>\n<\/ul>","protected":false},"featured_media":373,"comment_status":"open","ping_status":"closed","template":"","meta":{"_seopress_robots_primary_cat":"none","_seopress_titles_title":"Clips de rangement deluxe 90\u00b0 pour rail 9mm-11\/32 Princecraft","_seopress_titles_desc":"Clips deluxe 90\u00b0 pour la \u00ab p\u00f4le \u00bb JAC Marine, rangement int\u00e9rieur pratique avec syst\u00e8me \u00e0 d\u00e9tachement rapide pour rail de bateau Princecraft.","_seopress_robots_index":""},"product_brand":[38],"product_cat":[21,33],"product_tag":[],"class_list":{"0":"post-717","1":"product","2":"type-product","3":"status-publish","4":"has-post-thumbnail","6":"product_brand-jac-marine","7":"product_cat-accessoires","8":"product_cat-rangement","10":"first","11":"instock","12":"taxable","13":"shipping-taxable","14":"purchasable","15":"product-type-simple"},"_links":{"self":[{"href":"https:\/\/www.jacmarine.com\/en\/wp-json\/wp\/v2\/product\/717","targetHints":{"allow":["GET"]}}],"collection":[{"href":"https:\/\/www.jacmarine.com\/en\/wp-json\/wp\/v2\/product"}],"about":[{"href":"https:\/\/www.jacmarine.com\/en\/wp-json\/wp\/v2\/types\/product"}],"replies":[{"embeddable":true,"href":"https:\/\/www.jacmarine.com\/en\/wp-json\/wp\/v2\/comments?post=717"}],"wp:featuredmedia":[{"embeddable":true,"href":"https:\/\/www.jacmarine.com\/en\/wp-json\/wp\/v2\/media\/373"}],"wp:attachment":[{"href":"https:\/\/www.jacmarine.com\/en\/wp-json\/wp\/v2\/media?parent=717"}],"wp:term":[{"taxonomy":"product_brand","embeddable":true,"href":"https:\/\/www.jacmarine.com\/en\/wp-json\/wp\/v2\/product_brand?post=717"},{"taxonomy":"product_cat","embeddable":true,"href":"https:\/\/www.jacmarine.com\/en\/wp-json\/wp\/v2\/product_cat?post=717"},{"taxonomy":"product_tag","embeddable":true,"href":"https:\/\/www.jacmarine.com\/en\/wp-json\/wp\/v2\/product_tag?post=717"}],"curies":[{"name":"wp","href":"https:\/\/api.w.org\/{rel}","templated":true}]}}