{"id":647,"date":"2025-05-10T15:09:53","date_gmt":"2025-05-10T19:09:53","guid":{"rendered":"https:\/\/www.jacmarine.com\/?post_type=product&#038;p=647"},"modified":"2026-04-03T07:22:17","modified_gmt":"2026-04-03T11:22:17","slug":"support-universel-pole-pour-sonde-live-de-60-pouces-garmin-lowrance-humminbird","status":"publish","type":"product","link":"https:\/\/www.jacmarine.com\/en\/product\/support-universel-pole-pour-sonde-live-de-60-pouces-garmin-lowrance-humminbird\/","title":{"rendered":"Universal pole mount 60'' for Live sonar - GARMIN-LOWRANCE-HUMMINBIRD"},"content":{"rendered":"","protected":false},"excerpt":{"rendered":"<p style=\"font-weight: 400;\">60-inch clear anodized aluminum stand with two 30-inch sections, black anodized aluminum handle folds and easily disassembles. Height adjustable. Main plate, 3 wire clips and probe attachment included.<\/p>\n<ul>\n<li style=\"font-weight: 400;\"><strong>Reference:<\/strong> JP100-001-060<\/li>\n<li style=\"font-weight: 400;\"><strong>Material<\/strong> Aluminium 6061 and 7075 clear and black anodized<\/li>\n<li style=\"font-weight: 400;\"><strong>Dimensions<\/strong> : 4\u2033 x 6\u2033 x 63\u2033<\/li>\n<li style=\"font-weight: 400;\"><strong>Use:<\/strong> To attach a live sensor to a boat<\/li>\n<li style=\"font-weight: 400;\"><strong>Compatibility:<\/strong> All types of boats and live probes. This product is compatible with the ice fishing tripod (PG100-001-000).<\/li>\n<li style=\"font-weight: 400;\"><strong>*Important*:<\/strong> Choose a mounting system adapted to your boat's rail type, or, for certain models, a \"downrigger\" type bracket. If your boat is not equipped with an original rail, a compatible system (e.g. mounting for small boats, Cannon-type rail) may be required. Please contact us if you have any questions.<\/li>\n<\/ul>\n<p><strong><em>Not sure you're ordering the right length?<\/em><\/strong><br \/>\n<em><a href=\"https:\/\/www.jacmarine.com\/en\/demande-assistance\/\">Click here<\/a> to request assistance online<\/em><\/p>\n<p>&nbsp;<\/p>","protected":false},"featured_media":283,"comment_status":"open","ping_status":"closed","template":"","meta":{"_seopress_robots_primary_cat":"none","_seopress_titles_title":"Support universel sonde Live 60\" GARMIN-LOWRANCE-HUMMINBIRD","_seopress_titles_desc":"Support de 60 pouces en aluminium anodis\u00e9 clair avec deux sections de 30 pouces, poign\u00e9e en aluminium anodis\u00e9e noire pliable.","_seopress_robots_index":""},"product_brand":[38],"product_cat":[20],"product_tag":[],"class_list":{"0":"post-647","1":"product","2":"type-product","3":"status-publish","4":"has-post-thumbnail","6":"product_brand-jac-marine","7":"product_cat-supports","9":"first","10":"instock","11":"featured","12":"taxable","13":"shipping-taxable","14":"purchasable","15":"product-type-simple"},"_links":{"self":[{"href":"https:\/\/www.jacmarine.com\/en\/wp-json\/wp\/v2\/product\/647","targetHints":{"allow":["GET"]}}],"collection":[{"href":"https:\/\/www.jacmarine.com\/en\/wp-json\/wp\/v2\/product"}],"about":[{"href":"https:\/\/www.jacmarine.com\/en\/wp-json\/wp\/v2\/types\/product"}],"replies":[{"embeddable":true,"href":"https:\/\/www.jacmarine.com\/en\/wp-json\/wp\/v2\/comments?post=647"}],"wp:featuredmedia":[{"embeddable":true,"href":"https:\/\/www.jacmarine.com\/en\/wp-json\/wp\/v2\/media\/283"}],"wp:attachment":[{"href":"https:\/\/www.jacmarine.com\/en\/wp-json\/wp\/v2\/media?parent=647"}],"wp:term":[{"taxonomy":"product_brand","embeddable":true,"href":"https:\/\/www.jacmarine.com\/en\/wp-json\/wp\/v2\/product_brand?post=647"},{"taxonomy":"product_cat","embeddable":true,"href":"https:\/\/www.jacmarine.com\/en\/wp-json\/wp\/v2\/product_cat?post=647"},{"taxonomy":"product_tag","embeddable":true,"href":"https:\/\/www.jacmarine.com\/en\/wp-json\/wp\/v2\/product_tag?post=647"}],"curies":[{"name":"wp","href":"https:\/\/api.w.org\/{rel}","templated":true}]}}