{"id":271,"date":"2025-01-02T13:33:00","date_gmt":"2025-01-02T18:33:00","guid":{"rendered":"https:\/\/jacmarine.com\/?post_type=product&#038;p=271"},"modified":"2026-03-25T16:53:59","modified_gmt":"2026-03-25T20:53:59","slug":"support-a-sonde-deluxe-44-pouces-pour-peche-sur-glace-garmin-lowrance-humminbird","status":"publish","type":"product","link":"https:\/\/www.jacmarine.com\/en\/product\/support-a-sonde-deluxe-44-pouces-pour-peche-sur-glace-garmin-lowrance-humminbird\/","title":{"rendered":"Deluxe 44-inch probe holder for ice fishing - GARMIN-LOWRANCE-HUMMINBIRD"},"content":{"rendered":"","protected":false},"excerpt":{"rendered":"<p>30\u2033 transducer pole with a 12\u2033 extension, made of clear anodized aluminum, with a black anodized aluminum 16\u2033 tripod for ice fishing. Comes with a deluxe handle, foldable and detachable, a universal transducer mount (3.25\u2033 long), two cable clips for the transducer, and two transport locking clips.<\/p>\n<p><strong data-start=\"115\" data-end=\"136\">Important note:<\/strong> This kit can be converted into a universal boat mount. A kit for this conversion will be available soon.<\/p>\n<ul>\n<li><strong>Reference:<\/strong> : PG100-001-044<\/li>\n<li><strong>Materials<\/strong> Aluminium 6061 and 7075 clear and black anodized<\/li>\n<li><strong>Dimensions<\/strong> : 3 \u00bd \" X 45\u2033<\/li>\n<li><strong>Use:<\/strong> To use the live probe for ice fishing<\/li>\n<li><strong>Compatibility:<\/strong> JP100 (summer). All live sensor types<\/li>\n<\/ul>","protected":false},"featured_media":287,"comment_status":"open","ping_status":"closed","template":"","meta":{"_seopress_robots_primary_cat":"none","_seopress_titles_title":"Support \u00e0 sonde \u00ab Live \u00bb deluxe 44\" pour p\u00eache sur glace","_seopress_titles_desc":"P\u00f4le de 30 pouces avec extension de 12 pouces en aluminium anodis\u00e9 clair avec tr\u00e9pied en aluminium pour p\u00eache sur glace, diam\u00e8tre de 16 pouces.","_seopress_robots_index":""},"product_brand":[38],"product_cat":[20],"product_tag":[],"class_list":{"0":"post-271","1":"product","2":"type-product","3":"status-publish","4":"has-post-thumbnail","6":"product_brand-jac-marine","7":"product_cat-supports","9":"first","10":"instock","11":"taxable","12":"shipping-taxable","13":"purchasable","14":"product-type-simple"},"_links":{"self":[{"href":"https:\/\/www.jacmarine.com\/en\/wp-json\/wp\/v2\/product\/271","targetHints":{"allow":["GET"]}}],"collection":[{"href":"https:\/\/www.jacmarine.com\/en\/wp-json\/wp\/v2\/product"}],"about":[{"href":"https:\/\/www.jacmarine.com\/en\/wp-json\/wp\/v2\/types\/product"}],"replies":[{"embeddable":true,"href":"https:\/\/www.jacmarine.com\/en\/wp-json\/wp\/v2\/comments?post=271"}],"wp:featuredmedia":[{"embeddable":true,"href":"https:\/\/www.jacmarine.com\/en\/wp-json\/wp\/v2\/media\/287"}],"wp:attachment":[{"href":"https:\/\/www.jacmarine.com\/en\/wp-json\/wp\/v2\/media?parent=271"}],"wp:term":[{"taxonomy":"product_brand","embeddable":true,"href":"https:\/\/www.jacmarine.com\/en\/wp-json\/wp\/v2\/product_brand?post=271"},{"taxonomy":"product_cat","embeddable":true,"href":"https:\/\/www.jacmarine.com\/en\/wp-json\/wp\/v2\/product_cat?post=271"},{"taxonomy":"product_tag","embeddable":true,"href":"https:\/\/www.jacmarine.com\/en\/wp-json\/wp\/v2\/product_tag?post=271"}],"curies":[{"name":"wp","href":"https:\/\/api.w.org\/{rel}","templated":true}]}}