{"id":270,"date":"2025-01-02T13:29:56","date_gmt":"2025-01-02T18:29:56","guid":{"rendered":"https:\/\/jacmarine.com\/?post_type=product&#038;p=270"},"modified":"2026-03-25T16:53:59","modified_gmt":"2026-03-25T20:53:59","slug":"support-a-sonde-deluxe-32-pouces-pour-peche-sur-glace-garmin-lowrance-humminbird","status":"publish","type":"product","link":"https:\/\/www.jacmarine.com\/en\/product\/support-a-sonde-deluxe-32-pouces-pour-peche-sur-glace-garmin-lowrance-humminbird\/","title":{"rendered":"32-inch deluxe probe holder for ice fishing - GARMIN-LOWRANCE-HUMMINBIRD"},"content":{"rendered":"","protected":false},"excerpt":{"rendered":"<p>30\u2033 transducer pole made of clear anodized aluminum, with a black anodized aluminum 16\u2033 tripod for ice fishing. Comes with a deluxe handle, foldable and detachable, a universal transducer mount (3.25\u2033 long), and two cable clips for the transducer.<\/p>\n<p><strong data-start=\"115\" data-end=\"136\">Important note:<\/strong> This kit can be converted into a universal boat mount. A kit for this conversion will be available soon.<\/p>\n<ul>\n<li><strong>Reference:<\/strong> : PG100-001-032<\/li>\n<li><strong>Materials<\/strong> Aluminium 6061 and 7075 clear and black anodized<\/li>\n<li><strong>Dimensions<\/strong> : 3 \u00bd \" X 34\u2033<\/li>\n<li><strong>Use:<\/strong> To use the live probe for ice fishing<\/li>\n<li><strong>Compatibility:<\/strong> JP100 (summer). All live sensor types<\/li>\n<\/ul>","protected":false},"featured_media":289,"comment_status":"open","ping_status":"closed","template":"","meta":{"_seopress_robots_primary_cat":"none","_seopress_titles_title":"Support \u00e0 sonde \u00ab Live \u00bb deluxe 32\" pour p\u00eache sur glace","_seopress_titles_desc":"Support 30 pouces avec tr\u00e9pied en aluminium de 16 pouces pour la p\u00eache sur glace. Avec une poign\u00e9e deluxe, une fixation pour sonde et 2 attaches fil.","_seopress_robots_index":""},"product_brand":[38],"product_cat":[20],"product_tag":[],"class_list":{"0":"post-270","1":"product","2":"type-product","3":"status-publish","4":"has-post-thumbnail","6":"product_brand-jac-marine","7":"product_cat-supports","9":"first","10":"instock","11":"taxable","12":"shipping-taxable","13":"purchasable","14":"product-type-simple"},"_links":{"self":[{"href":"https:\/\/www.jacmarine.com\/en\/wp-json\/wp\/v2\/product\/270","targetHints":{"allow":["GET"]}}],"collection":[{"href":"https:\/\/www.jacmarine.com\/en\/wp-json\/wp\/v2\/product"}],"about":[{"href":"https:\/\/www.jacmarine.com\/en\/wp-json\/wp\/v2\/types\/product"}],"replies":[{"embeddable":true,"href":"https:\/\/www.jacmarine.com\/en\/wp-json\/wp\/v2\/comments?post=270"}],"wp:featuredmedia":[{"embeddable":true,"href":"https:\/\/www.jacmarine.com\/en\/wp-json\/wp\/v2\/media\/289"}],"wp:attachment":[{"href":"https:\/\/www.jacmarine.com\/en\/wp-json\/wp\/v2\/media?parent=270"}],"wp:term":[{"taxonomy":"product_brand","embeddable":true,"href":"https:\/\/www.jacmarine.com\/en\/wp-json\/wp\/v2\/product_brand?post=270"},{"taxonomy":"product_cat","embeddable":true,"href":"https:\/\/www.jacmarine.com\/en\/wp-json\/wp\/v2\/product_cat?post=270"},{"taxonomy":"product_tag","embeddable":true,"href":"https:\/\/www.jacmarine.com\/en\/wp-json\/wp\/v2\/product_tag?post=270"}],"curies":[{"name":"wp","href":"https:\/\/api.w.org\/{rel}","templated":true}]}}