{"id":1505,"date":"2026-04-23T11:55:04","date_gmt":"2026-04-23T15:55:04","guid":{"rendered":"https:\/\/www.jacmarine.com\/?post_type=product&#038;p=1505"},"modified":"2026-05-05T07:34:35","modified_gmt":"2026-05-05T11:34:35","slug":"t-shirt-jac-marine","status":"publish","type":"product","link":"https:\/\/www.jacmarine.com\/en\/product\/t-shirt-jac-marine\/","title":{"rendered":"JAC Marine T-shirt"},"content":{"rendered":"<p data-start=\"311\" data-end=\"614\">Le <strong data-start=\"339\" data-end=\"361\">t-shirt JAC Marine<\/strong> est un incontournable pour ceux qui recherchent un v\u00eatement \u00e0 la fois confortable, pratique et facile \u00e0 porter. Gr\u00e2ce \u00e0 sa coupe classique et sa couleur noire intemporelle, il s\u2019agence facilement \u00e0 toutes les tenues et convient \u00e0 une foule d\u2019occasions.<\/p>\n<p data-start=\"616\" data-end=\"906\">Son design \u00e9pur\u00e9 est rehauss\u00e9 par le logo <strong data-start=\"658\" data-end=\"672\">JAC Marine<\/strong> appos\u00e9 \u00e0 la poitrine, apportant une touche distinctive sans en faire trop. L\u00e9ger et agr\u00e9able \u00e0 porter, ce t-shirt convient aussi bien aux journ\u00e9es d\u00e9contract\u00e9es, aux activit\u00e9s ext\u00e9rieures qu\u2019aux \u00e9v\u00e9nements promotionnels ou nautiques.<\/p>\n<p data-start=\"908\" data-end=\"1032\">Polyvalent et ind\u00e9modable, il s\u2019agit d\u2019un essentiel \u00e0 avoir pour afficher fi\u00e8rement les couleurs de JAC Marine au quotidien.<\/p>\n<p data-start=\"1034\" data-end=\"1050\"><strong data-start=\"1034\" data-end=\"1050\">Points forts<\/strong><\/p>\n<ul data-start=\"1051\" data-end=\"1291\">\n<li data-section-id=\"xrb191\" data-start=\"1051\" data-end=\"1087\">T-shirt classique et confortable<\/li>\n<li data-section-id=\"943dol\" data-start=\"1088\" data-end=\"1131\">Couleur noire sobre et facile \u00e0 agencer<\/li>\n<li data-section-id=\"7giig8\" data-start=\"1132\" data-end=\"1165\">Logo JAC Marine \u00e0 la poitrine<\/li>\n<li data-section-id=\"45dxfl\" data-start=\"1166\" data-end=\"1207\">Coupe polyvalente pour tous les jours<\/li>\n<li data-section-id=\"17on61v\" data-start=\"1208\" data-end=\"1243\">Id\u00e9al pour un style d\u00e9contract\u00e9<\/li>\n<li data-section-id=\"1pg7iyo\" data-start=\"1244\" data-end=\"1291\">Parfait pour repr\u00e9senter la marque simplement<\/li>\n<\/ul>","protected":false},"excerpt":{"rendered":"<p>Simple, confortable et polyvalent, ce t-shirt noir JAC Marine est un essentiel du quotidien. Avec son logo \u00e0 la poitrine, il offre un look sobre et efficace, parfait pour repr\u00e9senter la marque avec style.<\/p>","protected":false},"featured_media":1497,"comment_status":"open","ping_status":"closed","template":"","meta":{"_seopress_robots_primary_cat":"none","_seopress_titles_title":"T-shirt JAC Marine","_seopress_titles_desc":"T-shirt JAC Marine noir avec logo \u00e0 la poitrine et coupe classique. Un v\u00eatement confortable, polyvalent et facile \u00e0 porter au quotidien.","_seopress_robots_index":""},"product_brand":[38],"product_cat":[39],"product_tag":[],"class_list":{"0":"post-1505","1":"product","2":"type-product","3":"status-publish","4":"has-post-thumbnail","6":"product_brand-jac-marine","7":"product_cat-vetements","9":"first","10":"instock","11":"taxable","12":"shipping-taxable","13":"purchasable","14":"product-type-variable"},"_links":{"self":[{"href":"https:\/\/www.jacmarine.com\/en\/wp-json\/wp\/v2\/product\/1505","targetHints":{"allow":["GET"]}}],"collection":[{"href":"https:\/\/www.jacmarine.com\/en\/wp-json\/wp\/v2\/product"}],"about":[{"href":"https:\/\/www.jacmarine.com\/en\/wp-json\/wp\/v2\/types\/product"}],"replies":[{"embeddable":true,"href":"https:\/\/www.jacmarine.com\/en\/wp-json\/wp\/v2\/comments?post=1505"}],"wp:featuredmedia":[{"embeddable":true,"href":"https:\/\/www.jacmarine.com\/en\/wp-json\/wp\/v2\/media\/1497"}],"wp:attachment":[{"href":"https:\/\/www.jacmarine.com\/en\/wp-json\/wp\/v2\/media?parent=1505"}],"wp:term":[{"taxonomy":"product_brand","embeddable":true,"href":"https:\/\/www.jacmarine.com\/en\/wp-json\/wp\/v2\/product_brand?post=1505"},{"taxonomy":"product_cat","embeddable":true,"href":"https:\/\/www.jacmarine.com\/en\/wp-json\/wp\/v2\/product_cat?post=1505"},{"taxonomy":"product_tag","embeddable":true,"href":"https:\/\/www.jacmarine.com\/en\/wp-json\/wp\/v2\/product_tag?post=1505"}],"curies":[{"name":"wp","href":"https:\/\/api.w.org\/{rel}","templated":true}]}}