{"id":1501,"date":"2026-04-23T11:37:06","date_gmt":"2026-04-23T15:37:06","guid":{"rendered":"https:\/\/www.jacmarine.com\/?post_type=product&#038;p=1501"},"modified":"2026-05-05T07:33:29","modified_gmt":"2026-05-05T11:33:29","slug":"casquette-ajustee-jac-marine","status":"publish","type":"product","link":"https:\/\/www.jacmarine.com\/en\/product\/casquette-ajustee-jac-marine\/","title":{"rendered":"JAC Marine fitted cap"},"content":{"rendered":"<p data-start=\"317\" data-end=\"679\">La <strong data-start=\"345\" data-end=\"377\">casquette ajust\u00e9e JAC Marine<\/strong> mise sur un style \u00e9pur\u00e9 et polyvalent qui convient aussi bien aux sorties en plein air qu\u2019\u00e0 un usage de tous les jours. Son design enti\u00e8rement noir lui donne une allure moderne et facile \u00e0 agencer, tandis que le logo <strong data-start=\"595\" data-end=\"609\">JAC Marine<\/strong> brod\u00e9 \u00e0 l\u2019avant apporte une signature distinctive et professionnelle.<\/p>\n<p data-start=\"681\" data-end=\"954\">Avec sa <strong data-start=\"689\" data-end=\"712\">visi\u00e8re pr\u00e9incurv\u00e9e<\/strong> et sa <strong data-start=\"719\" data-end=\"742\">couronne structur\u00e9e<\/strong>, elle offre une tenue confortable et un look classique ind\u00e9modable. Ce mod\u00e8le est id\u00e9al pour les amateurs de nautisme, de plein air et pour tous ceux qui souhaitent afficher fi\u00e8rement les couleurs de JAC Marine.<\/p>\n<p data-start=\"956\" data-end=\"972\"><strong data-start=\"956\" data-end=\"972\">Points forts<\/strong><\/p>\n<ul data-start=\"973\" data-end=\"1200\">\n<li data-section-id=\"19znjsi\" data-start=\"973\" data-end=\"1007\">Design classique et intemporel<\/li>\n<li data-section-id=\"1k41m6j\" data-start=\"1008\" data-end=\"1037\">Couleur noire polyvalente<\/li>\n<li data-section-id=\"ayopvg\" data-start=\"1038\" data-end=\"1073\">Logo JAC Marine brod\u00e9 \u00e0 l\u2019avant<\/li>\n<li data-section-id=\"gkwrfl\" data-start=\"1074\" data-end=\"1130\">Visi\u00e8re courb\u00e9e pour un style sportif et d\u00e9contract\u00e9<\/li>\n<li data-section-id=\"bdqjp5\" data-start=\"1131\" data-end=\"1170\">Confortable pour un usage quotidien<\/li>\n<li data-section-id=\"v9gfq\" data-start=\"1171\" data-end=\"1200\">Look sobre et professionnel<\/li>\n<\/ul>\n<p>&nbsp;<\/p>\n<p data-start=\"1163\" data-end=\"1179\">","protected":false},"excerpt":{"rendered":"<p>Un mod\u00e8le sobre, \u00e9l\u00e9gant et confortable, parfait pour repr\u00e9senter JAC Marine au quotidien. Cette casquette noire \u00e0 visi\u00e8re courb\u00e9e se distingue par sa coupe classique et son logo brod\u00e9 \u00e0 l\u2019avant.<\/p>","protected":false},"featured_media":1494,"comment_status":"open","ping_status":"closed","template":"","meta":{"_seopress_robots_primary_cat":"none","_seopress_titles_title":"Casquette ajust\u00e9e JAC Marine","_seopress_titles_desc":"Casquette ajust\u00e9e JAC Marine noire avec visi\u00e8re courb\u00e9e et logo brod\u00e9 \u00e0 l\u2019avant. Un mod\u00e8le classique, confortable et polyvalent pour tous les jours.","_seopress_robots_index":""},"product_brand":[38],"product_cat":[39],"product_tag":[],"class_list":{"0":"post-1501","1":"product","2":"type-product","3":"status-publish","4":"has-post-thumbnail","6":"product_brand-jac-marine","7":"product_cat-vetements","9":"first","10":"instock","11":"taxable","12":"shipping-taxable","13":"purchasable","14":"product-type-simple"},"_links":{"self":[{"href":"https:\/\/www.jacmarine.com\/en\/wp-json\/wp\/v2\/product\/1501","targetHints":{"allow":["GET"]}}],"collection":[{"href":"https:\/\/www.jacmarine.com\/en\/wp-json\/wp\/v2\/product"}],"about":[{"href":"https:\/\/www.jacmarine.com\/en\/wp-json\/wp\/v2\/types\/product"}],"replies":[{"embeddable":true,"href":"https:\/\/www.jacmarine.com\/en\/wp-json\/wp\/v2\/comments?post=1501"}],"wp:featuredmedia":[{"embeddable":true,"href":"https:\/\/www.jacmarine.com\/en\/wp-json\/wp\/v2\/media\/1494"}],"wp:attachment":[{"href":"https:\/\/www.jacmarine.com\/en\/wp-json\/wp\/v2\/media?parent=1501"}],"wp:term":[{"taxonomy":"product_brand","embeddable":true,"href":"https:\/\/www.jacmarine.com\/en\/wp-json\/wp\/v2\/product_brand?post=1501"},{"taxonomy":"product_cat","embeddable":true,"href":"https:\/\/www.jacmarine.com\/en\/wp-json\/wp\/v2\/product_cat?post=1501"},{"taxonomy":"product_tag","embeddable":true,"href":"https:\/\/www.jacmarine.com\/en\/wp-json\/wp\/v2\/product_tag?post=1501"}],"curies":[{"name":"wp","href":"https:\/\/api.w.org\/{rel}","templated":true}]}}