{"id":1490,"date":"2026-04-23T11:28:29","date_gmt":"2026-04-23T15:28:29","guid":{"rendered":"https:\/\/www.jacmarine.com\/?post_type=product&#038;p=1490"},"modified":"2026-05-05T07:34:02","modified_gmt":"2026-05-05T11:34:02","slug":"casquette-trucker-jac-marine","status":"publish","type":"product","link":"https:\/\/www.jacmarine.com\/en\/product\/casquette-trucker-jac-marine\/","title":{"rendered":"JAC Marine \u00abTrucker\u00bb Cap"},"content":{"rendered":"<p data-start=\"455\" data-end=\"767\">La <strong data-start=\"483\" data-end=\"519\">casquette \u00ab Trucker \u00bb JAC Marine<\/strong> est l\u2019accessoire id\u00e9al pour compl\u00e9ter une tenue d\u00e9contract\u00e9e tout en mettant de l\u2019avant l\u2019univers de la marque. Son design noir \u00e9l\u00e9gant est rehauss\u00e9 du logo <strong data-start=\"677\" data-end=\"691\">JAC Marine<\/strong> brod\u00e9 \u00e0 l\u2019avant, pour un rendu \u00e0 la fois sportif, professionnel et moderne.<\/p>\n<p data-start=\"769\" data-end=\"1161\">Con\u00e7ue dans un style trucker classique, elle se distingue par son <strong data-start=\"835\" data-end=\"854\">avant structur\u00e9<\/strong> qui conserve bien sa forme, sa <strong data-start=\"886\" data-end=\"909\">visi\u00e8re pr\u00e9incurv\u00e9e<\/strong> pour un look polyvalent, et son <strong data-start=\"942\" data-end=\"969\">arri\u00e8re en filet (mesh)<\/strong> qui favorise la circulation de l\u2019air. C\u2019est une casquette parfaite pour les sorties, les journ\u00e9es en plein air, les activit\u00e9s nautiques ou simplement pour repr\u00e9senter JAC Marine au quotidien.<\/p>\n<p data-start=\"956\" data-end=\"972\"><strong data-start=\"956\" data-end=\"972\">Points forts<\/strong><\/p>\n<ul data-start=\"973\" data-end=\"1200\">\n<li data-section-id=\"19znjsi\" data-start=\"973\" data-end=\"1007\">Design classique et intemporel<\/li>\n<li data-section-id=\"1k41m6j\" data-start=\"1008\" data-end=\"1037\">Couleur noire polyvalente<\/li>\n<li data-section-id=\"ayopvg\" data-start=\"1038\" data-end=\"1073\">Logo JAC Marine brod\u00e9 \u00e0 l\u2019avant<\/li>\n<li data-section-id=\"gkwrfl\" data-start=\"1074\" data-end=\"1130\">Visi\u00e8re courb\u00e9e pour un style sportif et d\u00e9contract\u00e9<\/li>\n<li data-section-id=\"bdqjp5\" data-start=\"1131\" data-end=\"1170\">Confortable pour un usage quotidien<\/li>\n<li data-section-id=\"v9gfq\" data-start=\"1171\" data-end=\"1200\">Look sobre et professionnel<\/li>\n<\/ul>\n<p data-start=\"1163\" data-end=\"1179\">","protected":false},"excerpt":{"rendered":"<p>Affichez fi\u00e8rement les couleurs de JAC Marine avec cette casquette trucker noire au style classique et intemporel. Dot\u00e9e d\u2019une visi\u00e8re courb\u00e9e, d\u2019un panneau avant structur\u00e9 et d\u2019un arri\u00e8re en mesh respirant, elle offre un look soign\u00e9 et confortable au quotidien.<\/p>","protected":false},"featured_media":1491,"comment_status":"open","ping_status":"closed","template":"","meta":{"_seopress_robots_primary_cat":"none","_seopress_titles_title":"Casquette Trucker JAC Marine","_seopress_titles_desc":"Casquette Trucker JAC Marine noire avec visi\u00e8re courb\u00e9e, panneau avant structur\u00e9 et arri\u00e8re en mesh respirant. Un style classique, confortable et polyvalent.","_seopress_robots_index":""},"product_brand":[38],"product_cat":[39],"product_tag":[],"class_list":{"0":"post-1490","1":"product","2":"type-product","3":"status-publish","4":"has-post-thumbnail","6":"product_brand-jac-marine","7":"product_cat-vetements","9":"first","10":"instock","11":"taxable","12":"shipping-taxable","13":"purchasable","14":"product-type-simple"},"_links":{"self":[{"href":"https:\/\/www.jacmarine.com\/en\/wp-json\/wp\/v2\/product\/1490","targetHints":{"allow":["GET"]}}],"collection":[{"href":"https:\/\/www.jacmarine.com\/en\/wp-json\/wp\/v2\/product"}],"about":[{"href":"https:\/\/www.jacmarine.com\/en\/wp-json\/wp\/v2\/types\/product"}],"replies":[{"embeddable":true,"href":"https:\/\/www.jacmarine.com\/en\/wp-json\/wp\/v2\/comments?post=1490"}],"wp:featuredmedia":[{"embeddable":true,"href":"https:\/\/www.jacmarine.com\/en\/wp-json\/wp\/v2\/media\/1491"}],"wp:attachment":[{"href":"https:\/\/www.jacmarine.com\/en\/wp-json\/wp\/v2\/media?parent=1490"}],"wp:term":[{"taxonomy":"product_brand","embeddable":true,"href":"https:\/\/www.jacmarine.com\/en\/wp-json\/wp\/v2\/product_brand?post=1490"},{"taxonomy":"product_cat","embeddable":true,"href":"https:\/\/www.jacmarine.com\/en\/wp-json\/wp\/v2\/product_cat?post=1490"},{"taxonomy":"product_tag","embeddable":true,"href":"https:\/\/www.jacmarine.com\/en\/wp-json\/wp\/v2\/product_tag?post=1490"}],"curies":[{"name":"wp","href":"https:\/\/api.w.org\/{rel}","templated":true}]}}