{"id":1451,"date":"2026-04-13T19:40:08","date_gmt":"2026-04-13T23:40:08","guid":{"rendered":"https:\/\/www.jacmarine.com\/?post_type=product&#038;p=1451"},"modified":"2026-04-13T20:07:09","modified_gmt":"2026-04-14T00:07:09","slug":"clips-de-rangement-deluxe-45-degres-pour-rail-custom-fishing-solution-multi-track","status":"publish","type":"product","link":"https:\/\/www.jacmarine.com\/en\/product\/clips-de-rangement-deluxe-45-degres-pour-rail-custom-fishing-solution-multi-track\/","title":{"rendered":"Deluxe 45 Degree Storage Clips for Custom Fishing Solution Multi-Track Rail"},"content":{"rendered":"","protected":false},"excerpt":{"rendered":"<p>Deluxe 45 Degree Storage Clips for Jac Marine Pole Boat Interior Quick Release for Custom Fishing Solution Multi Track Rail<\/p>\n<ul>\n<li><strong data-start=\"2107\" data-end=\"2120\">Reference:<\/strong> AP100-045-028<\/li>\n<li><strong data-start=\"2139\" data-end=\"2152\">Materials<\/strong> 6061 clear anodized aluminum and plastic<\/li>\n<li><strong data-start=\"2199\" data-end=\"2214\">Use:<\/strong> Jac Marine \"pole\" support inside the boat<\/li>\n<li><strong data-start=\"2282\" data-end=\"2299\">Compatibility:<\/strong> Rail Custom Fishing Solution Multi Track<\/li>\n<\/ul>","protected":false},"featured_media":369,"comment_status":"open","ping_status":"closed","template":"","meta":{"_seopress_robots_primary_cat":"none","_seopress_titles_title":"Clips de rangement deluxe 45 degr\u00e9s pour rail Multi Track","_seopress_titles_desc":"Clips deluxe 45\u00b0 pour la \u00ab p\u00f4le \u00bb JAC Marine, rangement int\u00e9rieur pratique avec syst\u00e8me \u00e0 d\u00e9tachement rapide pour rail Custom Fishing Solution Multi Track","_seopress_robots_index":""},"product_brand":[38],"product_cat":[21,33],"product_tag":[],"class_list":{"0":"post-1451","1":"product","2":"type-product","3":"status-publish","4":"has-post-thumbnail","6":"product_brand-jac-marine","7":"product_cat-accessoires","8":"product_cat-rangement","10":"first","11":"instock","12":"taxable","13":"shipping-taxable","14":"purchasable","15":"product-type-simple"},"_links":{"self":[{"href":"https:\/\/www.jacmarine.com\/en\/wp-json\/wp\/v2\/product\/1451","targetHints":{"allow":["GET"]}}],"collection":[{"href":"https:\/\/www.jacmarine.com\/en\/wp-json\/wp\/v2\/product"}],"about":[{"href":"https:\/\/www.jacmarine.com\/en\/wp-json\/wp\/v2\/types\/product"}],"replies":[{"embeddable":true,"href":"https:\/\/www.jacmarine.com\/en\/wp-json\/wp\/v2\/comments?post=1451"}],"wp:featuredmedia":[{"embeddable":true,"href":"https:\/\/www.jacmarine.com\/en\/wp-json\/wp\/v2\/media\/369"}],"wp:attachment":[{"href":"https:\/\/www.jacmarine.com\/en\/wp-json\/wp\/v2\/media?parent=1451"}],"wp:term":[{"taxonomy":"product_brand","embeddable":true,"href":"https:\/\/www.jacmarine.com\/en\/wp-json\/wp\/v2\/product_brand?post=1451"},{"taxonomy":"product_cat","embeddable":true,"href":"https:\/\/www.jacmarine.com\/en\/wp-json\/wp\/v2\/product_cat?post=1451"},{"taxonomy":"product_tag","embeddable":true,"href":"https:\/\/www.jacmarine.com\/en\/wp-json\/wp\/v2\/product_tag?post=1451"}],"curies":[{"name":"wp","href":"https:\/\/api.w.org\/{rel}","templated":true}]}}