{"id":127,"date":"2024-12-29T00:06:23","date_gmt":"2024-12-28T23:06:23","guid":{"rendered":"https:\/\/jacmarine.com\/?post_type=product&#038;p=127"},"modified":"2026-03-25T16:53:59","modified_gmt":"2026-03-25T20:53:59","slug":"trepied-pour-la-peche-sur-glace","status":"publish","type":"product","link":"https:\/\/www.jacmarine.com\/en\/product\/trepied-pour-la-peche-sur-glace\/","title":{"rendered":"Tripod for ice fishing"},"content":{"rendered":"","protected":false},"excerpt":{"rendered":"<p>16-inch-diameter ice-fishing tripod transforms a JAC Marine universal summer stand into a winter system. To complete the set, the addition of a 12-in. <a href=\"https:\/\/www.jacmarine.com\/en\/product\/rallonge-12-pouces\/\">AP100-100-012<\/a> and two pipe clips <a href=\"https:\/\/www.jacmarine.com\/en\/product\/clip-de-fixation-pour-tuyaux\/\">AP100-500-002<\/a> is recommended to keep pipes together during transport.<\/p>\n<ul>\n<li style=\"list-style-type: none;\">\n<ul>\n<li><strong>Reference:<\/strong> : PG100-001-000<\/li>\n<li><strong>Material<\/strong> Aluminium 6061 and 7075 clear and black anodized<\/li>\n<li><strong>Dimensions<\/strong> :<\/li>\n<li><strong>Use:<\/strong> For live probes<\/li>\n<li><strong>Compatibility:<\/strong> JP100 (summer)<\/li>\n<\/ul>\n<p>&nbsp;<\/li>\n<\/ul>","protected":false},"featured_media":128,"comment_status":"open","ping_status":"closed","template":"","meta":{"_seopress_robots_primary_cat":"none","_seopress_titles_title":"Tr\u00e9pied pour la p\u00eache sur glace","_seopress_titles_desc":"Tr\u00e9pied pour p\u00eache sur glace de 16 pouces permettant de convertir un support JAC Marine d\u2019\u00e9t\u00e9 en syst\u00e8me hivernal. Rallonge de 12 pouces recommand\u00e9e.","_seopress_robots_index":""},"product_brand":[38],"product_cat":[21,35],"product_tag":[],"class_list":{"0":"post-127","1":"product","2":"type-product","3":"status-publish","4":"has-post-thumbnail","6":"product_brand-jac-marine","7":"product_cat-accessoires","8":"product_cat-pieces","10":"first","11":"instock","12":"featured","13":"taxable","14":"shipping-taxable","15":"purchasable","16":"product-type-simple"},"_links":{"self":[{"href":"https:\/\/www.jacmarine.com\/en\/wp-json\/wp\/v2\/product\/127","targetHints":{"allow":["GET"]}}],"collection":[{"href":"https:\/\/www.jacmarine.com\/en\/wp-json\/wp\/v2\/product"}],"about":[{"href":"https:\/\/www.jacmarine.com\/en\/wp-json\/wp\/v2\/types\/product"}],"replies":[{"embeddable":true,"href":"https:\/\/www.jacmarine.com\/en\/wp-json\/wp\/v2\/comments?post=127"}],"wp:featuredmedia":[{"embeddable":true,"href":"https:\/\/www.jacmarine.com\/en\/wp-json\/wp\/v2\/media\/128"}],"wp:attachment":[{"href":"https:\/\/www.jacmarine.com\/en\/wp-json\/wp\/v2\/media?parent=127"}],"wp:term":[{"taxonomy":"product_brand","embeddable":true,"href":"https:\/\/www.jacmarine.com\/en\/wp-json\/wp\/v2\/product_brand?post=127"},{"taxonomy":"product_cat","embeddable":true,"href":"https:\/\/www.jacmarine.com\/en\/wp-json\/wp\/v2\/product_cat?post=127"},{"taxonomy":"product_tag","embeddable":true,"href":"https:\/\/www.jacmarine.com\/en\/wp-json\/wp\/v2\/product_tag?post=127"}],"curies":[{"name":"wp","href":"https:\/\/api.w.org\/{rel}","templated":true}]}}