{"id":1086,"date":"2025-12-30T16:23:16","date_gmt":"2025-12-30T21:23:16","guid":{"rendered":"https:\/\/www.jacmarine.com\/?post_type=product&#038;p=1086"},"modified":"2026-03-25T16:53:58","modified_gmt":"2026-03-25T20:53:58","slug":"ensemble-de-conversion-peche-sur-glace-vers-bateau-60-pouces","status":"publish","type":"product","link":"https:\/\/www.jacmarine.com\/en\/product\/ensemble-de-conversion-peche-sur-glace-vers-bateau-60-pouces\/","title":{"rendered":"Ice fishing to boat conversion kit - 60 inches"},"content":{"rendered":"","protected":false},"excerpt":{"rendered":"<p>This conversion kit transforms your JAC Marine ice fishing stand into a boat stand. It allows you to switch from a <strong data-start=\"320\" data-end=\"333\">32 inches<\/strong> to a <strong data-start=\"339\" data-end=\"369\">50-inch summer stand<\/strong>, or a <strong data-start=\"390\" data-end=\"403\">44 inches<\/strong> to a <strong data-start=\"420\" data-end=\"439\">50 or 62 inches<\/strong>. This versatile solution lets you reuse existing components and easily adapt the length of the bracket to your needs and boat configurations.<\/p>\n<ul>\n<li><strong>Reference:<\/strong> JP100-000-160<\/li>\n<li><strong>Use:<\/strong> Conversion of a JAC Marine ice fishing bracket to boat use.<\/li>\n<li><strong>Compatibility:<\/strong> : All types of JAC Marine brackets for ice fishing <a href=\"https:\/\/www.jacmarine.com\/en\/product\/support-a-sonde-deluxe-44-pouces-pour-peche-sur-glace-mega-live-lvs62\/\">PG1<strong>00-001-044<\/strong><\/a><strong>, <a href=\"https:\/\/www.jacmarine.com\/en\/product\/support-a-sonde-deluxe-32-pouces-pour-peche-sur-glace-mega-live-lvs62\/\">PG100-001-032<\/a> <a href=\"https:\/\/www.jacmarine.com\/en\/product\/support-a-sonde-deluxe-32-pouces-pour-peche-sur-glace-garmin-lowrance\/\">.<\/a><\/strong><\/li>\n<li><strong>Package contents:<\/strong>Main plate <strong data-start=\"1046\" data-end=\"1063\">SA101-110-000<\/strong> (1x), JP100 pivot <strong data-start=\"1082\" data-end=\"1099\">SA300-000-000<\/strong> (1x), 30\" extension lead <strong data-start=\"1125\" data-end=\"1142\">AP100-100-030<\/strong> (1x), friction ring <strong data-start=\"1167\" data-end=\"1184\">SA300-000-001<\/strong> (1x), fixing clip for probe cable <strong data-start=\"1228\" data-end=\"1245\">AP100-500-001<\/strong> (1x).<\/li>\n<li><strong>*Important*:<\/strong> Choose a mounting system adapted to your boat's rail type, or, for certain models, a \"downrigger\" type bracket. If your boat is not equipped with an original rail, a compatible system (e.g. mounting for small boats, Cannon-type rail) may be required. Please contact us if you have any questions.<\/li>\n<\/ul>\n<p><strong><em>You're not sure?<\/em><\/strong><br \/>\n<em><a href=\"https:\/\/www.jacmarine.com\/en\/demande-assistance\/\">Click here<\/a> to request assistance online<\/em><\/p>\n<p>&nbsp;<\/p>","protected":false},"featured_media":1101,"comment_status":"open","ping_status":"closed","template":"","meta":{"_seopress_robots_primary_cat":"none","_seopress_titles_title":"Ensemble de conversion p\u00eache sur glace vers bateau 60 po","_seopress_titles_desc":"Transformez votre support JAC Marine de p\u00eache sur glace en support pour bateau. Conversion 32 \u00e0 60 po ou 44 \u00e0 60\/72 po. Simple et polyvalent.","_seopress_robots_index":""},"product_brand":[38],"product_cat":[21,20],"product_tag":[],"class_list":{"0":"post-1086","1":"product","2":"type-product","3":"status-publish","4":"has-post-thumbnail","6":"product_brand-jac-marine","7":"product_cat-accessoires","8":"product_cat-supports","10":"first","11":"instock","12":"featured","13":"taxable","14":"shipping-taxable","15":"purchasable","16":"product-type-simple"},"_links":{"self":[{"href":"https:\/\/www.jacmarine.com\/en\/wp-json\/wp\/v2\/product\/1086","targetHints":{"allow":["GET"]}}],"collection":[{"href":"https:\/\/www.jacmarine.com\/en\/wp-json\/wp\/v2\/product"}],"about":[{"href":"https:\/\/www.jacmarine.com\/en\/wp-json\/wp\/v2\/types\/product"}],"replies":[{"embeddable":true,"href":"https:\/\/www.jacmarine.com\/en\/wp-json\/wp\/v2\/comments?post=1086"}],"wp:featuredmedia":[{"embeddable":true,"href":"https:\/\/www.jacmarine.com\/en\/wp-json\/wp\/v2\/media\/1101"}],"wp:attachment":[{"href":"https:\/\/www.jacmarine.com\/en\/wp-json\/wp\/v2\/media?parent=1086"}],"wp:term":[{"taxonomy":"product_brand","embeddable":true,"href":"https:\/\/www.jacmarine.com\/en\/wp-json\/wp\/v2\/product_brand?post=1086"},{"taxonomy":"product_cat","embeddable":true,"href":"https:\/\/www.jacmarine.com\/en\/wp-json\/wp\/v2\/product_cat?post=1086"},{"taxonomy":"product_tag","embeddable":true,"href":"https:\/\/www.jacmarine.com\/en\/wp-json\/wp\/v2\/product_tag?post=1086"}],"curies":[{"name":"wp","href":"https:\/\/api.w.org\/{rel}","templated":true}]}}