{"id":1007,"date":"2025-11-23T15:51:17","date_gmt":"2025-11-23T20:51:17","guid":{"rendered":"https:\/\/www.jacmarine.com\/?post_type=product&#038;p=1007"},"modified":"2026-03-25T16:53:58","modified_gmt":"2026-03-25T20:53:58","slug":"ensemble-pour-rebord-plat-montage-pour-petite-chaloupe","status":"publish","type":"product","link":"https:\/\/www.jacmarine.com\/en\/product\/ensemble-pour-rebord-plat-montage-pour-petite-chaloupe\/","title":{"rendered":"Flat sill kit - Assembly for small boats"},"content":{"rendered":"<p><a href=\"https:\/\/www.jacmarine.com\/en\/product\/montage-pour-petite-chaloupe\/\" target=\"_blank\" rel=\"noopener\">AS101-141-000<\/a><\/p>","protected":false},"excerpt":{"rendered":"<p>Flat edge reinforcement kit designed to complete the assembly <a href=\"https:\/\/www.jacmarine.com\/en\/product\/montage-pour-petite-chaloupe\/\" target=\"_blank\" rel=\"noopener\">AS101-141-000<\/a>. It provides solid support when the boat has a flat edge or a structure requiring additional support. Depending on the boat, one or two pieces per side may be required for optimum stability.<\/p>\n<ul>\n<li><strong>Reference:<\/strong> AS101-141-001<\/li>\n<li><strong>Materials<\/strong> 6061 clear anodized aluminum, stainless steel hardware<\/li>\n<li><strong>Use:<\/strong> Designed to securely hold assembly components in place while allowing quick and precise adjustments when needed.<\/li>\n<li><strong>Compatibility: <\/strong>Exclusively compatible with small-boat mounting <a href=\"https:\/\/www.jacmarine.com\/en\/product\/montage-pour-petite-chaloupe\/\" target=\"_blank\" rel=\"noopener\">AS101-141-000<\/a><\/li>\n<li><strong>Quantity per package :<\/strong> 2 pieces + 2 bolts<\/li>\n<\/ul>","protected":false},"featured_media":1008,"comment_status":"open","ping_status":"closed","template":"","meta":{"_seopress_robots_primary_cat":"none","_seopress_titles_title":"Ensemble pour rebord plat \u2013 Montage pour petite chaloupe","_seopress_titles_desc":"Ensemble de renfort pour rebord plat, con\u00e7u pour stabiliser le montage AS101-141-000 sur les chaloupes \u00e0 rebord plat ou irr\u00e9gulier. Installation solide.","_seopress_robots_index":""},"product_brand":[38],"product_cat":[35],"product_tag":[],"class_list":{"0":"post-1007","1":"product","2":"type-product","3":"status-publish","4":"has-post-thumbnail","6":"product_brand-jac-marine","7":"product_cat-pieces","9":"first","10":"instock","11":"taxable","12":"shipping-taxable","13":"purchasable","14":"product-type-simple"},"_links":{"self":[{"href":"https:\/\/www.jacmarine.com\/en\/wp-json\/wp\/v2\/product\/1007","targetHints":{"allow":["GET"]}}],"collection":[{"href":"https:\/\/www.jacmarine.com\/en\/wp-json\/wp\/v2\/product"}],"about":[{"href":"https:\/\/www.jacmarine.com\/en\/wp-json\/wp\/v2\/types\/product"}],"replies":[{"embeddable":true,"href":"https:\/\/www.jacmarine.com\/en\/wp-json\/wp\/v2\/comments?post=1007"}],"wp:featuredmedia":[{"embeddable":true,"href":"https:\/\/www.jacmarine.com\/en\/wp-json\/wp\/v2\/media\/1008"}],"wp:attachment":[{"href":"https:\/\/www.jacmarine.com\/en\/wp-json\/wp\/v2\/media?parent=1007"}],"wp:term":[{"taxonomy":"product_brand","embeddable":true,"href":"https:\/\/www.jacmarine.com\/en\/wp-json\/wp\/v2\/product_brand?post=1007"},{"taxonomy":"product_cat","embeddable":true,"href":"https:\/\/www.jacmarine.com\/en\/wp-json\/wp\/v2\/product_cat?post=1007"},{"taxonomy":"product_tag","embeddable":true,"href":"https:\/\/www.jacmarine.com\/en\/wp-json\/wp\/v2\/product_tag?post=1007"}],"curies":[{"name":"wp","href":"https:\/\/api.w.org\/{rel}","templated":true}]}}