{"id":84,"date":"2024-12-28T01:38:19","date_gmt":"2024-12-28T00:38:19","guid":{"rendered":"https:\/\/jacmarine.com\/?page_id=84"},"modified":"2025-03-07T09:34:39","modified_gmt":"2025-03-07T14:34:39","slug":"blogue","status":"publish","type":"page","link":"https:\/\/www.jacmarine.com\/en\/blogue\/","title":{"rendered":"Blog"},"content":{"rendered":"<div  class='av-alb-blogposts template-blog  av-blog-meta-author-disabled '  itemscope=\"itemscope\" itemtype=\"https:\/\/schema.org\/Blog\" ><article class=\"post-entry post-entry-type-video post-entry-588 post-loop-1 post-parity-odd single-big with-slider post-588 post type-post status-publish format-video has-post-thumbnail hentry category-nouvelles post_format-post-format-video\"  itemscope=\"itemscope\" itemtype=\"https:\/\/schema.org\/BlogPosting\" ><div class=\"blog-meta\"><\/div><div class='entry-content-wrapper clearfix video-content'><header class=\"entry-content-header\" aria-label=\"Post: Jac Marine en vedette \u00e0 Salut Bonjour gr\u00e2ce \u00e0 Patrick Campeau\"><div class=\"av-heading-wrapper\"><span class=\"blog-categories minor-meta\"><a href=\"https:\/\/www.jacmarine.com\/en\/nouvelles\/\" rel=\"tag\">Nouvelles<\/a><\/span><h2 class='post-title entry-title '  itemprop=\"headline\" ><a href=\"https:\/\/www.jacmarine.com\/en\/jac-marine-en-vedette-a-salut-bonjour-grace-a-patrick-campeau\/\" rel=\"bookmark\" title=\"Permanent Link: Jac Marine en vedette \u00e0 Salut Bonjour gr\u00e2ce \u00e0 Patrick Campeau\">Jac Marine en vedette \u00e0 Salut Bonjour gr\u00e2ce \u00e0 Patrick Campeau<span class=\"post-format-icon minor-meta\"><\/span><\/a><\/h2><\/div><\/header><span class=\"av-vertical-delimiter\"><\/span><div class=\"big-preview single-big\"  itemprop=\"image\" itemscope=\"itemscope\" itemtype=\"https:\/\/schema.org\/ImageObject\" ><a href=\"https:\/\/www.jacmarine.com\/en\/jac-marine-en-vedette-a-salut-bonjour-grace-a-patrick-campeau\/\"  title=\"article patrick campeau parle de jacmarine a salut bonjour\" ><img decoding=\"async\" loading=\"lazy\" width=\"845\" height=\"321\" src=\"https:\/\/www.jacmarine.com\/wp-content\/uploads\/2025\/03\/article-patrick-campeau-parle-de-jacmarine-a-salut-bonjour-845x321.jpg\" class=\"wp-image-589 avia-img-lazy-loading-589 attachment-entry_with_sidebar size-entry_with_sidebar wp-post-image\" alt=\"article patrick campeau parle de jacmarine a salut bonjour\" \/><\/a><\/div><div class=\"entry-content\"  itemprop=\"text\" ><p>Nous avons r\u00e9cemment eu l\u2019honneur d\u2019\u00eatre mentionn\u00e9s \u00e0 l\u2019\u00e9mission Salut Bonjour, alors que le chroniqueur bien connu Patrick Campeau a pr\u00e9sent\u00e9 l&rsquo;un de nos produits dans le cadre de sa chronique sur les nouveaut\u00e9s en chasse et p\u00eache. Reconnu pour son expertise et sa passion du plein air, Patrick a mis en lumi\u00e8re la qualit\u00e9 [&hellip;]<\/p>\n<div class=\"read-more-link\"><a href=\"https:\/\/www.jacmarine.com\/en\/jac-marine-en-vedette-a-salut-bonjour-grace-a-patrick-campeau\/\" class=\"more-link\">Read more<span class='more-link-arrow avia-svg-icon avia-font-svg_entypo-fontello' data-av_svg_icon='right-open-big' data-av_iconset='svg_entypo-fontello'><svg version=\"1.1\" xmlns=\"http:\/\/www.w3.org\/2000\/svg\" width=\"15\" height=\"32\" viewBox=\"0 0 15 32\" preserveAspectRatio=\"xMidYMid meet\" role=\"graphics-symbol\" aria-hidden=\"true\">\n<path d=\"M0.416 27.84l11.456-11.84-11.456-11.904q-0.832-0.832 0-1.536 0.832-0.832 1.536 0l12.544 12.608q0.768 0.832 0 1.6l-12.544 12.608q-0.704 0.832-1.536 0-0.832-0.704 0-1.536z\"><\/path>\n<\/svg><\/span><\/a><\/div>\n<\/div><span class=\"post-meta-infos\"><time class=\"date-container minor-meta updated\"  itemprop=\"datePublished\" datetime=\"2025-03-31T08:37:05-04:00\" >31 March 2025<\/time><span class=\"text-sep\">\/<\/span><span class=\"comment-container minor-meta\"><a href=\"https:\/\/www.jacmarine.com\/en\/jac-marine-en-vedette-a-salut-bonjour-grace-a-patrick-campeau\/#respond\" class=\"comments-link\" >0 Comments<\/a><\/span><\/span><footer class=\"entry-footer\"><\/footer><div class='post_delimiter'><\/div><\/div><div class=\"post_author_timeline\"><\/div><span class='hidden'>\n\t\t\t\t<span class='av-structured-data'  itemprop=\"image\" itemscope=\"itemscope\" itemtype=\"https:\/\/schema.org\/ImageObject\" >\n\t\t\t\t\t\t<span itemprop='url'>https:\/\/www.jacmarine.com\/wp-content\/uploads\/2025\/03\/article-patrick-campeau-parle-de-jacmarine-a-salut-bonjour.jpg<\/span>\n\t\t\t\t\t\t<span itemprop='height'>390<\/span>\n\t\t\t\t\t\t<span itemprop='width'>1000<\/span>\n\t\t\t\t<\/span>\n\t\t\t\t<span class='av-structured-data'  itemprop=\"publisher\" itemtype=\"https:\/\/schema.org\/Organization\" itemscope=\"itemscope\" >\n\t\t\t\t\t\t<span itemprop='name'>Martin<\/span>\n\t\t\t\t\t\t<span itemprop='logo' itemscope itemtype='https:\/\/schema.org\/ImageObject'>\n\t\t\t\t\t\t\t<span itemprop='url'>https:\/\/www.jacmarine.com\/wp-content\/uploads\/2024\/12\/logo-jacmarine.png<\/span>\n\t\t\t\t\t\t<\/span>\n\t\t\t\t<\/span><span class='av-structured-data'  itemprop=\"author\" itemscope=\"itemscope\" itemtype=\"https:\/\/schema.org\/Person\" ><span itemprop='name'>Martin<\/span><\/span><span class='av-structured-data'  itemprop=\"datePublished\" datetime=\"2025-03-31T08:37:05-04:00\" >2025-03-31 08:37:05<\/span><span class='av-structured-data'  itemprop=\"dateModified\" itemtype=\"https:\/\/schema.org\/dateModified\" >2025-03-31 08:37:05<\/span><span class='av-structured-data'  itemprop=\"mainEntityOfPage\" itemtype=\"https:\/\/schema.org\/mainEntityOfPage\" ><span itemprop='name'>Jac Marine en vedette \u00e0 Salut Bonjour gr\u00e2ce \u00e0 Patrick Campeau<\/span><\/span><\/span><\/article><article class=\"post-entry post-entry-type-video post-entry-581 post-loop-2 post-parity-even single-big with-slider post-581 post type-post status-publish format-video has-post-thumbnail hentry category-nouvelles post_format-post-format-video\"  itemscope=\"itemscope\" itemtype=\"https:\/\/schema.org\/BlogPosting\" ><div class=\"blog-meta\"><\/div><div class='entry-content-wrapper clearfix video-content'><header class=\"entry-content-header\" aria-label=\"Post: Patrick Campeau visite notre kiosque au Salon Chasse et P\u00eache de Qu\u00e9bec\"><div class=\"av-heading-wrapper\"><span class=\"blog-categories minor-meta\"><a href=\"https:\/\/www.jacmarine.com\/en\/nouvelles\/\" rel=\"tag\">Nouvelles<\/a><\/span><h2 class='post-title entry-title '  itemprop=\"headline\" ><a href=\"https:\/\/www.jacmarine.com\/en\/patrick-campeau-visite-notre-kiosque-au-salon-chasse-et-peche-de-quebec\/\" rel=\"bookmark\" title=\"Permanent Link: Patrick Campeau visite notre kiosque au Salon Chasse et P\u00eache de Qu\u00e9bec\">Patrick Campeau visite notre kiosque au Salon Chasse et P\u00eache de Qu\u00e9bec<span class=\"post-format-icon minor-meta\"><\/span><\/a><\/h2><\/div><\/header><span class=\"av-vertical-delimiter\"><\/span><div class=\"big-preview single-big\"  itemprop=\"image\" itemscope=\"itemscope\" itemtype=\"https:\/\/schema.org\/ImageObject\" ><a href=\"https:\/\/www.jacmarine.com\/en\/patrick-campeau-visite-notre-kiosque-au-salon-chasse-et-peche-de-quebec\/\"  title=\"article patrick campeau\" ><img decoding=\"async\" loading=\"lazy\" width=\"845\" height=\"321\" src=\"https:\/\/www.jacmarine.com\/wp-content\/uploads\/2025\/03\/article-patrick-campeau-845x321.jpg\" class=\"wp-image-586 avia-img-lazy-loading-586 attachment-entry_with_sidebar size-entry_with_sidebar wp-post-image\" alt=\"article patrick campeau\" \/><\/a><\/div><div class=\"entry-content\"  itemprop=\"text\" ><p>Nous avons eu le plaisir d\u2019accueillir Patrick Campeau, chroniqueur bien connu dans le monde de la chasse et de la p\u00eache, \u00e0 notre kiosque lors du Salon Chasse et P\u00eache de Qu\u00e9bec. Toujours curieux de d\u00e9couvrir les nouveaut\u00e9s du march\u00e9, il a pris le temps de s&rsquo;int\u00e9resser \u00e0 nos produits et de partager ses impressions [&hellip;]<\/p>\n<div class=\"read-more-link\"><a href=\"https:\/\/www.jacmarine.com\/en\/patrick-campeau-visite-notre-kiosque-au-salon-chasse-et-peche-de-quebec\/\" class=\"more-link\">Read more<span class='more-link-arrow avia-svg-icon avia-font-svg_entypo-fontello' data-av_svg_icon='right-open-big' data-av_iconset='svg_entypo-fontello'><svg version=\"1.1\" xmlns=\"http:\/\/www.w3.org\/2000\/svg\" width=\"15\" height=\"32\" viewBox=\"0 0 15 32\" preserveAspectRatio=\"xMidYMid meet\" role=\"graphics-symbol\" aria-hidden=\"true\">\n<path d=\"M0.416 27.84l11.456-11.84-11.456-11.904q-0.832-0.832 0-1.536 0.832-0.832 1.536 0l12.544 12.608q0.768 0.832 0 1.6l-12.544 12.608q-0.704 0.832-1.536 0-0.832-0.704 0-1.536z\"><\/path>\n<\/svg><\/span><\/a><\/div>\n<\/div><span class=\"post-meta-infos\"><time class=\"date-container minor-meta updated\"  itemprop=\"datePublished\" datetime=\"2025-03-31T08:08:43-04:00\" >31 March 2025<\/time><span class=\"text-sep\">\/<\/span><span class=\"comment-container minor-meta\"><a href=\"https:\/\/www.jacmarine.com\/en\/patrick-campeau-visite-notre-kiosque-au-salon-chasse-et-peche-de-quebec\/#respond\" class=\"comments-link\" >0 Comments<\/a><\/span><\/span><footer class=\"entry-footer\"><\/footer><div class='post_delimiter'><\/div><\/div><div class=\"post_author_timeline\"><\/div><span class='hidden'>\n\t\t\t\t<span class='av-structured-data'  itemprop=\"image\" itemscope=\"itemscope\" itemtype=\"https:\/\/schema.org\/ImageObject\" >\n\t\t\t\t\t\t<span itemprop='url'>https:\/\/www.jacmarine.com\/wp-content\/uploads\/2025\/03\/article-patrick-campeau.jpg<\/span>\n\t\t\t\t\t\t<span itemprop='height'>390<\/span>\n\t\t\t\t\t\t<span itemprop='width'>1000<\/span>\n\t\t\t\t<\/span>\n\t\t\t\t<span class='av-structured-data'  itemprop=\"publisher\" itemtype=\"https:\/\/schema.org\/Organization\" itemscope=\"itemscope\" >\n\t\t\t\t\t\t<span itemprop='name'>Martin<\/span>\n\t\t\t\t\t\t<span itemprop='logo' itemscope itemtype='https:\/\/schema.org\/ImageObject'>\n\t\t\t\t\t\t\t<span itemprop='url'>https:\/\/www.jacmarine.com\/wp-content\/uploads\/2024\/12\/logo-jacmarine.png<\/span>\n\t\t\t\t\t\t<\/span>\n\t\t\t\t<\/span><span class='av-structured-data'  itemprop=\"author\" itemscope=\"itemscope\" itemtype=\"https:\/\/schema.org\/Person\" ><span itemprop='name'>Martin<\/span><\/span><span class='av-structured-data'  itemprop=\"datePublished\" datetime=\"2025-03-31T08:08:43-04:00\" >2025-03-31 08:08:43<\/span><span class='av-structured-data'  itemprop=\"dateModified\" itemtype=\"https:\/\/schema.org\/dateModified\" >2025-03-31 08:16:26<\/span><span class='av-structured-data'  itemprop=\"mainEntityOfPage\" itemtype=\"https:\/\/schema.org\/mainEntityOfPage\" ><span itemprop='name'>Patrick Campeau visite notre kiosque au Salon Chasse et P\u00eache de Qu\u00e9bec<\/span><\/span><\/span><\/article><article class=\"post-entry post-entry-type-standard post-entry-541 post-loop-3 post-parity-odd post-entry-last single-big with-slider post-541 post type-post status-publish format-standard has-post-thumbnail hentry category-nouvelles\"  itemscope=\"itemscope\" itemtype=\"https:\/\/schema.org\/BlogPosting\" ><div class=\"blog-meta\"><\/div><div class='entry-content-wrapper clearfix standard-content'><header class=\"entry-content-header\" aria-label=\"Post: Nous serons pr\u00e9sents au SALON PLEIN AIR, CHASSE, PECHE ET CAMPING DE QU\u00c9BEC\"><div class=\"av-heading-wrapper\"><span class=\"blog-categories minor-meta\"><a href=\"https:\/\/www.jacmarine.com\/en\/nouvelles\/\" rel=\"tag\">Nouvelles<\/a><\/span><h2 class='post-title entry-title '  itemprop=\"headline\" ><a href=\"https:\/\/www.jacmarine.com\/en\/nous-serons-presents-au-salon-plein-air-chasse-peche-et-camping-de-quebec\/\" rel=\"bookmark\" title=\"Permanent Link: Nous serons pr\u00e9sents au SALON PLEIN AIR, CHASSE, PECHE ET CAMPING DE QU\u00c9BEC\">Nous serons pr\u00e9sents au SALON PLEIN AIR, CHASSE, PECHE ET CAMPING DE QU\u00c9BEC<span class=\"post-format-icon minor-meta\"><\/span><\/a><\/h2><\/div><\/header><span class=\"av-vertical-delimiter\"><\/span><div class=\"big-preview single-big\"  itemprop=\"image\" itemscope=\"itemscope\" itemtype=\"https:\/\/schema.org\/ImageObject\" ><a href=\"https:\/\/www.jacmarine.com\/en\/nous-serons-presents-au-salon-plein-air-chasse-peche-et-camping-de-quebec\/\"  title=\"kiosque jacmarine\" ><img decoding=\"async\" loading=\"lazy\" width=\"845\" height=\"321\" src=\"https:\/\/www.jacmarine.com\/wp-content\/uploads\/2025\/03\/kiosque-jacmarine-1-845x321.jpg\" class=\"wp-image-569 avia-img-lazy-loading-569 attachment-entry_with_sidebar size-entry_with_sidebar wp-post-image\" alt=\"kiosque jac marine\" \/><\/a><\/div><div class=\"entry-content\"  itemprop=\"text\" ><p>Du jeudi 27 au dimanche 30 mars. Venez nous rencontrer voir la qualit\u00e9 des produits offerts. C&rsquo;est un rendez-vous au kiosque 1612 de Jac Marine &nbsp;<\/p>\n<div class=\"read-more-link\"><a href=\"https:\/\/www.jacmarine.com\/en\/nous-serons-presents-au-salon-plein-air-chasse-peche-et-camping-de-quebec\/\" class=\"more-link\">Read more<span class='more-link-arrow avia-svg-icon avia-font-svg_entypo-fontello' data-av_svg_icon='right-open-big' data-av_iconset='svg_entypo-fontello'><svg version=\"1.1\" xmlns=\"http:\/\/www.w3.org\/2000\/svg\" width=\"15\" height=\"32\" viewBox=\"0 0 15 32\" preserveAspectRatio=\"xMidYMid meet\" role=\"graphics-symbol\" aria-hidden=\"true\">\n<path d=\"M0.416 27.84l11.456-11.84-11.456-11.904q-0.832-0.832 0-1.536 0.832-0.832 1.536 0l12.544 12.608q0.768 0.832 0 1.6l-12.544 12.608q-0.704 0.832-1.536 0-0.832-0.704 0-1.536z\"><\/path>\n<\/svg><\/span><\/a><\/div>\n<\/div><span class=\"post-meta-infos\"><time class=\"date-container minor-meta updated\"  itemprop=\"datePublished\" datetime=\"2025-03-25T09:57:24-04:00\" >25 March 2025<\/time><span class=\"text-sep\">\/<\/span><span class=\"comment-container minor-meta\"><a href=\"https:\/\/www.jacmarine.com\/en\/nous-serons-presents-au-salon-plein-air-chasse-peche-et-camping-de-quebec\/#comments\" class=\"comments-link\" >1 Comment<\/a><\/span><\/span><footer class=\"entry-footer\"><\/footer><div class='post_delimiter'><\/div><\/div><div class=\"post_author_timeline\"><\/div><span class='hidden'>\n\t\t\t\t<span class='av-structured-data'  itemprop=\"image\" itemscope=\"itemscope\" itemtype=\"https:\/\/schema.org\/ImageObject\" >\n\t\t\t\t\t\t<span itemprop='url'>https:\/\/www.jacmarine.com\/wp-content\/uploads\/2025\/03\/kiosque-jacmarine-1.jpg<\/span>\n\t\t\t\t\t\t<span itemprop='height'>700<\/span>\n\t\t\t\t\t\t<span itemprop='width'>1000<\/span>\n\t\t\t\t<\/span>\n\t\t\t\t<span class='av-structured-data'  itemprop=\"publisher\" itemtype=\"https:\/\/schema.org\/Organization\" itemscope=\"itemscope\" >\n\t\t\t\t\t\t<span itemprop='name'>Martin<\/span>\n\t\t\t\t\t\t<span itemprop='logo' itemscope itemtype='https:\/\/schema.org\/ImageObject'>\n\t\t\t\t\t\t\t<span itemprop='url'>https:\/\/www.jacmarine.com\/wp-content\/uploads\/2024\/12\/logo-jacmarine.png<\/span>\n\t\t\t\t\t\t<\/span>\n\t\t\t\t<\/span><span class='av-structured-data'  itemprop=\"author\" itemscope=\"itemscope\" itemtype=\"https:\/\/schema.org\/Person\" ><span itemprop='name'>Martin<\/span><\/span><span class='av-structured-data'  itemprop=\"datePublished\" datetime=\"2025-03-25T09:57:24-04:00\" >2025-03-25 09:57:24<\/span><span class='av-structured-data'  itemprop=\"dateModified\" itemtype=\"https:\/\/schema.org\/dateModified\" >2025-03-26 17:43:37<\/span><span class='av-structured-data'  itemprop=\"mainEntityOfPage\" itemtype=\"https:\/\/schema.org\/mainEntityOfPage\" ><span itemprop='name'>Nous serons pr\u00e9sents au SALON PLEIN AIR, CHASSE, PECHE ET CAMPING DE QU\u00c9BEC<\/span><\/span><\/span><\/article><div class='single-big'><nav class='pagination'><span class='pagination-meta'>Page 1 of 2<\/span><span class='current'>1<\/span><a href='https:\/\/www.jacmarine.com\/en\/wp-json\/wp\/v2\/pages\/84\/page\/2\/' class='inactive next_page' >2<\/a><\/nav>\n<\/div><\/div>\n<div  class='av_promobox av-m5743q7i-1cfc086be60ff24333902bc806c287ae avia-button-yes'><div class='avia-promocontent'><\/p>\n<h3>Pr\u00eat \u00e0 r\u00e9volutionner votre exp\u00e9rience de p\u00eache ?<\/h3>\n<p>Explorez notre gamme de produits d\u00e8s aujourd\u2019hui et d\u00e9couvrez pourquoi JAC Marine est le choix privil\u00e9gi\u00e9 des passionn\u00e9s de p\u00eache.<\/p>\n<\/div><div  class='avia-button-wrap av-m5743q7i-29b76783e479747b825d1a1dee345f19-wrap avia-button-right '><a href=''  class='avia-button av-m5743q7i-29b76783e479747b825d1a1dee345f19 av-link-btn avia-icon_select-no avia-size-large avia-position-right avia-color-theme-color'   aria-label=\"Cliquez ici\"><span class='avia_iconbox_title' >Cliquez ici<\/span><\/a><\/div><\/div>\n<div  class='hr av-nosc-084d756460449699194b41170e858116 hr-default'><span class='hr-inner '><span class=\"hr-inner-style\"><\/span><\/span><\/div>\n","protected":false},"excerpt":{"rendered":"","protected":false},"author":1,"featured_media":0,"parent":0,"menu_order":4,"comment_status":"closed","ping_status":"closed","template":"","meta":{"_seopress_robots_primary_cat":"","_seopress_titles_title":"","_seopress_titles_desc":"Ici on parle de p\u00eache, une foule d'articles int\u00e9ressants concernant la p\u00eache.","_seopress_robots_index":"","footnotes":""},"class_list":["post-84","page","type-page","status-publish","hentry"],"_links":{"self":[{"href":"https:\/\/www.jacmarine.com\/en\/wp-json\/wp\/v2\/pages\/84","targetHints":{"allow":["GET"]}}],"collection":[{"href":"https:\/\/www.jacmarine.com\/en\/wp-json\/wp\/v2\/pages"}],"about":[{"href":"https:\/\/www.jacmarine.com\/en\/wp-json\/wp\/v2\/types\/page"}],"author":[{"embeddable":true,"href":"https:\/\/www.jacmarine.com\/en\/wp-json\/wp\/v2\/users\/1"}],"replies":[{"embeddable":true,"href":"https:\/\/www.jacmarine.com\/en\/wp-json\/wp\/v2\/comments?post=84"}],"version-history":[{"count":3,"href":"https:\/\/www.jacmarine.com\/en\/wp-json\/wp\/v2\/pages\/84\/revisions"}],"predecessor-version":[{"id":433,"href":"https:\/\/www.jacmarine.com\/en\/wp-json\/wp\/v2\/pages\/84\/revisions\/433"}],"wp:attachment":[{"href":"https:\/\/www.jacmarine.com\/en\/wp-json\/wp\/v2\/media?parent=84"}],"curies":[{"name":"wp","href":"https:\/\/api.w.org\/{rel}","templated":true}]}}